{"id":32958,"date":"2022-03-02T14:20:29","date_gmt":"2022-03-02T12:20:29","guid":{"rendered":"https:\/\/ddt.lv\/lv\/product\/multimetrs-digitals-spailu-400a-4v-600v-emos\/"},"modified":"2026-04-22T08:46:48","modified_gmt":"2026-04-22T05:46:48","slug":"multimetrs-digitals-spailu-400a-4v-600v-emos","status":"publish","type":"product","link":"https:\/\/ddt.lv\/lv\/product\/multimetrs-digitals-spailu-400a-4v-600v-emos\/","title":{"rendered":"Multimetrs digit\u0101ls spai\u013cu 400A 4V-600V EMOS"},"content":{"rendered":"<p>diapazona izv\u0113le autom\u0101tiski.<br \/>\nMai\u0146str\u0101vas spriegums 4-600 V.<br \/>\nMai\u0146str\u0101va 400 A.<br \/>\nL\u012bdzstr\u0101vas spriegums 400 mV &#8211; 600 V.<br \/>\nL\u012bdzstr\u0101va 400 A.<br \/>\nelektrisk\u0101 pretest\u012bba 400 Ohm &#8211; 40 MOhm.<br \/>\n\u0137\u0113des nep\u0101rtraukt\u012bba .<br \/>\ndiodes p\u0101rbaude .<br \/>\ntemperat\u016bras m\u0113r\u012b\u0161ana -20 \u00b0 C l\u012bdz +1000 \u00b0 C.<br \/>\nizm\u0113r\u012bt\u0101s v\u0113rt\u012bbas ieraksts .<br \/>\nautom\u0101tiska izsl\u0113g\u0161an\u0101s .<br \/>\ndisplejs 3 3\/4 ciparu.<br \/>\nzema akumulatora indikators .<br \/>\nizm\u0113rs 38 \u00d7 71 \u00d7 194 mm.<br \/>\nspailes multimetrs.<br \/>\nbaro\u0161anas avots 2 \u00d7 1,5 V AAA (iek\u013cauts).<\/p>\n<p><\/p>","protected":false},"excerpt":{"rendered":"<p>diapazona izv\u0113le autom\u0101tiski. Mai\u0146str\u0101vas spriegums 4-600 V. Mai\u0146str\u0101va 400 A. L\u012bdzstr\u0101vas spriegums 400 mV &#8211; 600 V. L\u012bdzstr\u0101va 400 A. elektrisk\u0101 pretest\u012bba 400 Ohm &#8211; 40 MOhm. \u0137\u0113des nep\u0101rtraukt\u012bba . diodes p\u0101rbaude . temperat\u016bras m\u0113r\u012b\u0161ana -20 \u00b0 C l\u012bdz +1000 \u00b0 C. izm\u0113r\u012bt\u0101s v\u0113rt\u012bbas ieraksts . autom\u0101tiska izsl\u0113g\u0161an\u0101s . displejs 3 3\/4 ciparu. zema akumulatora [&hellip;]<\/p>\n","protected":false},"featured_media":32973,"comment_status":"closed","ping_status":"closed","template":"","meta":{"inline_featured_image":false},"product_cat":[1504],"product_tag":[],"yst_prominent_words":[],"class_list":{"0":"post-32958","1":"product","2":"type-product","3":"status-publish","4":"has-post-thumbnail","6":"product_cat-multimetri-un-testeri-merinstrumenti","8":"first","9":"outofstock","10":"taxable","11":"shipping-taxable","12":"purchasable","13":"product-type-simple"},"jetpack_sharing_enabled":true,"_links":{"self":[{"href":"https:\/\/ddt.lv\/lv\/wp-json\/wp\/v2\/product\/32958"}],"collection":[{"href":"https:\/\/ddt.lv\/lv\/wp-json\/wp\/v2\/product"}],"about":[{"href":"https:\/\/ddt.lv\/lv\/wp-json\/wp\/v2\/types\/product"}],"replies":[{"embeddable":true,"href":"https:\/\/ddt.lv\/lv\/wp-json\/wp\/v2\/comments?post=32958"}],"wp:featuredmedia":[{"embeddable":true,"href":"https:\/\/ddt.lv\/lv\/wp-json\/wp\/v2\/media\/32973"}],"wp:attachment":[{"href":"https:\/\/ddt.lv\/lv\/wp-json\/wp\/v2\/media?parent=32958"}],"wp:term":[{"taxonomy":"product_cat","embeddable":true,"href":"https:\/\/ddt.lv\/lv\/wp-json\/wp\/v2\/product_cat?post=32958"},{"taxonomy":"product_tag","embeddable":true,"href":"https:\/\/ddt.lv\/lv\/wp-json\/wp\/v2\/product_tag?post=32958"},{"taxonomy":"yst_prominent_words","embeddable":true,"href":"https:\/\/ddt.lv\/lv\/wp-json\/wp\/v2\/yst_prominent_words?post=32958"}],"curies":[{"name":"wp","href":"https:\/\/api.w.org\/{rel}","templated":true}]}}