{"id":32957,"date":"2022-03-02T14:20:28","date_gmt":"2022-03-02T12:20:28","guid":{"rendered":"https:\/\/ddt.lv\/lv\/product\/infrasarkanais-digitalais-bezkontakta-termometrs-emos\/"},"modified":"2026-04-06T11:01:59","modified_gmt":"2026-04-06T08:01:59","slug":"infrasarkanais-digitalais-bezkontakta-termometrs-emos","status":"publish","type":"product","link":"https:\/\/ddt.lv\/lv\/product\/infrasarkanais-digitalais-bezkontakta-termometrs-emos\/","title":{"rendered":"Infrasarkanais digit\u0101lais bezkontakta termometrs EMOS"},"content":{"rendered":"<p>Infrasarkanais termometrs ir piem\u0113rots m\u0113r\u012bjumiem gr\u016bti aizsniedzam\u0101s viet\u0101s, ar kust\u012bgiem objektiem vai tad, ja m\u0113r\u012b\u0161anas objekts nav boj\u0101ts ar m\u0113r\u012bjumu. Termometrs uztver termisko starojumu spektra infrasarkanaj\u0101 re\u0123ion\u0101 un p\u0101rv\u0113r\u0161 to termisk\u0101 v\u0113rt\u012bb\u0101. Tas ir apr\u012bkots ar l\u0101zera t\u0113m\u0113\u0161anas staru, kas tiek izmantots, lai prec\u012bzi m\u0113r\u0137\u0113tu izm\u0113r\u012bto punktu.<br \/>\n\u0160is produkts nav piem\u0113rots \u0137erme\u0146a temperat\u016bras vai drud\u017ea m\u0113r\u012b\u0161anai!<\/p>\n<p>m\u0113rvien\u012bbas \u00b0 C \/ \u00b0 F.<br \/>\ntemperat\u016bras m\u0113r\u012b\u0161anas funkcija.<br \/>\ndisplejs ar aizmugurgaismojumu .<br \/>\nautom\u0101tiska izsl\u0113g\u0161an\u0101s p\u0113c 20 sekund\u0113m.<br \/>\nm\u0113r\u012bjumu precizit\u0101te +\/- 1,5%.<br \/>\nizm\u0113rs 40 \u00d7 100 \u00d7 160 mm.<br \/>\nbaro\u0161anas avots 1 \u00d7 9 V.<\/p>\n<p><\/p>","protected":false},"excerpt":{"rendered":"<p>Infrasarkanais termometrs ir piem\u0113rots m\u0113r\u012bjumiem gr\u016bti aizsniedzam\u0101s viet\u0101s, ar kust\u012bgiem objektiem vai tad, ja m\u0113r\u012b\u0161anas objekts nav boj\u0101ts ar m\u0113r\u012bjumu. Termometrs uztver termisko starojumu spektra infrasarkanaj\u0101 re\u0123ion\u0101 un p\u0101rv\u0113r\u0161 to termisk\u0101 v\u0113rt\u012bb\u0101. Tas ir apr\u012bkots ar l\u0101zera t\u0113m\u0113\u0161anas staru, kas tiek izmantots, lai prec\u012bzi m\u0113r\u0137\u0113tu izm\u0113r\u012bto punktu. \u0160is produkts nav piem\u0113rots \u0137erme\u0146a temperat\u016bras vai drud\u017ea [&hellip;]<\/p>\n","protected":false},"featured_media":32977,"comment_status":"closed","ping_status":"closed","template":"","meta":{"inline_featured_image":false},"product_cat":[541],"product_tag":[],"yst_prominent_words":[],"class_list":{"0":"post-32957","1":"product","2":"type-product","3":"status-publish","4":"has-post-thumbnail","6":"product_cat-termometri-meteostacijas","8":"first","9":"outofstock","10":"taxable","11":"shipping-taxable","12":"purchasable","13":"product-type-simple"},"jetpack_sharing_enabled":true,"_links":{"self":[{"href":"https:\/\/ddt.lv\/lv\/wp-json\/wp\/v2\/product\/32957"}],"collection":[{"href":"https:\/\/ddt.lv\/lv\/wp-json\/wp\/v2\/product"}],"about":[{"href":"https:\/\/ddt.lv\/lv\/wp-json\/wp\/v2\/types\/product"}],"replies":[{"embeddable":true,"href":"https:\/\/ddt.lv\/lv\/wp-json\/wp\/v2\/comments?post=32957"}],"wp:featuredmedia":[{"embeddable":true,"href":"https:\/\/ddt.lv\/lv\/wp-json\/wp\/v2\/media\/32977"}],"wp:attachment":[{"href":"https:\/\/ddt.lv\/lv\/wp-json\/wp\/v2\/media?parent=32957"}],"wp:term":[{"taxonomy":"product_cat","embeddable":true,"href":"https:\/\/ddt.lv\/lv\/wp-json\/wp\/v2\/product_cat?post=32957"},{"taxonomy":"product_tag","embeddable":true,"href":"https:\/\/ddt.lv\/lv\/wp-json\/wp\/v2\/product_tag?post=32957"},{"taxonomy":"yst_prominent_words","embeddable":true,"href":"https:\/\/ddt.lv\/lv\/wp-json\/wp\/v2\/yst_prominent_words?post=32957"}],"curies":[{"name":"wp","href":"https:\/\/api.w.org\/{rel}","templated":true}]}}