{"id":32956,"date":"2022-03-02T14:20:26","date_gmt":"2022-03-02T12:20:26","guid":{"rendered":"https:\/\/ddt.lv\/lv\/product\/sprieguma-testeris-6-690v-vt-710-emos\/"},"modified":"2026-04-06T11:01:59","modified_gmt":"2026-04-06T08:01:59","slug":"sprieguma-testeris-6-690v-vt-710-emos","status":"publish","type":"product","link":"https:\/\/ddt.lv\/lv\/product\/sprieguma-testeris-6-690v-vt-710-emos\/","title":{"rendered":"Sprieguma testeris 6-690V VT-710 EMOS"},"content":{"rendered":"<p>Testeris, kas paredz\u0113ts gan sprieguma \u0137\u0113\u017eu zemsprieguma da\u013c\u0101m, gan bezstr\u0101vas da\u013c\u0101m, nov\u0113rt\u0113s gan piln\u012bgi ies\u0101c\u0113ji, gan profesion\u0101\u013ci. Tas izce\u013cas ar vienk\u0101r\u0161u darb\u012bbu un maksim\u0101lu lietot\u0101ja komfortu. Pat piln\u012bgs lajs ar to var atrast pl\u012bsu\u0161o kabeli vai izm\u0113r\u012bt spriegumu vad\u012bt\u0101j\u0101.<br \/>\nMai\u0146str\u0101vas spriegums 6-690 V.<br \/>\npolarit\u0101tes noteik\u0161ana .<br \/>\noptisk\u0101 + akustisk\u0101 signaliz\u0101cija.<br \/>\nf\u0101zes un sec\u012bbas noteik\u0161ana .<br \/>\n\u0137\u0113des nep\u0101rtraukt\u012bbas m\u0113r\u012b\u0161ana .<br \/>\nbaro\u0161anas avots 2 \u00d7 1,5 V AAA (iek\u013cauts).<br \/>\nL\u012bdzstr\u0101vas spriegums 6-690 V.<br \/>\nfrekven\u010du diapazons 45-65 Hz.<br \/>\nL\u012bdzstr\u0101vas un mai\u0146str\u0101vas spriegums 6 V, 12 V, 24 V, 50 V, 120 V, 230 V, 400 V, 690 V.<\/p>\n<p><\/p>","protected":false},"excerpt":{"rendered":"<p>Testeris, kas paredz\u0113ts gan sprieguma \u0137\u0113\u017eu zemsprieguma da\u013c\u0101m, gan bezstr\u0101vas da\u013c\u0101m, nov\u0113rt\u0113s gan piln\u012bgi ies\u0101c\u0113ji, gan profesion\u0101\u013ci. Tas izce\u013cas ar vienk\u0101r\u0161u darb\u012bbu un maksim\u0101lu lietot\u0101ja komfortu. Pat piln\u012bgs lajs ar to var atrast pl\u012bsu\u0161o kabeli vai izm\u0113r\u012bt spriegumu vad\u012bt\u0101j\u0101. Mai\u0146str\u0101vas spriegums 6-690 V. polarit\u0101tes noteik\u0161ana . optisk\u0101 + akustisk\u0101 signaliz\u0101cija. f\u0101zes un sec\u012bbas noteik\u0161ana . [&hellip;]<\/p>\n","protected":false},"featured_media":32982,"comment_status":"closed","ping_status":"closed","template":"","meta":{"inline_featured_image":false},"product_cat":[1504],"product_tag":[],"yst_prominent_words":[],"class_list":{"0":"post-32956","1":"product","2":"type-product","3":"status-publish","4":"has-post-thumbnail","6":"product_cat-multimetri-un-testeri-merinstrumenti","8":"first","9":"outofstock","10":"taxable","11":"shipping-taxable","12":"purchasable","13":"product-type-simple"},"jetpack_sharing_enabled":true,"_links":{"self":[{"href":"https:\/\/ddt.lv\/lv\/wp-json\/wp\/v2\/product\/32956"}],"collection":[{"href":"https:\/\/ddt.lv\/lv\/wp-json\/wp\/v2\/product"}],"about":[{"href":"https:\/\/ddt.lv\/lv\/wp-json\/wp\/v2\/types\/product"}],"replies":[{"embeddable":true,"href":"https:\/\/ddt.lv\/lv\/wp-json\/wp\/v2\/comments?post=32956"}],"wp:featuredmedia":[{"embeddable":true,"href":"https:\/\/ddt.lv\/lv\/wp-json\/wp\/v2\/media\/32982"}],"wp:attachment":[{"href":"https:\/\/ddt.lv\/lv\/wp-json\/wp\/v2\/media?parent=32956"}],"wp:term":[{"taxonomy":"product_cat","embeddable":true,"href":"https:\/\/ddt.lv\/lv\/wp-json\/wp\/v2\/product_cat?post=32956"},{"taxonomy":"product_tag","embeddable":true,"href":"https:\/\/ddt.lv\/lv\/wp-json\/wp\/v2\/product_tag?post=32956"},{"taxonomy":"yst_prominent_words","embeddable":true,"href":"https:\/\/ddt.lv\/lv\/wp-json\/wp\/v2\/yst_prominent_words?post=32956"}],"curies":[{"name":"wp","href":"https:\/\/api.w.org\/{rel}","templated":true}]}}