{"id":32955,"date":"2022-03-02T14:20:25","date_gmt":"2022-03-02T12:20:25","guid":{"rendered":"https:\/\/ddt.lv\/lv\/product\/sprieguma-testeris-12-690v-emos-2\/"},"modified":"2026-04-06T11:01:59","modified_gmt":"2026-04-06T08:01:59","slug":"sprieguma-testeris-12-690v-emos-2","status":"publish","type":"product","link":"https:\/\/ddt.lv\/lv\/product\/sprieguma-testeris-12-690v-emos-2\/","title":{"rendered":"Sprieguma testeris 12-690V EMOS"},"content":{"rendered":"<p>Testeris piem\u0113rots dz\u012bv\u0101m un nedz\u012bv\u0101m \u0137\u0113des da\u013c\u0101m, k\u0101 sprieguma kl\u0101tb\u016btnes detektors.<br \/>\nMai\u0146str\u0101vas spriegums 12-690 V.<br \/>\npolarit\u0101tes noteik\u0161ana .<br \/>\noptisk\u0101 + akustisk\u0101 signaliz\u0101cija.<br \/>\nf\u0101zes un sec\u012bbas noteik\u0161ana .<br \/>\n\u0137\u0113des nep\u0101rtraukt\u012bbas m\u0113r\u012b\u0161ana .<br \/>\n9 V baro\u0161anas avots (iek\u013cauts).<br \/>\nL\u012bdzstr\u0101vas spriegums 12\u2013690 V.<br \/>\nfrekven\u010du diapazons 0\u201360 Hz.<br \/>\nL\u012bdzstr\u0101vas un mai\u0146str\u0101vas spriegums 12 V, 24 V, 50 V, 120 V, 230 V, 400 V, 690 V.<\/p>\n<p><\/p>","protected":false},"excerpt":{"rendered":"<p>Testeris piem\u0113rots dz\u012bv\u0101m un nedz\u012bv\u0101m \u0137\u0113des da\u013c\u0101m, k\u0101 sprieguma kl\u0101tb\u016btnes detektors. Mai\u0146str\u0101vas spriegums 12-690 V. polarit\u0101tes noteik\u0161ana . optisk\u0101 + akustisk\u0101 signaliz\u0101cija. f\u0101zes un sec\u012bbas noteik\u0161ana . \u0137\u0113des nep\u0101rtraukt\u012bbas m\u0113r\u012b\u0161ana . 9 V baro\u0161anas avots (iek\u013cauts). L\u012bdzstr\u0101vas spriegums 12\u2013690 V. frekven\u010du diapazons 0\u201360 Hz. L\u012bdzstr\u0101vas un mai\u0146str\u0101vas spriegums 12 V, 24 V, 50 V, 120 [&hellip;]<\/p>\n","protected":false},"featured_media":32985,"comment_status":"closed","ping_status":"closed","template":"","meta":{"inline_featured_image":false},"product_cat":[1504],"product_tag":[],"yst_prominent_words":[],"class_list":{"0":"post-32955","1":"product","2":"type-product","3":"status-publish","4":"has-post-thumbnail","6":"product_cat-multimetri-un-testeri-merinstrumenti","8":"first","9":"instock","10":"taxable","11":"shipping-taxable","12":"purchasable","13":"product-type-simple"},"jetpack_sharing_enabled":true,"_links":{"self":[{"href":"https:\/\/ddt.lv\/lv\/wp-json\/wp\/v2\/product\/32955"}],"collection":[{"href":"https:\/\/ddt.lv\/lv\/wp-json\/wp\/v2\/product"}],"about":[{"href":"https:\/\/ddt.lv\/lv\/wp-json\/wp\/v2\/types\/product"}],"replies":[{"embeddable":true,"href":"https:\/\/ddt.lv\/lv\/wp-json\/wp\/v2\/comments?post=32955"}],"wp:featuredmedia":[{"embeddable":true,"href":"https:\/\/ddt.lv\/lv\/wp-json\/wp\/v2\/media\/32985"}],"wp:attachment":[{"href":"https:\/\/ddt.lv\/lv\/wp-json\/wp\/v2\/media?parent=32955"}],"wp:term":[{"taxonomy":"product_cat","embeddable":true,"href":"https:\/\/ddt.lv\/lv\/wp-json\/wp\/v2\/product_cat?post=32955"},{"taxonomy":"product_tag","embeddable":true,"href":"https:\/\/ddt.lv\/lv\/wp-json\/wp\/v2\/product_tag?post=32955"},{"taxonomy":"yst_prominent_words","embeddable":true,"href":"https:\/\/ddt.lv\/lv\/wp-json\/wp\/v2\/yst_prominent_words?post=32955"}],"curies":[{"name":"wp","href":"https:\/\/api.w.org\/{rel}","templated":true}]}}