{"id":32954,"date":"2022-03-02T14:20:20","date_gmt":"2022-03-02T12:20:20","guid":{"rendered":"https:\/\/ddt.lv\/lv\/product\/led-gaismeklis-15w-1250lm-4k-ip54-220mm-120-apals-balts-emos\/"},"modified":"2026-04-08T14:41:41","modified_gmt":"2026-04-08T11:41:41","slug":"led-gaismeklis-15w-1250lm-4k-ip54-220mm-120-apals-balts-emos","status":"publish","type":"product","link":"https:\/\/ddt.lv\/lv\/product\/led-gaismeklis-15w-1250lm-4k-ip54-220mm-120-apals-balts-emos\/","title":{"rendered":"LED gaismeklis 15W 1250lm 4K IP54 220mm 120\u00b0 apa\u013c\u0161 balts EMOS"},"content":{"rendered":"<p>ap\u013ca forma.<br \/>\nvirszemes gaismek\u013ca tips.<br \/>\ngaismas kr\u0101sa neitr\u0101la balta.<br \/>\nener\u0123ijas pat\u0113ri\u0146\u0161 15 W.<br \/>\nIP54 aizsardz\u012bba.<br \/>\nkorpusa kr\u0101sa balta.<br \/>\ngaismas pl\u016bsma 1250 lm.<br \/>\n80 W spuldzes nomai\u0146a.<br \/>\nhromatisk\u0101 temperat\u016bra 4 000 K.<br \/>\nTORI s\u0113rija.<br \/>\nspriegums 220-240 V.<br \/>\nstara le\u0146\u0137is 120\u00b0.<br \/>\nkorpusa materi\u0101ls plastmasa (PC).<br \/>\nkalpo\u0161anas laiks 30 000 stundas.<br \/>\nkr\u0101su render\u0113\u0161anas indekss (CRI) Ra&gt; 80.<br \/>\ndifuzora materi\u0101ls plastmasa (PC).<br \/>\nfrekvence 50\/60 Hz.<br \/>\nstr\u0101va 200 mA.<br \/>\npiena difuzora veids.<br \/>\nizm\u0113rs diametrs 220 \u00d7 53 mm.<\/p>","protected":false},"excerpt":{"rendered":"<p>ap\u013ca forma. virszemes gaismek\u013ca tips. gaismas kr\u0101sa neitr\u0101la balta. ener\u0123ijas pat\u0113ri\u0146\u0161 15 W. IP54 aizsardz\u012bba. korpusa kr\u0101sa balta. gaismas pl\u016bsma 1250 lm. 80 W spuldzes nomai\u0146a. hromatisk\u0101 temperat\u016bra 4 000 K. TORI s\u0113rija. spriegums 220-240 V. stara le\u0146\u0137is 120\u00b0. korpusa materi\u0101ls plastmasa (PC). kalpo\u0161anas laiks 30 000 stundas. kr\u0101su render\u0113\u0161anas indekss (CRI) Ra&gt; 80. difuzora [&hellip;]<\/p>\n","protected":false},"featured_media":32988,"comment_status":"closed","ping_status":"closed","template":"","meta":{"inline_featured_image":false},"product_cat":[902],"product_tag":[],"yst_prominent_words":[],"class_list":{"0":"post-32954","1":"product","2":"type-product","3":"status-publish","4":"has-post-thumbnail","6":"product_cat-led-plafona-tipa-gaismekli","8":"first","9":"outofstock","10":"taxable","11":"shipping-taxable","12":"purchasable","13":"product-type-simple"},"jetpack_sharing_enabled":true,"_links":{"self":[{"href":"https:\/\/ddt.lv\/lv\/wp-json\/wp\/v2\/product\/32954"}],"collection":[{"href":"https:\/\/ddt.lv\/lv\/wp-json\/wp\/v2\/product"}],"about":[{"href":"https:\/\/ddt.lv\/lv\/wp-json\/wp\/v2\/types\/product"}],"replies":[{"embeddable":true,"href":"https:\/\/ddt.lv\/lv\/wp-json\/wp\/v2\/comments?post=32954"}],"wp:featuredmedia":[{"embeddable":true,"href":"https:\/\/ddt.lv\/lv\/wp-json\/wp\/v2\/media\/32988"}],"wp:attachment":[{"href":"https:\/\/ddt.lv\/lv\/wp-json\/wp\/v2\/media?parent=32954"}],"wp:term":[{"taxonomy":"product_cat","embeddable":true,"href":"https:\/\/ddt.lv\/lv\/wp-json\/wp\/v2\/product_cat?post=32954"},{"taxonomy":"product_tag","embeddable":true,"href":"https:\/\/ddt.lv\/lv\/wp-json\/wp\/v2\/product_tag?post=32954"},{"taxonomy":"yst_prominent_words","embeddable":true,"href":"https:\/\/ddt.lv\/lv\/wp-json\/wp\/v2\/yst_prominent_words?post=32954"}],"curies":[{"name":"wp","href":"https:\/\/api.w.org\/{rel}","templated":true}]}}