{"id":32953,"date":"2022-03-02T14:20:19","date_gmt":"2022-03-02T12:20:19","guid":{"rendered":"https:\/\/ddt.lv\/lv\/product\/led-prozektors-parnesajams-smd-21w-ip44-1900lm-110-4000k-emos\/"},"modified":"2026-04-01T00:21:59","modified_gmt":"2026-03-31T21:21:59","slug":"led-prozektors-parnesajams-smd-21w-ip44-1900lm-110-4000k-emos","status":"publish","type":"product","link":"https:\/\/ddt.lv\/lv\/product\/led-prozektors-parnesajams-smd-21w-ip44-1900lm-110-4000k-emos\/","title":{"rendered":"LED pro\u017eektors p\u0101rn\u0113s\u0101jams SMD 21W IP44 1900lm 110&#8242; 4000K EMOS"},"content":{"rendered":"<p>elektroener\u0123ijas pat\u0113ri\u0146\u0161 21 W.<br \/>\nIP44 aizsardz\u012bba.<br \/>\ngaismas pl\u016bsma 1900 lm.<br \/>\nhromatisk\u0101 temperat\u016bra 4 000 K.<br \/>\ngaismas kr\u0101sa neitr\u0101la balta.<br \/>\nkr\u0101su render\u0113\u0161anas indekss (CRI) Ra&gt; 80.<br \/>\ndarba temperat\u016bras diapazons -20\u00b0C l\u012bdz +40\u00b0C.<br \/>\nkalpo\u0161anas laiks 25 000 stundas.<br \/>\nkr\u0101sa melna\/dzeltena.<br \/>\nspriegums 220-240 V ~.<br \/>\nstr\u0101vas kabe\u013ca garums 1,5 m.<br \/>\ndifuzora materi\u0101ls plastmasa (PC).<br \/>\nstr\u0101vas kabe\u013ca tips H07RN-F.<br \/>\nkorpusa materi\u0101ls alum\u012bnijs.<br \/>\nfrekvence 50\/60 Hz.<br \/>\npieg\u0101des kabe\u013ca materi\u0101ls gumija.<br \/>\nstr\u0101va 90 mA.<br \/>\nstara le\u0146\u0137is 110\u00b0.<br \/>\nizm\u0113rs 215 \u00d7 185 \u00d7 250 mm.<\/p>","protected":false},"excerpt":{"rendered":"<p>elektroener\u0123ijas pat\u0113ri\u0146\u0161 21 W. IP44 aizsardz\u012bba. gaismas pl\u016bsma 1900 lm. hromatisk\u0101 temperat\u016bra 4 000 K. gaismas kr\u0101sa neitr\u0101la balta. kr\u0101su render\u0113\u0161anas indekss (CRI) Ra&gt; 80. darba temperat\u016bras diapazons -20\u00b0C l\u012bdz +40\u00b0C. kalpo\u0161anas laiks 25 000 stundas. kr\u0101sa melna\/dzeltena. spriegums 220-240 V ~. str\u0101vas kabe\u013ca garums 1,5 m. difuzora materi\u0101ls plastmasa (PC). str\u0101vas kabe\u013ca tips H07RN-F. [&hellip;]<\/p>\n","protected":false},"featured_media":32992,"comment_status":"closed","ping_status":"closed","template":"","meta":{"inline_featured_image":false},"product_cat":[908],"product_tag":[],"yst_prominent_words":[],"class_list":{"0":"post-32953","1":"product","2":"type-product","3":"status-publish","4":"has-post-thumbnail","6":"product_cat-led-prozektori","8":"first","9":"outofstock","10":"taxable","11":"shipping-taxable","12":"purchasable","13":"product-type-simple"},"jetpack_sharing_enabled":true,"_links":{"self":[{"href":"https:\/\/ddt.lv\/lv\/wp-json\/wp\/v2\/product\/32953"}],"collection":[{"href":"https:\/\/ddt.lv\/lv\/wp-json\/wp\/v2\/product"}],"about":[{"href":"https:\/\/ddt.lv\/lv\/wp-json\/wp\/v2\/types\/product"}],"replies":[{"embeddable":true,"href":"https:\/\/ddt.lv\/lv\/wp-json\/wp\/v2\/comments?post=32953"}],"wp:featuredmedia":[{"embeddable":true,"href":"https:\/\/ddt.lv\/lv\/wp-json\/wp\/v2\/media\/32992"}],"wp:attachment":[{"href":"https:\/\/ddt.lv\/lv\/wp-json\/wp\/v2\/media?parent=32953"}],"wp:term":[{"taxonomy":"product_cat","embeddable":true,"href":"https:\/\/ddt.lv\/lv\/wp-json\/wp\/v2\/product_cat?post=32953"},{"taxonomy":"product_tag","embeddable":true,"href":"https:\/\/ddt.lv\/lv\/wp-json\/wp\/v2\/product_tag?post=32953"},{"taxonomy":"yst_prominent_words","embeddable":true,"href":"https:\/\/ddt.lv\/lv\/wp-json\/wp\/v2\/yst_prominent_words?post=32953"}],"curies":[{"name":"wp","href":"https:\/\/api.w.org\/{rel}","templated":true}]}}