{"id":32949,"date":"2022-03-02T14:10:31","date_gmt":"2022-03-02T12:10:31","guid":{"rendered":"https:\/\/ddt.lv\/lv\/product\/pagarinatajs-6-3m-ar-zemejumu-schuko-balts-emos\/"},"modified":"2026-04-08T14:41:40","modified_gmt":"2026-04-08T11:41:40","slug":"pagarinatajs-6-3m-ar-zemejumu-schuko-balts-emos","status":"publish","type":"product","link":"https:\/\/ddt.lv\/lv\/product\/pagarinatajs-6-3m-ar-zemejumu-schuko-balts-emos\/","title":{"rendered":"Pagarin\u0101t\u0101js 6\/3m ar zem\u0113jumu SCHUKO balts EMOS"},"content":{"rendered":"<p> 6 vietas.<br \/>\n    ar b\u0113rnu dro\u0161\u012bbu.<br \/>\n    ar aizsargkontaktu.<br \/>\n    Kabe\u013ca garums: 3m<br \/>\n    Max: 10A.<br \/>\n    3x 1mm\u00b2.<br \/>\n    Kr\u0101sa balta.<br \/>\n    230V.<\/p>","protected":false},"excerpt":{"rendered":"<p>6 vietas. ar b\u0113rnu dro\u0161\u012bbu. ar aizsargkontaktu. Kabe\u013ca garums: 3m Max: 10A. 3x 1mm\u00b2. Kr\u0101sa balta. 230V.<\/p>\n","protected":false},"featured_media":33001,"comment_status":"closed","ping_status":"closed","template":"","meta":{"inline_featured_image":false},"product_cat":[746],"product_tag":[],"yst_prominent_words":[],"class_list":{"0":"post-32949","1":"product","2":"type-product","3":"status-publish","4":"has-post-thumbnail","6":"product_cat-pagarinataji-pagarinataji-un-sadalitaji","8":"first","9":"instock","10":"taxable","11":"shipping-taxable","12":"purchasable","13":"product-type-simple"},"jetpack_sharing_enabled":true,"_links":{"self":[{"href":"https:\/\/ddt.lv\/lv\/wp-json\/wp\/v2\/product\/32949"}],"collection":[{"href":"https:\/\/ddt.lv\/lv\/wp-json\/wp\/v2\/product"}],"about":[{"href":"https:\/\/ddt.lv\/lv\/wp-json\/wp\/v2\/types\/product"}],"replies":[{"embeddable":true,"href":"https:\/\/ddt.lv\/lv\/wp-json\/wp\/v2\/comments?post=32949"}],"wp:featuredmedia":[{"embeddable":true,"href":"https:\/\/ddt.lv\/lv\/wp-json\/wp\/v2\/media\/33001"}],"wp:attachment":[{"href":"https:\/\/ddt.lv\/lv\/wp-json\/wp\/v2\/media?parent=32949"}],"wp:term":[{"taxonomy":"product_cat","embeddable":true,"href":"https:\/\/ddt.lv\/lv\/wp-json\/wp\/v2\/product_cat?post=32949"},{"taxonomy":"product_tag","embeddable":true,"href":"https:\/\/ddt.lv\/lv\/wp-json\/wp\/v2\/product_tag?post=32949"},{"taxonomy":"yst_prominent_words","embeddable":true,"href":"https:\/\/ddt.lv\/lv\/wp-json\/wp\/v2\/yst_prominent_words?post=32949"}],"curies":[{"name":"wp","href":"https:\/\/api.w.org\/{rel}","templated":true}]}}