{"id":32948,"date":"2022-03-02T14:10:30","date_gmt":"2022-03-02T12:10:30","guid":{"rendered":"https:\/\/ddt.lv\/lv\/product\/led-ball-e14-4w-240v-330lm-4100k-spuldze-emos\/"},"modified":"2026-04-06T11:01:58","modified_gmt":"2026-04-06T08:01:58","slug":"led-ball-e14-4w-240v-330lm-4100k-spuldze-emos","status":"publish","type":"product","link":"https:\/\/ddt.lv\/lv\/product\/led-ball-e14-4w-240v-330lm-4100k-spuldze-emos\/","title":{"rendered":"LED BALL E14 4W 240V 330lm 4100K spuldze EMOS"},"content":{"rendered":"<p>E14.<br \/>\ngaismas kr\u0101sa neitr\u0101la balta.<br \/>\n32 W spuldzes nomai\u0146a.<br \/>\nener\u0123ijas pat\u0113ri\u0146\u0161 4,1 W.<br \/>\ngaismas pl\u016bsma 350 lm.<br \/>\nMini Globusa forma.<br \/>\nhromatisk\u0101 temperat\u016bra 4 000 K.<br \/>\nspriegums 230 V ~ \/ 50 Hz.<br \/>\nstara le\u0146\u0137is 270\u00b0.<br \/>\nkr\u0101su render\u0113\u0161anas indekss (CRI) 80.<br \/>\nener\u0123ijas klase (no 1.9.2021.) F.<br \/>\nkalpo\u0161anas laiks 30 000 stundas.<br \/>\np\u0101rsl\u0113g\u0161anas ciklu skaits 25 000.<\/p>","protected":false},"excerpt":{"rendered":"<p>E14. gaismas kr\u0101sa neitr\u0101la balta. 32 W spuldzes nomai\u0146a. ener\u0123ijas pat\u0113ri\u0146\u0161 4,1 W. gaismas pl\u016bsma 350 lm. Mini Globusa forma. hromatisk\u0101 temperat\u016bra 4 000 K. spriegums 230 V ~ \/ 50 Hz. stara le\u0146\u0137is 270\u00b0. kr\u0101su render\u0113\u0161anas indekss (CRI) 80. ener\u0123ijas klase (no 1.9.2021.) F. kalpo\u0161anas laiks 30 000 stundas. p\u0101rsl\u0113g\u0161anas ciklu skaits 25 000.<\/p>\n","protected":false},"featured_media":33006,"comment_status":"closed","ping_status":"closed","template":"","meta":{"inline_featured_image":false},"product_cat":[851],"product_tag":[],"yst_prominent_words":[],"class_list":{"0":"post-32948","1":"product","2":"type-product","3":"status-publish","4":"has-post-thumbnail","6":"product_cat-e14-spuldzes","8":"first","9":"instock","10":"taxable","11":"shipping-taxable","12":"purchasable","13":"product-type-simple"},"jetpack_sharing_enabled":true,"_links":{"self":[{"href":"https:\/\/ddt.lv\/lv\/wp-json\/wp\/v2\/product\/32948"}],"collection":[{"href":"https:\/\/ddt.lv\/lv\/wp-json\/wp\/v2\/product"}],"about":[{"href":"https:\/\/ddt.lv\/lv\/wp-json\/wp\/v2\/types\/product"}],"replies":[{"embeddable":true,"href":"https:\/\/ddt.lv\/lv\/wp-json\/wp\/v2\/comments?post=32948"}],"wp:featuredmedia":[{"embeddable":true,"href":"https:\/\/ddt.lv\/lv\/wp-json\/wp\/v2\/media\/33006"}],"wp:attachment":[{"href":"https:\/\/ddt.lv\/lv\/wp-json\/wp\/v2\/media?parent=32948"}],"wp:term":[{"taxonomy":"product_cat","embeddable":true,"href":"https:\/\/ddt.lv\/lv\/wp-json\/wp\/v2\/product_cat?post=32948"},{"taxonomy":"product_tag","embeddable":true,"href":"https:\/\/ddt.lv\/lv\/wp-json\/wp\/v2\/product_tag?post=32948"},{"taxonomy":"yst_prominent_words","embeddable":true,"href":"https:\/\/ddt.lv\/lv\/wp-json\/wp\/v2\/yst_prominent_words?post=32948"}],"curies":[{"name":"wp","href":"https:\/\/api.w.org\/{rel}","templated":true}]}}