{"id":32947,"date":"2022-03-02T14:10:29","date_gmt":"2022-03-02T12:10:29","guid":{"rendered":"https:\/\/ddt.lv\/lv\/product\/lukturis-uzladejams-led-750lm-plastmasas-usb-un-auto-ladetajs-emos\/"},"modified":"2026-04-06T11:01:57","modified_gmt":"2026-04-06T08:01:57","slug":"lukturis-uzladejams-led-750lm-plastmasas-usb-un-auto-ladetajs-emos","status":"publish","type":"product","link":"https:\/\/ddt.lv\/lv\/product\/lukturis-uzladejams-led-750lm-plastmasas-usb-un-auto-ladetajs-emos\/","title":{"rendered":"Lukturis uzl\u0101d\u0113jams LED 750lm plastmasas+USB un Auto l\u0101d\u0113t\u0101js EMOS"},"content":{"rendered":"<p>Li-Ion akumulatoru komplekts.<br \/>\nmaksim\u0101l\u0101 gaismas pl\u016bsma 750 lm.<br \/>\nmaksim\u0101lais p\u0113csp\u012bdums 470 m.<br \/>\nmateri\u0101ls ABS plastmasa.<br \/>\napgaismojuma laiks 15-30 h.<br \/>\napgaismojuma laika deta\u013ca LED 50% &#8211; 30 h, LED 100% &#8211; 15 h.<br \/>\nuzl\u0101des laiks 6,5h.<br \/>\nkr\u0101sa pel\u0113ka-melna-za\u013ca.<br \/>\ngaismas pl\u016bsma LED 50% &#8211; 310 lm, LED 100% &#8211; 750 lm.<br \/>\np\u0113cgaismas LED 50% &#8211; 300 m, LED 100% &#8211; 470 m.<br \/>\nakumulatora tips 4000 mAh \/ 3,7 V.<br \/>\napgaismojuma re\u017e\u012bmu skaits 3.<br \/>\nB tipa mikro USB baro\u0161anas savienot\u0101js.<br \/>\nbaterijas iek\u013cautas .<br \/>\napgaismojuma re\u017e\u012bmi LED 50%, LED 100%, mirgo.<br \/>\nLED uzl\u0101des indikators .<br \/>\naksesu\u0101ri str\u0101vas adapteris, auto adapteris, plecu siksna<br \/>\n\u012bpa\u0161a funkcija akumulatora aizsardz\u012bbas funkcija, powerbank funkcija.<br \/>\nsvars 527 g.<br \/>\ngarantijas laiks 2 gadi.<br \/>\nizm\u0113rs 152 \u00d7 212 mm.<\/p>","protected":false},"excerpt":{"rendered":"<p>Li-Ion akumulatoru komplekts. maksim\u0101l\u0101 gaismas pl\u016bsma 750 lm. maksim\u0101lais p\u0113csp\u012bdums 470 m. materi\u0101ls ABS plastmasa. apgaismojuma laiks 15-30 h. apgaismojuma laika deta\u013ca LED 50% &#8211; 30 h, LED 100% &#8211; 15 h. uzl\u0101des laiks 6,5h. kr\u0101sa pel\u0113ka-melna-za\u013ca. gaismas pl\u016bsma LED 50% &#8211; 310 lm, LED 100% &#8211; 750 lm. p\u0113cgaismas LED 50% &#8211; 300 m, [&hellip;]<\/p>\n","protected":false},"featured_media":33008,"comment_status":"closed","ping_status":"closed","template":"","meta":{"inline_featured_image":false},"product_cat":[1594,772,726],"product_tag":[],"yst_prominent_words":[],"class_list":{"0":"post-32947","1":"product","2":"type-product","3":"status-publish","4":"has-post-thumbnail","6":"product_cat-lukturi-preces-aktivai-atputai","7":"product_cat-atlaides","8":"product_cat-kabatas","10":"first","11":"outofstock","12":"sale","13":"taxable","14":"shipping-taxable","15":"purchasable","16":"product-type-simple"},"jetpack_sharing_enabled":true,"_links":{"self":[{"href":"https:\/\/ddt.lv\/lv\/wp-json\/wp\/v2\/product\/32947"}],"collection":[{"href":"https:\/\/ddt.lv\/lv\/wp-json\/wp\/v2\/product"}],"about":[{"href":"https:\/\/ddt.lv\/lv\/wp-json\/wp\/v2\/types\/product"}],"replies":[{"embeddable":true,"href":"https:\/\/ddt.lv\/lv\/wp-json\/wp\/v2\/comments?post=32947"}],"wp:featuredmedia":[{"embeddable":true,"href":"https:\/\/ddt.lv\/lv\/wp-json\/wp\/v2\/media\/33008"}],"wp:attachment":[{"href":"https:\/\/ddt.lv\/lv\/wp-json\/wp\/v2\/media?parent=32947"}],"wp:term":[{"taxonomy":"product_cat","embeddable":true,"href":"https:\/\/ddt.lv\/lv\/wp-json\/wp\/v2\/product_cat?post=32947"},{"taxonomy":"product_tag","embeddable":true,"href":"https:\/\/ddt.lv\/lv\/wp-json\/wp\/v2\/product_tag?post=32947"},{"taxonomy":"yst_prominent_words","embeddable":true,"href":"https:\/\/ddt.lv\/lv\/wp-json\/wp\/v2\/yst_prominent_words?post=32947"}],"curies":[{"name":"wp","href":"https:\/\/api.w.org\/{rel}","templated":true}]}}