{"id":32945,"date":"2022-03-02T14:10:29","date_gmt":"2022-03-02T12:10:29","guid":{"rendered":"https:\/\/ddt.lv\/lv\/product\/akumulators-12v-40ah-m6-emos\/"},"modified":"2026-04-01T00:21:57","modified_gmt":"2026-03-31T21:21:57","slug":"akumulators-12v-40ah-m6-emos","status":"publish","type":"product","link":"https:\/\/ddt.lv\/lv\/product\/akumulators-12v-40ah-m6-emos\/","title":{"rendered":"Akumulators 12V 40Ah M6 EMOS"},"content":{"rendered":"<p>12 V.<br \/>\njauda 40 Ah.<br \/>\nbez apkopes .<br \/>\nmak\u0161\u0137ernieki &#8211; eholotes, hidrolokators, laivas baro\u0161ana .<br \/>\noptim\u0101lais kalpo\u0161anas laiks 5 gadi.<br \/>\nsvars 13,05 kg.<br \/>\nAGM tehnolo\u0123ija.<br \/>\ntermin\u0101lis T1 &#8211; M6<br \/>\nUPS (nep\u0101rtraukt\u0101s baro\u0161anas avoti) .<br \/>\nav\u0101rijas apgaismojums .<br \/>\nizm\u0113rs 196 \u00d7 166 \u00d7 175 mm.<\/p>","protected":false},"excerpt":{"rendered":"<p>12 V. jauda 40 Ah. bez apkopes . mak\u0161\u0137ernieki &#8211; eholotes, hidrolokators, laivas baro\u0161ana . optim\u0101lais kalpo\u0161anas laiks 5 gadi. svars 13,05 kg. AGM tehnolo\u0123ija. termin\u0101lis T1 &#8211; M6 UPS (nep\u0101rtraukt\u0101s baro\u0161anas avoti) . av\u0101rijas apgaismojums . izm\u0113rs 196 \u00d7 166 \u00d7 175 mm.<\/p>\n","protected":false},"featured_media":33012,"comment_status":"closed","ping_status":"closed","template":"","meta":{"inline_featured_image":false},"product_cat":[456],"product_tag":[],"yst_prominent_words":[],"class_list":{"0":"post-32945","1":"product","2":"type-product","3":"status-publish","4":"has-post-thumbnail","6":"product_cat-cf-akumulatori","8":"first","9":"instock","10":"taxable","11":"shipping-taxable","12":"purchasable","13":"product-type-simple"},"jetpack_sharing_enabled":true,"_links":{"self":[{"href":"https:\/\/ddt.lv\/lv\/wp-json\/wp\/v2\/product\/32945"}],"collection":[{"href":"https:\/\/ddt.lv\/lv\/wp-json\/wp\/v2\/product"}],"about":[{"href":"https:\/\/ddt.lv\/lv\/wp-json\/wp\/v2\/types\/product"}],"replies":[{"embeddable":true,"href":"https:\/\/ddt.lv\/lv\/wp-json\/wp\/v2\/comments?post=32945"}],"wp:featuredmedia":[{"embeddable":true,"href":"https:\/\/ddt.lv\/lv\/wp-json\/wp\/v2\/media\/33012"}],"wp:attachment":[{"href":"https:\/\/ddt.lv\/lv\/wp-json\/wp\/v2\/media?parent=32945"}],"wp:term":[{"taxonomy":"product_cat","embeddable":true,"href":"https:\/\/ddt.lv\/lv\/wp-json\/wp\/v2\/product_cat?post=32945"},{"taxonomy":"product_tag","embeddable":true,"href":"https:\/\/ddt.lv\/lv\/wp-json\/wp\/v2\/product_tag?post=32945"},{"taxonomy":"yst_prominent_words","embeddable":true,"href":"https:\/\/ddt.lv\/lv\/wp-json\/wp\/v2\/yst_prominent_words?post=32945"}],"curies":[{"name":"wp","href":"https:\/\/api.w.org\/{rel}","templated":true}]}}