{"id":32944,"date":"2022-03-02T14:10:28","date_gmt":"2022-03-02T12:10:28","guid":{"rendered":"https:\/\/ddt.lv\/lv\/product\/akumulators-12v-26ah-l2-emos\/"},"modified":"2026-04-13T10:01:43","modified_gmt":"2026-04-13T07:01:43","slug":"akumulators-12v-26ah-l2-emos","status":"publish","type":"product","link":"https:\/\/ddt.lv\/lv\/product\/akumulators-12v-26ah-l2-emos\/","title":{"rendered":"Akumulators 12V 26Ah L2 EMOS"},"content":{"rendered":"<p>12 V.<br \/>\njauda 26 Ah.<br \/>\nbez apkopes .<br \/>\nmak\u0161\u0137ernieki &#8211; eholotes, hidrolokators, laivas baro\u0161ana .<br \/>\noptim\u0101lais kalpo\u0161anas laiks 5 gadi.<br \/>\nsvars 8,05 kg.<br \/>\nAGM tehnolo\u0123ija.<br \/>\nEZS (elektronisk\u0101s dro\u0161\u012bbas sist\u0113mas) .<br \/>\nEPS (elektronisk\u0101s ugunsdz\u0113s\u012bbas sist\u0113mas) .<br \/>\nspaile 14 \u00d7 12 \u00d7 2 mm.<br \/>\nUPS (nep\u0101rtraukt\u0101s baro\u0161anas avoti) .<br \/>\nPb \u0137\u012bmiskais sast\u0101vs.<br \/>\nav\u0101rijas apgaismojums .<br \/>\nizm\u0113rs 175 \u00d7 165 \u00d7 125 mm.<\/p>\n<p><\/p>","protected":false},"excerpt":{"rendered":"<p>12 V. jauda 26 Ah. bez apkopes . mak\u0161\u0137ernieki &#8211; eholotes, hidrolokators, laivas baro\u0161ana . optim\u0101lais kalpo\u0161anas laiks 5 gadi. svars 8,05 kg. AGM tehnolo\u0123ija. EZS (elektronisk\u0101s dro\u0161\u012bbas sist\u0113mas) . EPS (elektronisk\u0101s ugunsdz\u0113s\u012bbas sist\u0113mas) . spaile 14 \u00d7 12 \u00d7 2 mm. UPS (nep\u0101rtraukt\u0101s baro\u0161anas avoti) . Pb \u0137\u012bmiskais sast\u0101vs. av\u0101rijas apgaismojums . izm\u0113rs 175 [&hellip;]<\/p>\n","protected":false},"featured_media":33019,"comment_status":"closed","ping_status":"closed","template":"","meta":{"inline_featured_image":false},"product_cat":[456],"product_tag":[],"yst_prominent_words":[],"class_list":{"0":"post-32944","1":"product","2":"type-product","3":"status-publish","4":"has-post-thumbnail","6":"product_cat-cf-akumulatori","8":"first","9":"outofstock","10":"taxable","11":"shipping-taxable","12":"purchasable","13":"product-type-simple"},"jetpack_sharing_enabled":true,"_links":{"self":[{"href":"https:\/\/ddt.lv\/lv\/wp-json\/wp\/v2\/product\/32944"}],"collection":[{"href":"https:\/\/ddt.lv\/lv\/wp-json\/wp\/v2\/product"}],"about":[{"href":"https:\/\/ddt.lv\/lv\/wp-json\/wp\/v2\/types\/product"}],"replies":[{"embeddable":true,"href":"https:\/\/ddt.lv\/lv\/wp-json\/wp\/v2\/comments?post=32944"}],"wp:featuredmedia":[{"embeddable":true,"href":"https:\/\/ddt.lv\/lv\/wp-json\/wp\/v2\/media\/33019"}],"wp:attachment":[{"href":"https:\/\/ddt.lv\/lv\/wp-json\/wp\/v2\/media?parent=32944"}],"wp:term":[{"taxonomy":"product_cat","embeddable":true,"href":"https:\/\/ddt.lv\/lv\/wp-json\/wp\/v2\/product_cat?post=32944"},{"taxonomy":"product_tag","embeddable":true,"href":"https:\/\/ddt.lv\/lv\/wp-json\/wp\/v2\/product_tag?post=32944"},{"taxonomy":"yst_prominent_words","embeddable":true,"href":"https:\/\/ddt.lv\/lv\/wp-json\/wp\/v2\/yst_prominent_words?post=32944"}],"curies":[{"name":"wp","href":"https:\/\/api.w.org\/{rel}","templated":true}]}}