{"id":32943,"date":"2022-03-02T14:10:28","date_gmt":"2022-03-02T12:10:28","guid":{"rendered":"https:\/\/ddt.lv\/lv\/product\/akumulators-12v-15ah-6-3mm-emos\/"},"modified":"2026-04-13T10:00:37","modified_gmt":"2026-04-13T07:00:37","slug":"akumulators-12v-15ah-6-3mm-emos","status":"publish","type":"product","link":"https:\/\/ddt.lv\/lv\/product\/akumulators-12v-15ah-6-3mm-emos\/","title":{"rendered":"Akumulators 12V 15Ah 6.3mm EMOS"},"content":{"rendered":"<p>12 V.<br \/>\njauda 15 Ah \/ 20 h (14 Ah \/ 10 h, 12 Ah \/ 2 h).<br \/>\nbez apkopes .<br \/>\nCiti parametri<br \/>\nrati\u0146i &#8211; piem\u0113ram, Peg-P\u00e9rego .<br \/>\nmak\u0161\u0137ernieki &#8211; eholotes, hidrolokators, laivas baro\u0161ana .<br \/>\noptim\u0101lais kalpo\u0161anas laiks 4 gadi cikliskai darb\u012bbai (apm\u0113ram 1200 cikli 30% D.O.D = izl\u0101des dzi\u013cums).<br \/>\nsvars 4,25 kg.<br \/>\nAGM tehnolo\u0123ija.<br \/>\nfaston spaile 6,3 mm.<br \/>\nPb \u0137\u012bmiskais sast\u0101vs.<br \/>\nizm\u0113rs 150 \u00d7 100 \u00d7 102 mm.<\/p>\n<p><\/p>","protected":false},"excerpt":{"rendered":"<p>12 V. jauda 15 Ah \/ 20 h (14 Ah \/ 10 h, 12 Ah \/ 2 h). bez apkopes . Citi parametri rati\u0146i &#8211; piem\u0113ram, Peg-P\u00e9rego . mak\u0161\u0137ernieki &#8211; eholotes, hidrolokators, laivas baro\u0161ana . optim\u0101lais kalpo\u0161anas laiks 4 gadi cikliskai darb\u012bbai (apm\u0113ram 1200 cikli 30% D.O.D = izl\u0101des dzi\u013cums). svars 4,25 kg. AGM tehnolo\u0123ija. [&hellip;]<\/p>\n","protected":false},"featured_media":33017,"comment_status":"closed","ping_status":"closed","template":"","meta":{"inline_featured_image":false},"product_cat":[456],"product_tag":[],"yst_prominent_words":[],"class_list":{"0":"post-32943","1":"product","2":"type-product","3":"status-publish","4":"has-post-thumbnail","6":"product_cat-cf-akumulatori","8":"first","9":"outofstock","10":"taxable","11":"shipping-taxable","12":"purchasable","13":"product-type-simple"},"jetpack_sharing_enabled":true,"_links":{"self":[{"href":"https:\/\/ddt.lv\/lv\/wp-json\/wp\/v2\/product\/32943"}],"collection":[{"href":"https:\/\/ddt.lv\/lv\/wp-json\/wp\/v2\/product"}],"about":[{"href":"https:\/\/ddt.lv\/lv\/wp-json\/wp\/v2\/types\/product"}],"replies":[{"embeddable":true,"href":"https:\/\/ddt.lv\/lv\/wp-json\/wp\/v2\/comments?post=32943"}],"wp:featuredmedia":[{"embeddable":true,"href":"https:\/\/ddt.lv\/lv\/wp-json\/wp\/v2\/media\/33017"}],"wp:attachment":[{"href":"https:\/\/ddt.lv\/lv\/wp-json\/wp\/v2\/media?parent=32943"}],"wp:term":[{"taxonomy":"product_cat","embeddable":true,"href":"https:\/\/ddt.lv\/lv\/wp-json\/wp\/v2\/product_cat?post=32943"},{"taxonomy":"product_tag","embeddable":true,"href":"https:\/\/ddt.lv\/lv\/wp-json\/wp\/v2\/product_tag?post=32943"},{"taxonomy":"yst_prominent_words","embeddable":true,"href":"https:\/\/ddt.lv\/lv\/wp-json\/wp\/v2\/yst_prominent_words?post=32943"}],"curies":[{"name":"wp","href":"https:\/\/api.w.org\/{rel}","templated":true}]}}