{"id":32942,"date":"2022-03-02T14:10:27","date_gmt":"2022-03-02T12:10:27","guid":{"rendered":"https:\/\/ddt.lv\/lv\/product\/led-gls-a60-e27-8-5w-240v-806lm-4000k-spuldze-emos\/"},"modified":"2026-04-08T14:40:34","modified_gmt":"2026-04-08T11:40:34","slug":"led-gls-a60-e27-8-5w-240v-806lm-4000k-spuldze-emos","status":"publish","type":"product","link":"https:\/\/ddt.lv\/lv\/product\/led-gls-a60-e27-8-5w-240v-806lm-4000k-spuldze-emos\/","title":{"rendered":"LED GLS A60 E27 8.5W 240V 806lm 4000K spuldze EMOS"},"content":{"rendered":"<p>Klasisk\u0101 spuldze ar E27 pamatni, gaismas kr\u0101sa neitr\u0101la balta 4100 K, jauda 9 W. To raksturo \u013coti zems ener\u0123ijas pat\u0113ri\u0146\u0161 un \u013coti ilgs m\u016b\u017es. Nomai\u0146a pret 60 W spuldzi.<\/p>","protected":false},"excerpt":{"rendered":"<p>Klasisk\u0101 spuldze ar E27 pamatni, gaismas kr\u0101sa neitr\u0101la balta 4100 K, jauda 9 W. To raksturo \u013coti zems ener\u0123ijas pat\u0113ri\u0146\u0161 un \u013coti ilgs m\u016b\u017es. Nomai\u0146a pret 60 W spuldzi.<\/p>\n","protected":false},"featured_media":33021,"comment_status":"closed","ping_status":"closed","template":"","meta":{"inline_featured_image":false},"product_cat":[850],"product_tag":[],"yst_prominent_words":[],"class_list":{"0":"post-32942","1":"product","2":"type-product","3":"status-publish","4":"has-post-thumbnail","6":"product_cat-e27-spuldzes","8":"first","9":"instock","10":"taxable","11":"shipping-taxable","12":"purchasable","13":"product-type-simple"},"jetpack_sharing_enabled":true,"_links":{"self":[{"href":"https:\/\/ddt.lv\/lv\/wp-json\/wp\/v2\/product\/32942"}],"collection":[{"href":"https:\/\/ddt.lv\/lv\/wp-json\/wp\/v2\/product"}],"about":[{"href":"https:\/\/ddt.lv\/lv\/wp-json\/wp\/v2\/types\/product"}],"replies":[{"embeddable":true,"href":"https:\/\/ddt.lv\/lv\/wp-json\/wp\/v2\/comments?post=32942"}],"wp:featuredmedia":[{"embeddable":true,"href":"https:\/\/ddt.lv\/lv\/wp-json\/wp\/v2\/media\/33021"}],"wp:attachment":[{"href":"https:\/\/ddt.lv\/lv\/wp-json\/wp\/v2\/media?parent=32942"}],"wp:term":[{"taxonomy":"product_cat","embeddable":true,"href":"https:\/\/ddt.lv\/lv\/wp-json\/wp\/v2\/product_cat?post=32942"},{"taxonomy":"product_tag","embeddable":true,"href":"https:\/\/ddt.lv\/lv\/wp-json\/wp\/v2\/product_tag?post=32942"},{"taxonomy":"yst_prominent_words","embeddable":true,"href":"https:\/\/ddt.lv\/lv\/wp-json\/wp\/v2\/yst_prominent_words?post=32942"}],"curies":[{"name":"wp","href":"https:\/\/api.w.org\/{rel}","templated":true}]}}