{"id":32941,"date":"2022-03-02T14:10:26","date_gmt":"2022-03-02T12:10:26","guid":{"rendered":"https:\/\/ddt.lv\/lv\/product\/led-gls-a60-e27-10-7w-240v-1060lm-6500k-spuldze-emos\/"},"modified":"2026-04-08T14:40:34","modified_gmt":"2026-04-08T11:40:34","slug":"led-gls-a60-e27-10-7w-240v-1060lm-6500k-spuldze-emos","status":"publish","type":"product","link":"https:\/\/ddt.lv\/lv\/product\/led-gls-a60-e27-10-7w-240v-1060lm-6500k-spuldze-emos\/","title":{"rendered":"LED GLS A60 E27 10.7W 240V 1060lm 6500K spuldze EMOS"},"content":{"rendered":"<p>E27.<br \/>\ngaismas kr\u0101sa auksti balta.<br \/>\n75 W spuldzes nomai\u0146a.<br \/>\nstr\u0101vas pat\u0113ri\u0146\u0161 10,7 W.<br \/>\ngaismas pl\u016bsma 1060 lm.<br \/>\nforma A60.<br \/>\nhromatiskuma temperat\u016bra 6 500 K.<br \/>\nspriegums 230 V ~ \/ 50 Hz.<br \/>\nstara le\u0146\u0137is 300\u00b0.<br \/>\nkr\u0101su render\u0113\u0161anas indekss (CRI) 80.<br \/>\nener\u0123ijas klase (no 1.9.2021.) F.<br \/>\nkalpo\u0161anas laiks 30 000 stundas.<br \/>\np\u0101rsl\u0113g\u0161anas ciklu skaits 25 000.<\/p>","protected":false},"excerpt":{"rendered":"<p>E27. gaismas kr\u0101sa auksti balta. 75 W spuldzes nomai\u0146a. str\u0101vas pat\u0113ri\u0146\u0161 10,7 W. gaismas pl\u016bsma 1060 lm. forma A60. hromatiskuma temperat\u016bra 6 500 K. spriegums 230 V ~ \/ 50 Hz. stara le\u0146\u0137is 300\u00b0. kr\u0101su render\u0113\u0161anas indekss (CRI) 80. ener\u0123ijas klase (no 1.9.2021.) F. kalpo\u0161anas laiks 30 000 stundas. p\u0101rsl\u0113g\u0161anas ciklu skaits 25 000.<\/p>\n","protected":false},"featured_media":33021,"comment_status":"closed","ping_status":"closed","template":"","meta":{"inline_featured_image":false},"product_cat":[850],"product_tag":[],"yst_prominent_words":[],"class_list":{"0":"post-32941","1":"product","2":"type-product","3":"status-publish","4":"has-post-thumbnail","6":"product_cat-e27-spuldzes","8":"first","9":"instock","10":"taxable","11":"shipping-taxable","12":"purchasable","13":"product-type-simple"},"jetpack_sharing_enabled":true,"_links":{"self":[{"href":"https:\/\/ddt.lv\/lv\/wp-json\/wp\/v2\/product\/32941"}],"collection":[{"href":"https:\/\/ddt.lv\/lv\/wp-json\/wp\/v2\/product"}],"about":[{"href":"https:\/\/ddt.lv\/lv\/wp-json\/wp\/v2\/types\/product"}],"replies":[{"embeddable":true,"href":"https:\/\/ddt.lv\/lv\/wp-json\/wp\/v2\/comments?post=32941"}],"wp:featuredmedia":[{"embeddable":true,"href":"https:\/\/ddt.lv\/lv\/wp-json\/wp\/v2\/media\/33021"}],"wp:attachment":[{"href":"https:\/\/ddt.lv\/lv\/wp-json\/wp\/v2\/media?parent=32941"}],"wp:term":[{"taxonomy":"product_cat","embeddable":true,"href":"https:\/\/ddt.lv\/lv\/wp-json\/wp\/v2\/product_cat?post=32941"},{"taxonomy":"product_tag","embeddable":true,"href":"https:\/\/ddt.lv\/lv\/wp-json\/wp\/v2\/product_tag?post=32941"},{"taxonomy":"yst_prominent_words","embeddable":true,"href":"https:\/\/ddt.lv\/lv\/wp-json\/wp\/v2\/yst_prominent_words?post=32941"}],"curies":[{"name":"wp","href":"https:\/\/api.w.org\/{rel}","templated":true}]}}