{"id":32940,"date":"2022-03-02T14:10:25","date_gmt":"2022-03-02T12:10:25","guid":{"rendered":"https:\/\/ddt.lv\/lv\/product\/akumulators-6v-12ah-stiprinajums-4-7mm-emos\/"},"modified":"2026-04-13T10:00:35","modified_gmt":"2026-04-13T07:00:35","slug":"akumulators-6v-12ah-stiprinajums-4-7mm-emos","status":"publish","type":"product","link":"https:\/\/ddt.lv\/lv\/product\/akumulators-6v-12ah-stiprinajums-4-7mm-emos\/","title":{"rendered":"Akumulators 6V 12Ah stiprin\u0101jums 4.7mm EMOS"},"content":{"rendered":"<p>6 V.<br \/>\njauda 12 Ah.<br \/>\nbez apkopes .<br \/>\nrati\u0146i &#8211; piem\u0113ram, Peg-P\u00e9rego .<br \/>\noptim\u0101lais kalpo\u0161anas laiks 5 gadi.<br \/>\nsvars 1,8 kg.<br \/>\nAGM tehnolo\u0123ija.<br \/>\nEZS (elektronisk\u0101s dro\u0161\u012bbas sist\u0113mas) .<br \/>\nEPS (elektronisk\u0101s ugunsdz\u0113s\u012bbas sist\u0113mas) .<br \/>\n4,7 mm stiprin\u0101juma spaile.<br \/>\nUPS (nep\u0101rtraukt\u0101s baro\u0161anas avoti).<br \/>\nPb \u0137\u012bmiskais sast\u0101vs.<br \/>\nizm\u0113rs 151 \u00d7 51 \u00d7 94 mm.<\/p>\n<p><\/p>","protected":false},"excerpt":{"rendered":"<p>6 V. jauda 12 Ah. bez apkopes . rati\u0146i &#8211; piem\u0113ram, Peg-P\u00e9rego . optim\u0101lais kalpo\u0161anas laiks 5 gadi. svars 1,8 kg. AGM tehnolo\u0123ija. EZS (elektronisk\u0101s dro\u0161\u012bbas sist\u0113mas) . EPS (elektronisk\u0101s ugunsdz\u0113s\u012bbas sist\u0113mas) . 4,7 mm stiprin\u0101juma spaile. UPS (nep\u0101rtraukt\u0101s baro\u0161anas avoti). Pb \u0137\u012bmiskais sast\u0101vs. izm\u0113rs 151 \u00d7 51 \u00d7 94 mm.<\/p>\n","protected":false},"featured_media":33023,"comment_status":"closed","ping_status":"closed","template":"","meta":{"inline_featured_image":false},"product_cat":[456],"product_tag":[],"yst_prominent_words":[],"class_list":{"0":"post-32940","1":"product","2":"type-product","3":"status-publish","4":"has-post-thumbnail","6":"product_cat-cf-akumulatori","8":"first","9":"instock","10":"taxable","11":"shipping-taxable","12":"purchasable","13":"product-type-simple"},"jetpack_sharing_enabled":true,"_links":{"self":[{"href":"https:\/\/ddt.lv\/lv\/wp-json\/wp\/v2\/product\/32940"}],"collection":[{"href":"https:\/\/ddt.lv\/lv\/wp-json\/wp\/v2\/product"}],"about":[{"href":"https:\/\/ddt.lv\/lv\/wp-json\/wp\/v2\/types\/product"}],"replies":[{"embeddable":true,"href":"https:\/\/ddt.lv\/lv\/wp-json\/wp\/v2\/comments?post=32940"}],"wp:featuredmedia":[{"embeddable":true,"href":"https:\/\/ddt.lv\/lv\/wp-json\/wp\/v2\/media\/33023"}],"wp:attachment":[{"href":"https:\/\/ddt.lv\/lv\/wp-json\/wp\/v2\/media?parent=32940"}],"wp:term":[{"taxonomy":"product_cat","embeddable":true,"href":"https:\/\/ddt.lv\/lv\/wp-json\/wp\/v2\/product_cat?post=32940"},{"taxonomy":"product_tag","embeddable":true,"href":"https:\/\/ddt.lv\/lv\/wp-json\/wp\/v2\/product_tag?post=32940"},{"taxonomy":"yst_prominent_words","embeddable":true,"href":"https:\/\/ddt.lv\/lv\/wp-json\/wp\/v2\/yst_prominent_words?post=32940"}],"curies":[{"name":"wp","href":"https:\/\/api.w.org\/{rel}","templated":true}]}}