{"id":32922,"date":"2022-03-01T13:30:22","date_gmt":"2022-03-01T11:30:22","guid":{"rendered":"https:\/\/ddt.lv\/lv\/product\/toledo-118mm-7-7w-r7s-850lm-240v-4000k-spuldze-sylvania\/"},"modified":"2026-04-08T14:40:34","modified_gmt":"2026-04-08T11:40:34","slug":"toledo-118mm-7-7w-r7s-850lm-240v-4000k-spuldze-sylvania","status":"publish","type":"product","link":"https:\/\/ddt.lv\/lv\/product\/toledo-118mm-7-7w-r7s-850lm-240v-4000k-spuldze-sylvania\/","title":{"rendered":"ToLEDo 118mm 7.7W R7s 850lm 240V 4000K spuldze Sylvania"},"content":{"rendered":"<p>ToLEDo R7s ir moderniz\u0113ts aizst\u0101j\u0113js tradicion\u0101laj\u0101m halog\u0113na divgalu line\u0101raj\u0101m R7s lamp\u0101m.<br \/>\nPl\u0101nais dizains un stikla konstrukcija nodro\u0161ina t\u0101du pa\u0161u izskatu un saj\u016btu k\u0101 tradicion\u0101lajai halog\u0113na R7s lampai.<br \/>\nDaudzvirzienu gaismas sadale.<br \/>\nAugsta l\u016bmena efektivit\u0101te.<br \/>\nLumena jauda: 850lm.<br \/>\n85% ener\u0123ijas ietaup\u012bjums.<br \/>\nGarums: 118mm.<br \/>\nNeaptum\u0161ojams.<br \/>\nVid\u0113jais nomin\u0101lais kalpo\u0161anas laiks 15 000 stundu.<br \/>\nIde\u0101li piem\u0113rots lieto\u0161anai m\u0101j\u0101s un komerci\u0101los nol\u016bkos.<\/p>","protected":false},"excerpt":{"rendered":"<p>ToLEDo R7s ir moderniz\u0113ts aizst\u0101j\u0113js tradicion\u0101laj\u0101m halog\u0113na divgalu line\u0101raj\u0101m R7s lamp\u0101m. Pl\u0101nais dizains un stikla konstrukcija nodro\u0161ina t\u0101du pa\u0161u izskatu un saj\u016btu k\u0101 tradicion\u0101lajai halog\u0113na R7s lampai. Daudzvirzienu gaismas sadale. Augsta l\u016bmena efektivit\u0101te. Lumena jauda: 850lm. 85% ener\u0123ijas ietaup\u012bjums. Garums: 118mm. Neaptum\u0161ojams. Vid\u0113jais nomin\u0101lais kalpo\u0161anas laiks 15 000 stundu. Ide\u0101li piem\u0113rots lieto\u0161anai m\u0101j\u0101s un komerci\u0101los [&hellip;]<\/p>\n","protected":false},"featured_media":32931,"comment_status":"closed","ping_status":"closed","template":"","meta":{"inline_featured_image":false},"product_cat":[772,1123],"product_tag":[],"yst_prominent_words":[],"class_list":{"0":"post-32922","1":"product","2":"type-product","3":"status-publish","4":"has-post-thumbnail","6":"product_cat-atlaides","7":"product_cat-r7s","9":"first","10":"instock","11":"sale","12":"taxable","13":"shipping-taxable","14":"purchasable","15":"product-type-simple"},"jetpack_sharing_enabled":true,"_links":{"self":[{"href":"https:\/\/ddt.lv\/lv\/wp-json\/wp\/v2\/product\/32922"}],"collection":[{"href":"https:\/\/ddt.lv\/lv\/wp-json\/wp\/v2\/product"}],"about":[{"href":"https:\/\/ddt.lv\/lv\/wp-json\/wp\/v2\/types\/product"}],"replies":[{"embeddable":true,"href":"https:\/\/ddt.lv\/lv\/wp-json\/wp\/v2\/comments?post=32922"}],"wp:featuredmedia":[{"embeddable":true,"href":"https:\/\/ddt.lv\/lv\/wp-json\/wp\/v2\/media\/32931"}],"wp:attachment":[{"href":"https:\/\/ddt.lv\/lv\/wp-json\/wp\/v2\/media?parent=32922"}],"wp:term":[{"taxonomy":"product_cat","embeddable":true,"href":"https:\/\/ddt.lv\/lv\/wp-json\/wp\/v2\/product_cat?post=32922"},{"taxonomy":"product_tag","embeddable":true,"href":"https:\/\/ddt.lv\/lv\/wp-json\/wp\/v2\/product_tag?post=32922"},{"taxonomy":"yst_prominent_words","embeddable":true,"href":"https:\/\/ddt.lv\/lv\/wp-json\/wp\/v2\/yst_prominent_words?post=32922"}],"curies":[{"name":"wp","href":"https:\/\/api.w.org\/{rel}","templated":true}]}}