{"id":32919,"date":"2022-03-01T13:30:20","date_gmt":"2022-03-01T11:30:20","guid":{"rendered":"https:\/\/ddt.lv\/lv\/product\/fs-22-starteris-4-22w-sylvania\/"},"modified":"2026-04-01T00:17:43","modified_gmt":"2026-03-31T21:17:43","slug":"fs-22-starteris-4-22w-sylvania","status":"publish","type":"product","link":"https:\/\/ddt.lv\/lv\/product\/fs-22-starteris-4-22w-sylvania\/","title":{"rendered":"FS-22 starteris (4-22W) Sylvania"},"content":{"rendered":"<p>- Uzticams un \u0101tri iedarbin\u0101ms, &#8211; Piem\u0113rots temperat\u016brai no -20 l\u012bdz +80 gr\u0101diem C, &#8211; Vienai un dubultai darb\u012bbai.<br \/>\nLampas jauda 4-22W.<br \/>\nNeatsl\u0113g\u0161an\u0101s spriegums 70V.<br \/>\nNomin\u0101lais l\u012bnijas spriegums vienreiz\u0113jai darb\u012bbai 110-130V.<br \/>\nNomin\u0101l\u0101 l\u012bnijas sprieguma tand\u0113ma darb\u012bba 220-240 V.<\/p>","protected":false},"excerpt":{"rendered":"<p>&#8211; Uzticams un \u0101tri iedarbin\u0101ms, &#8211; Piem\u0113rots temperat\u016brai no -20 l\u012bdz +80 gr\u0101diem C, &#8211; Vienai un dubultai darb\u012bbai. Lampas jauda 4-22W. Neatsl\u0113g\u0161an\u0101s spriegums 70V. Nomin\u0101lais l\u012bnijas spriegums vienreiz\u0113jai darb\u012bbai 110-130V. Nomin\u0101l\u0101 l\u012bnijas sprieguma tand\u0113ma darb\u012bba 220-240 V.<\/p>\n","protected":false},"featured_media":32937,"comment_status":"closed","ping_status":"closed","template":"","meta":{"inline_featured_image":false},"product_cat":[863],"product_tag":[],"yst_prominent_words":[],"class_list":{"0":"post-32919","1":"product","2":"type-product","3":"status-publish","4":"has-post-thumbnail","6":"product_cat-starteri-luminiscentas-spuldzes-spuldzes","8":"first","9":"outofstock","10":"taxable","11":"shipping-taxable","12":"purchasable","13":"product-type-simple"},"jetpack_sharing_enabled":true,"_links":{"self":[{"href":"https:\/\/ddt.lv\/lv\/wp-json\/wp\/v2\/product\/32919"}],"collection":[{"href":"https:\/\/ddt.lv\/lv\/wp-json\/wp\/v2\/product"}],"about":[{"href":"https:\/\/ddt.lv\/lv\/wp-json\/wp\/v2\/types\/product"}],"replies":[{"embeddable":true,"href":"https:\/\/ddt.lv\/lv\/wp-json\/wp\/v2\/comments?post=32919"}],"wp:featuredmedia":[{"embeddable":true,"href":"https:\/\/ddt.lv\/lv\/wp-json\/wp\/v2\/media\/32937"}],"wp:attachment":[{"href":"https:\/\/ddt.lv\/lv\/wp-json\/wp\/v2\/media?parent=32919"}],"wp:term":[{"taxonomy":"product_cat","embeddable":true,"href":"https:\/\/ddt.lv\/lv\/wp-json\/wp\/v2\/product_cat?post=32919"},{"taxonomy":"product_tag","embeddable":true,"href":"https:\/\/ddt.lv\/lv\/wp-json\/wp\/v2\/product_tag?post=32919"},{"taxonomy":"yst_prominent_words","embeddable":true,"href":"https:\/\/ddt.lv\/lv\/wp-json\/wp\/v2\/yst_prominent_words?post=32919"}],"curies":[{"name":"wp","href":"https:\/\/api.w.org\/{rel}","templated":true}]}}