{"id":32918,"date":"2022-03-01T13:30:19","date_gmt":"2022-03-01T11:30:19","guid":{"rendered":"https:\/\/ddt.lv\/lv\/product\/fs-11-starteris-4-65w-sylvania\/"},"modified":"2026-04-01T00:17:37","modified_gmt":"2026-03-31T21:17:37","slug":"fs-11-starteris-4-65w-sylvania","status":"publish","type":"product","link":"https:\/\/ddt.lv\/lv\/product\/fs-11-starteris-4-65w-sylvania\/","title":{"rendered":"FS-11 starteris (4-65W) Sylvania"},"content":{"rendered":"<p>Uzticams un \u0101tri iedarbin\u0101ms, &#8211; Piem\u0113rots temperat\u016brai no -20 l\u012bdz +80 gr\u0101diem C, &#8211; Vienas lampas darb\u012bbai.Lampas jauda 4-65W.<br \/>\nNeatsl\u0113g\u0161anas spriegums 140V.<br \/>\nNomin\u0101lais l\u012bnijas spriegums vienreiz\u0113jai darb\u012bbai 220-240V.<\/p>","protected":false},"excerpt":{"rendered":"<p>Uzticams un \u0101tri iedarbin\u0101ms, &#8211; Piem\u0113rots temperat\u016brai no -20 l\u012bdz +80 gr\u0101diem C, &#8211; Vienas lampas darb\u012bbai.Lampas jauda 4-65W. Neatsl\u0113g\u0161anas spriegums 140V. Nomin\u0101lais l\u012bnijas spriegums vienreiz\u0113jai darb\u012bbai 220-240V.<\/p>\n","protected":false},"featured_media":32938,"comment_status":"closed","ping_status":"closed","template":"","meta":{"inline_featured_image":false},"product_cat":[863],"product_tag":[],"yst_prominent_words":[],"class_list":{"0":"post-32918","1":"product","2":"type-product","3":"status-publish","4":"has-post-thumbnail","6":"product_cat-starteri-luminiscentas-spuldzes-spuldzes","8":"first","9":"instock","10":"taxable","11":"shipping-taxable","12":"purchasable","13":"product-type-simple"},"jetpack_sharing_enabled":true,"_links":{"self":[{"href":"https:\/\/ddt.lv\/lv\/wp-json\/wp\/v2\/product\/32918"}],"collection":[{"href":"https:\/\/ddt.lv\/lv\/wp-json\/wp\/v2\/product"}],"about":[{"href":"https:\/\/ddt.lv\/lv\/wp-json\/wp\/v2\/types\/product"}],"replies":[{"embeddable":true,"href":"https:\/\/ddt.lv\/lv\/wp-json\/wp\/v2\/comments?post=32918"}],"wp:featuredmedia":[{"embeddable":true,"href":"https:\/\/ddt.lv\/lv\/wp-json\/wp\/v2\/media\/32938"}],"wp:attachment":[{"href":"https:\/\/ddt.lv\/lv\/wp-json\/wp\/v2\/media?parent=32918"}],"wp:term":[{"taxonomy":"product_cat","embeddable":true,"href":"https:\/\/ddt.lv\/lv\/wp-json\/wp\/v2\/product_cat?post=32918"},{"taxonomy":"product_tag","embeddable":true,"href":"https:\/\/ddt.lv\/lv\/wp-json\/wp\/v2\/product_tag?post=32918"},{"taxonomy":"yst_prominent_words","embeddable":true,"href":"https:\/\/ddt.lv\/lv\/wp-json\/wp\/v2\/yst_prominent_words?post=32918"}],"curies":[{"name":"wp","href":"https:\/\/api.w.org\/{rel}","templated":true}]}}