{"id":32858,"date":"2022-02-23T14:40:38","date_gmt":"2022-02-23T12:40:38","guid":{"rendered":"https:\/\/ddt.lv\/lv\/product\/iebuvejams-led-gaismeklis-myrid-sq-10w-1165lm-48g-3k-dal-ip65-sylvania\/"},"modified":"2026-04-01T00:16:22","modified_gmt":"2026-03-31T21:16:22","slug":"iebuvejams-led-gaismeklis-myrid-sq-10w-1165lm-48g-3k-dal-ip65-sylvania","status":"publish","type":"product","link":"https:\/\/ddt.lv\/lv\/product\/iebuvejams-led-gaismeklis-myrid-sq-10w-1165lm-48g-3k-dal-ip65-sylvania\/","title":{"rendered":"Ieb\u016bv\u0113jams LED gaismeklis MYRID SQ 10W 1165lm 48g 3K DAL IP65 Sylvania"},"content":{"rendered":"<p>Tehnolo\u0123ija LED.<br \/>\nKorpuss Alum\u012bnijs.<br \/>\nUzst\u0101d\u012b\u0161ana pie griestiem.<br \/>\nVisp\u0101r\u0113js pielietojums viesm\u012bl\u012bbas, biroja, mazumtirdzniec\u012bbas, dz\u012bvojamo un pat\u0113r\u0113t\u0101ju.<br \/>\nArmat\u016bras gaismas pl\u016bsma (lm) 1165.<br \/>\nGaismek\u013cu efektivit\u0101te (lm\/W) 117.<br \/>\nLOR (%) 100.<br \/>\nKr\u0101su temperat\u016bra (K) 3000.<br \/>\nGaismas kr\u0101sa Silti balta<br \/>\nCRI (Ra) 90.<br \/>\nStara le\u0146\u0137is (\u00b0) 48.<br \/>\nKop\u0113jais ener\u0123ijas pat\u0113ri\u0146\u0161 (W) 10.<br \/>\nElektrisk\u0101s aizsardz\u012bbas klase II.<br \/>\nKorpusa kr\u0101sa Alum\u012bnijs.<br \/>\nIP v\u0113rt\u0113jums IP65\/20.<\/p>","protected":false},"excerpt":{"rendered":"<p>Tehnolo\u0123ija LED. Korpuss Alum\u012bnijs. Uzst\u0101d\u012b\u0161ana pie griestiem. Visp\u0101r\u0113js pielietojums viesm\u012bl\u012bbas, biroja, mazumtirdzniec\u012bbas, dz\u012bvojamo un pat\u0113r\u0113t\u0101ju. Armat\u016bras gaismas pl\u016bsma (lm) 1165. Gaismek\u013cu efektivit\u0101te (lm\/W) 117. LOR (%) 100. Kr\u0101su temperat\u016bra (K) 3000. Gaismas kr\u0101sa Silti balta CRI (Ra) 90. Stara le\u0146\u0137is (\u00b0) 48. Kop\u0113jais ener\u0123ijas pat\u0113ri\u0146\u0161 (W) 10. Elektrisk\u0101s aizsardz\u012bbas klase II. Korpusa kr\u0101sa Alum\u012bnijs. IP [&hellip;]<\/p>\n","protected":false},"featured_media":32859,"comment_status":"closed","ping_status":"closed","template":"","meta":{"inline_featured_image":false},"product_cat":[772,894],"product_tag":[],"yst_prominent_words":[],"class_list":{"0":"post-32858","1":"product","2":"type-product","3":"status-publish","4":"has-post-thumbnail","6":"product_cat-atlaides","7":"product_cat-led-iebuvejamie-gaismekli","9":"first","10":"instock","11":"sale","12":"taxable","13":"shipping-taxable","14":"purchasable","15":"product-type-simple"},"jetpack_sharing_enabled":true,"_links":{"self":[{"href":"https:\/\/ddt.lv\/lv\/wp-json\/wp\/v2\/product\/32858"}],"collection":[{"href":"https:\/\/ddt.lv\/lv\/wp-json\/wp\/v2\/product"}],"about":[{"href":"https:\/\/ddt.lv\/lv\/wp-json\/wp\/v2\/types\/product"}],"replies":[{"embeddable":true,"href":"https:\/\/ddt.lv\/lv\/wp-json\/wp\/v2\/comments?post=32858"}],"wp:featuredmedia":[{"embeddable":true,"href":"https:\/\/ddt.lv\/lv\/wp-json\/wp\/v2\/media\/32859"}],"wp:attachment":[{"href":"https:\/\/ddt.lv\/lv\/wp-json\/wp\/v2\/media?parent=32858"}],"wp:term":[{"taxonomy":"product_cat","embeddable":true,"href":"https:\/\/ddt.lv\/lv\/wp-json\/wp\/v2\/product_cat?post=32858"},{"taxonomy":"product_tag","embeddable":true,"href":"https:\/\/ddt.lv\/lv\/wp-json\/wp\/v2\/product_tag?post=32858"},{"taxonomy":"yst_prominent_words","embeddable":true,"href":"https:\/\/ddt.lv\/lv\/wp-json\/wp\/v2\/yst_prominent_words?post=32858"}],"curies":[{"name":"wp","href":"https:\/\/api.w.org\/{rel}","templated":true}]}}