{"id":32857,"date":"2022-02-23T14:40:37","date_gmt":"2022-02-23T12:40:37","guid":{"rendered":"https:\/\/ddt.lv\/lv\/product\/gaismeklis-1x21w-t5-2700k-88-8cm-sudraba-zext\/"},"modified":"2026-04-08T14:27:27","modified_gmt":"2026-04-08T11:27:27","slug":"gaismeklis-1x21w-t5-2700k-88-8cm-sudraba-zext","status":"publish","type":"product","link":"https:\/\/ddt.lv\/lv\/product\/gaismeklis-1x21w-t5-2700k-88-8cm-sudraba-zext\/","title":{"rendered":"Gaismeklis 1X21W T5 2700K 88.8cm sudraba ZEXT"},"content":{"rendered":"<p>Kr\u0101sa<br \/>\n    pel\u0113kas un sudraba nokr\u0101sas.<br \/>\n    Garums \/ Augstums<br \/>\n    89 cm.<br \/>\n    Platums<br \/>\n    13,1 cm.<br \/>\n    Dzi\u013cums<br \/>\n    6,8 cm.<br \/>\n    Gaismas punktu skaits<br \/>\n    1.<br \/>\n    spuldzes iek\u013cautas.<br \/>\n    Viena gaismas avota maksim\u0101l\u0101 jauda<br \/>\n    21 W.<\/p>","protected":false},"excerpt":{"rendered":"<p>Kr\u0101sa pel\u0113kas un sudraba nokr\u0101sas. Garums \/ Augstums 89 cm. Platums 13,1 cm. Dzi\u013cums 6,8 cm. Gaismas punktu skaits 1. spuldzes iek\u013cautas. Viena gaismas avota maksim\u0101l\u0101 jauda 21 W.<\/p>\n","protected":false},"featured_media":32861,"comment_status":"closed","ping_status":"closed","template":"","meta":{"inline_featured_image":false},"product_cat":[899],"product_tag":[],"yst_prominent_words":[],"class_list":{"0":"post-32857","1":"product","2":"type-product","3":"status-publish","4":"has-post-thumbnail","6":"product_cat-luminiscences-gaismekli","8":"first","9":"instock","10":"taxable","11":"shipping-taxable","12":"purchasable","13":"product-type-simple"},"jetpack_sharing_enabled":true,"_links":{"self":[{"href":"https:\/\/ddt.lv\/lv\/wp-json\/wp\/v2\/product\/32857"}],"collection":[{"href":"https:\/\/ddt.lv\/lv\/wp-json\/wp\/v2\/product"}],"about":[{"href":"https:\/\/ddt.lv\/lv\/wp-json\/wp\/v2\/types\/product"}],"replies":[{"embeddable":true,"href":"https:\/\/ddt.lv\/lv\/wp-json\/wp\/v2\/comments?post=32857"}],"wp:featuredmedia":[{"embeddable":true,"href":"https:\/\/ddt.lv\/lv\/wp-json\/wp\/v2\/media\/32861"}],"wp:attachment":[{"href":"https:\/\/ddt.lv\/lv\/wp-json\/wp\/v2\/media?parent=32857"}],"wp:term":[{"taxonomy":"product_cat","embeddable":true,"href":"https:\/\/ddt.lv\/lv\/wp-json\/wp\/v2\/product_cat?post=32857"},{"taxonomy":"product_tag","embeddable":true,"href":"https:\/\/ddt.lv\/lv\/wp-json\/wp\/v2\/product_tag?post=32857"},{"taxonomy":"yst_prominent_words","embeddable":true,"href":"https:\/\/ddt.lv\/lv\/wp-json\/wp\/v2\/yst_prominent_words?post=32857"}],"curies":[{"name":"wp","href":"https:\/\/api.w.org\/{rel}","templated":true}]}}