{"id":32856,"date":"2022-02-23T14:40:36","date_gmt":"2022-02-23T12:40:36","guid":{"rendered":"https:\/\/ddt.lv\/lv\/product\/led-reflektor-r39-e14-4w-240v-280lm-3000k-spuldze-inesa\/"},"modified":"2026-04-01T00:11:02","modified_gmt":"2026-03-31T21:11:02","slug":"led-reflektor-r39-e14-4w-240v-280lm-3000k-spuldze-inesa","status":"publish","type":"product","link":"https:\/\/ddt.lv\/lv\/product\/led-reflektor-r39-e14-4w-240v-280lm-3000k-spuldze-inesa\/","title":{"rendered":"LED Reflektor R39 E14 4W 240V 280lm 3000K spuldze INESA"},"content":{"rendered":"<p>Nomin\u0101l\u0101 jauda 4,0 W.<br \/>\nNomin\u0101lais spriegums 220-240 V.<br \/>\nDarba frekvence 50-60 Hz.<br \/>\nNomin\u0101l\u0101 str\u0101va 40 mA.<br \/>\nL\u012bdzv\u0113rt\u012bgas kv\u0113lspuldzes jauda 25 W.<br \/>\nNomin\u0101l\u0101 gaismas pl\u016bsma 280 lm.<br \/>\nNomin\u0101lais stara le\u0146\u0137is (pusp\u012b\u0137a v\u0113rt\u012bba) 105\u00b0.<br \/>\nKorel\u0113t\u0101 kr\u0101su temperat\u016bra 3000 K.<br \/>\nKr\u0101su temperat\u016bras apz\u012bm\u0113jums silti balts.<br \/>\nKr\u0101su atveido\u0161anas indekss (Ra) 80 Ra.<br \/>\nKr\u0101su konsistence 6 SDCM.<br \/>\nUzsil\u0161anas laiks, lai sasniegtu 60% no pilnas gaismas, 1 s.<br \/>\nKop\u0113jais garums 70 mm.<br \/>\nKop\u0113jais diametrs 39 mm.<br \/>\nLampas forma R39 reflektors.<\/p>","protected":false},"excerpt":{"rendered":"<p>&nbsp;<\/p>\n<p>&nbsp;<\/p>\n","protected":false},"featured_media":32864,"comment_status":"closed","ping_status":"closed","template":"","meta":{"inline_featured_image":false},"product_cat":[772,851],"product_tag":[],"yst_prominent_words":[],"class_list":{"0":"post-32856","1":"product","2":"type-product","3":"status-publish","4":"has-post-thumbnail","6":"product_cat-atlaides","7":"product_cat-e14-spuldzes","9":"first","10":"instock","11":"sale","12":"taxable","13":"shipping-taxable","14":"purchasable","15":"product-type-simple"},"jetpack_sharing_enabled":true,"_links":{"self":[{"href":"https:\/\/ddt.lv\/lv\/wp-json\/wp\/v2\/product\/32856"}],"collection":[{"href":"https:\/\/ddt.lv\/lv\/wp-json\/wp\/v2\/product"}],"about":[{"href":"https:\/\/ddt.lv\/lv\/wp-json\/wp\/v2\/types\/product"}],"replies":[{"embeddable":true,"href":"https:\/\/ddt.lv\/lv\/wp-json\/wp\/v2\/comments?post=32856"}],"wp:featuredmedia":[{"embeddable":true,"href":"https:\/\/ddt.lv\/lv\/wp-json\/wp\/v2\/media\/32864"}],"wp:attachment":[{"href":"https:\/\/ddt.lv\/lv\/wp-json\/wp\/v2\/media?parent=32856"}],"wp:term":[{"taxonomy":"product_cat","embeddable":true,"href":"https:\/\/ddt.lv\/lv\/wp-json\/wp\/v2\/product_cat?post=32856"},{"taxonomy":"product_tag","embeddable":true,"href":"https:\/\/ddt.lv\/lv\/wp-json\/wp\/v2\/product_tag?post=32856"},{"taxonomy":"yst_prominent_words","embeddable":true,"href":"https:\/\/ddt.lv\/lv\/wp-json\/wp\/v2\/yst_prominent_words?post=32856"}],"curies":[{"name":"wp","href":"https:\/\/api.w.org\/{rel}","templated":true}]}}