{"id":32853,"date":"2022-02-23T14:40:32","date_gmt":"2022-02-23T12:40:32","guid":{"rendered":"https:\/\/ddt.lv\/lv\/product\/t12-65w-640-luminiscenta-spuldze-tungsram\/"},"modified":"2026-04-01T00:06:44","modified_gmt":"2026-03-31T21:06:44","slug":"t12-65w-640-luminiscenta-spuldze-tungsram","status":"publish","type":"product","link":"https:\/\/ddt.lv\/lv\/product\/t12-65w-640-luminiscenta-spuldze-tungsram\/","title":{"rendered":"T12 65W 33- 640 luminiscent\u0101 spuldze Tungsram"},"content":{"rendered":"<p>Nomin\u0101l\u0101 jauda 65 W.<br \/>\nNomin\u0101l\u0101 lampas efektivit\u0101te (standarta st\u0101vokl\u012b) 74 lm\/W.<br \/>\nKr\u0101su atveido\u0161anas indekss Ra\u226560.<br \/>\nNomin\u0101l\u0101 gaismas pl\u016bsma 4800 lm.<br \/>\nKr\u0101su temperat\u016bra 4000 K.<br \/>\nCaurules diametrs 38 mm.<br \/>\nGarums 1500 mm.<\/p>\n<p><\/p>","protected":false},"excerpt":{"rendered":"<p>Nomin\u0101l\u0101 jauda 65 W. Nomin\u0101l\u0101 lampas efektivit\u0101te (standarta st\u0101vokl\u012b) 74 lm\/W. Kr\u0101su atveido\u0161anas indekss Ra\u226560. Nomin\u0101l\u0101 gaismas pl\u016bsma 4800 lm. Kr\u0101su temperat\u016bra 4000 K. Caurules diametrs 38 mm. Garums 1500 mm.<\/p>\n","protected":false},"featured_media":32868,"comment_status":"closed","ping_status":"closed","template":"","meta":{"inline_featured_image":false},"product_cat":[862],"product_tag":[],"yst_prominent_words":[],"class_list":{"0":"post-32853","1":"product","2":"type-product","3":"status-publish","4":"has-post-thumbnail","6":"product_cat-t12-spuldzes-luminiscentas-spuldzes-spuldzes","8":"first","9":"instock","10":"taxable","11":"shipping-taxable","12":"purchasable","13":"product-type-simple"},"jetpack_sharing_enabled":true,"_links":{"self":[{"href":"https:\/\/ddt.lv\/lv\/wp-json\/wp\/v2\/product\/32853"}],"collection":[{"href":"https:\/\/ddt.lv\/lv\/wp-json\/wp\/v2\/product"}],"about":[{"href":"https:\/\/ddt.lv\/lv\/wp-json\/wp\/v2\/types\/product"}],"replies":[{"embeddable":true,"href":"https:\/\/ddt.lv\/lv\/wp-json\/wp\/v2\/comments?post=32853"}],"wp:featuredmedia":[{"embeddable":true,"href":"https:\/\/ddt.lv\/lv\/wp-json\/wp\/v2\/media\/32868"}],"wp:attachment":[{"href":"https:\/\/ddt.lv\/lv\/wp-json\/wp\/v2\/media?parent=32853"}],"wp:term":[{"taxonomy":"product_cat","embeddable":true,"href":"https:\/\/ddt.lv\/lv\/wp-json\/wp\/v2\/product_cat?post=32853"},{"taxonomy":"product_tag","embeddable":true,"href":"https:\/\/ddt.lv\/lv\/wp-json\/wp\/v2\/product_tag?post=32853"},{"taxonomy":"yst_prominent_words","embeddable":true,"href":"https:\/\/ddt.lv\/lv\/wp-json\/wp\/v2\/yst_prominent_words?post=32853"}],"curies":[{"name":"wp","href":"https:\/\/api.w.org\/{rel}","templated":true}]}}