{"id":32852,"date":"2022-02-23T14:40:31","date_gmt":"2022-02-23T12:40:31","guid":{"rendered":"https:\/\/ddt.lv\/lv\/product\/halogena-spuldze-e27-240v-60w-jdd-tubulara-swedlux\/"},"modified":"2026-04-01T00:06:47","modified_gmt":"2026-03-31T21:06:47","slug":"halogena-spuldze-e27-240v-60w-jdd-tubulara-swedlux","status":"publish","type":"product","link":"https:\/\/ddt.lv\/lv\/product\/halogena-spuldze-e27-240v-60w-jdd-tubulara-swedlux\/","title":{"rendered":"Halog\u0113n\u0101 spuldze E27 240V 60W  JDD tubul\u0101r\u0101 Swedlux"},"content":{"rendered":"<p>Halog\u0113n\u0101 spuldze E27 240V 60W  JDD tubul\u0101r\u0101 <\/p>","protected":false},"excerpt":{"rendered":"<p>Halog\u0113n\u0101 spuldze E27 240V 60W JDD tubul\u0101r\u0101<\/p>\n","protected":false},"featured_media":32869,"comment_status":"closed","ping_status":"closed","template":"","meta":{"inline_featured_image":false},"product_cat":[1365],"product_tag":[],"yst_prominent_words":[],"class_list":{"0":"post-32852","1":"product","2":"type-product","3":"status-publish","4":"has-post-thumbnail","6":"product_cat-eco-halogen-spuldzes","8":"first","9":"instock","10":"taxable","11":"shipping-taxable","12":"purchasable","13":"product-type-simple"},"jetpack_sharing_enabled":true,"_links":{"self":[{"href":"https:\/\/ddt.lv\/lv\/wp-json\/wp\/v2\/product\/32852"}],"collection":[{"href":"https:\/\/ddt.lv\/lv\/wp-json\/wp\/v2\/product"}],"about":[{"href":"https:\/\/ddt.lv\/lv\/wp-json\/wp\/v2\/types\/product"}],"replies":[{"embeddable":true,"href":"https:\/\/ddt.lv\/lv\/wp-json\/wp\/v2\/comments?post=32852"}],"wp:featuredmedia":[{"embeddable":true,"href":"https:\/\/ddt.lv\/lv\/wp-json\/wp\/v2\/media\/32869"}],"wp:attachment":[{"href":"https:\/\/ddt.lv\/lv\/wp-json\/wp\/v2\/media?parent=32852"}],"wp:term":[{"taxonomy":"product_cat","embeddable":true,"href":"https:\/\/ddt.lv\/lv\/wp-json\/wp\/v2\/product_cat?post=32852"},{"taxonomy":"product_tag","embeddable":true,"href":"https:\/\/ddt.lv\/lv\/wp-json\/wp\/v2\/product_tag?post=32852"},{"taxonomy":"yst_prominent_words","embeddable":true,"href":"https:\/\/ddt.lv\/lv\/wp-json\/wp\/v2\/yst_prominent_words?post=32852"}],"curies":[{"name":"wp","href":"https:\/\/api.w.org\/{rel}","templated":true}]}}