{"id":32850,"date":"2022-02-23T14:40:29","date_gmt":"2022-02-23T12:40:29","guid":{"rendered":"https:\/\/ddt.lv\/lv\/product\/f58w-765-6500k-t8-g13-luminiscenta-spuldze-osram\/"},"modified":"2026-04-02T09:50:33","modified_gmt":"2026-04-02T06:50:33","slug":"f58w-765-6500k-t8-g13-luminiscenta-spuldze-osram","status":"publish","type":"product","link":"https:\/\/ddt.lv\/lv\/product\/f58w-765-6500k-t8-g13-luminiscenta-spuldze-osram\/","title":{"rendered":"F58W\/765 6500K T8 G13 luminiscent\u0101 spuldze OSRAM"},"content":{"rendered":"<p>Jauda [W] 58.<br \/>\nCap-Base G13.<br \/>\nNomin\u0101l\u0101 gaismas pl\u016bsma [Lm] 4000.<br \/>\nGaismas efektivit\u0101te [Lm\/W] 69.<br \/>\nKr\u0101su atveido\u0161anas indekss [Ra] 80&#8230;89.<br \/>\nKr\u0101sas kods 865.<br \/>\nKr\u0101su temperat\u016bra [K] 6500.<br \/>\nKalpo\u0161anas laiks [h] 20000.<\/p>\n<p><\/p>","protected":false},"excerpt":{"rendered":"<p>Jauda [W] 58. Cap-Base G13. Nomin\u0101l\u0101 gaismas pl\u016bsma [Lm] 4000. Gaismas efektivit\u0101te [Lm\/W] 69. Kr\u0101su atveido\u0161anas indekss [Ra] 80&#8230;89. Kr\u0101sas kods 865. Kr\u0101su temperat\u016bra [K] 6500. Kalpo\u0161anas laiks [h] 20000.<\/p>\n","protected":false},"featured_media":32876,"comment_status":"closed","ping_status":"closed","template":"","meta":{"inline_featured_image":false},"product_cat":[861],"product_tag":[],"yst_prominent_words":[],"class_list":{"0":"post-32850","1":"product","2":"type-product","3":"status-publish","4":"has-post-thumbnail","6":"product_cat-t8-spuldzes-luminiscentas-spuldzes-spuldzes","8":"first","9":"instock","10":"taxable","11":"shipping-taxable","12":"purchasable","13":"product-type-simple"},"jetpack_sharing_enabled":true,"_links":{"self":[{"href":"https:\/\/ddt.lv\/lv\/wp-json\/wp\/v2\/product\/32850"}],"collection":[{"href":"https:\/\/ddt.lv\/lv\/wp-json\/wp\/v2\/product"}],"about":[{"href":"https:\/\/ddt.lv\/lv\/wp-json\/wp\/v2\/types\/product"}],"replies":[{"embeddable":true,"href":"https:\/\/ddt.lv\/lv\/wp-json\/wp\/v2\/comments?post=32850"}],"wp:featuredmedia":[{"embeddable":true,"href":"https:\/\/ddt.lv\/lv\/wp-json\/wp\/v2\/media\/32876"}],"wp:attachment":[{"href":"https:\/\/ddt.lv\/lv\/wp-json\/wp\/v2\/media?parent=32850"}],"wp:term":[{"taxonomy":"product_cat","embeddable":true,"href":"https:\/\/ddt.lv\/lv\/wp-json\/wp\/v2\/product_cat?post=32850"},{"taxonomy":"product_tag","embeddable":true,"href":"https:\/\/ddt.lv\/lv\/wp-json\/wp\/v2\/product_tag?post=32850"},{"taxonomy":"yst_prominent_words","embeddable":true,"href":"https:\/\/ddt.lv\/lv\/wp-json\/wp\/v2\/yst_prominent_words?post=32850"}],"curies":[{"name":"wp","href":"https:\/\/api.w.org\/{rel}","templated":true}]}}