{"id":32849,"date":"2022-02-23T14:40:27","date_gmt":"2022-02-23T12:40:27","guid":{"rendered":"https:\/\/ddt.lv\/lv\/product\/led-glso-frosted-e27-6w-240v-630lm-2700k-spuldze-inesa\/"},"modified":"2026-04-22T08:31:35","modified_gmt":"2026-04-22T05:31:35","slug":"led-glso-frosted-e27-6w-240v-630lm-2700k-spuldze-inesa","status":"publish","type":"product","link":"https:\/\/ddt.lv\/lv\/product\/led-glso-frosted-e27-6w-240v-630lm-2700k-spuldze-inesa\/","title":{"rendered":"LED GLSO Frosted E27 6W 240V 630lm 2700K spuldze  INESA"},"content":{"rendered":"<p>Gaismas pl\u016bsma: 630 lm.<br \/>\nApgaismojuma le\u0146\u0137is: 300\u00b0.<br \/>\nGaismas kr\u0101sa: \u012bpa\u0161i silti balta.<br \/>\nEner\u0123ijas klase: A+.<br \/>\nKr\u0101su temperat\u016bra: 2700 K.<br \/>\nJauda: 6 W.<br \/>\nKalpo\u0161anas laiks: 30 000 h.<br \/>\nCokols: E27.<br \/>\nIesl\u0113g\u0161an\u0101s laiks: 0,5 sek.<br \/>\nDarba spriegums: 220-240 V.<br \/>\nEkvivalents: 50 W.<br \/>\nDiametrs: 60,5 mm.<br \/>\nGarums: 110 mm.<\/p>","protected":false},"excerpt":{"rendered":"<p>Gaismas pl\u016bsma: 630 lm. Apgaismojuma le\u0146\u0137is: 300\u00b0. Gaismas kr\u0101sa: \u012bpa\u0161i silti balta. Ener\u0123ijas klase: A+. Kr\u0101su temperat\u016bra: 2700 K. Jauda: 6 W. Kalpo\u0161anas laiks: 30 000 h. Cokols: E27. Iesl\u0113g\u0161an\u0101s laiks: 0,5 sek. Darba spriegums: 220-240 V. Ekvivalents: 50 W. Diametrs: 60,5 mm. Garums: 110 mm.<\/p>\n","protected":false},"featured_media":32877,"comment_status":"closed","ping_status":"closed","template":"","meta":{"inline_featured_image":false},"product_cat":[850],"product_tag":[],"yst_prominent_words":[],"class_list":{"0":"post-32849","1":"product","2":"type-product","3":"status-publish","4":"has-post-thumbnail","6":"product_cat-e27-spuldzes","8":"first","9":"instock","10":"taxable","11":"shipping-taxable","12":"purchasable","13":"product-type-simple"},"jetpack_sharing_enabled":true,"_links":{"self":[{"href":"https:\/\/ddt.lv\/lv\/wp-json\/wp\/v2\/product\/32849"}],"collection":[{"href":"https:\/\/ddt.lv\/lv\/wp-json\/wp\/v2\/product"}],"about":[{"href":"https:\/\/ddt.lv\/lv\/wp-json\/wp\/v2\/types\/product"}],"replies":[{"embeddable":true,"href":"https:\/\/ddt.lv\/lv\/wp-json\/wp\/v2\/comments?post=32849"}],"wp:featuredmedia":[{"embeddable":true,"href":"https:\/\/ddt.lv\/lv\/wp-json\/wp\/v2\/media\/32877"}],"wp:attachment":[{"href":"https:\/\/ddt.lv\/lv\/wp-json\/wp\/v2\/media?parent=32849"}],"wp:term":[{"taxonomy":"product_cat","embeddable":true,"href":"https:\/\/ddt.lv\/lv\/wp-json\/wp\/v2\/product_cat?post=32849"},{"taxonomy":"product_tag","embeddable":true,"href":"https:\/\/ddt.lv\/lv\/wp-json\/wp\/v2\/product_tag?post=32849"},{"taxonomy":"yst_prominent_words","embeddable":true,"href":"https:\/\/ddt.lv\/lv\/wp-json\/wp\/v2\/yst_prominent_words?post=32849"}],"curies":[{"name":"wp","href":"https:\/\/api.w.org\/{rel}","templated":true}]}}