{"id":32847,"date":"2022-02-23T14:40:24","date_gmt":"2022-02-23T12:40:24","guid":{"rendered":"https:\/\/ddt.lv\/lv\/product\/par38-e27-80w-240v-flood-halogenspuldze-luxram\/"},"modified":"2026-04-01T00:06:28","modified_gmt":"2026-03-31T21:06:28","slug":"par38-e27-80w-240v-flood-halogenspuldze-luxram","status":"publish","type":"product","link":"https:\/\/ddt.lv\/lv\/product\/par38-e27-80w-240v-flood-halogenspuldze-luxram\/","title":{"rendered":"PAR38 E27 80W 240V Flood halogenspuldze Luxram"},"content":{"rendered":"<p>Aptum\u0161ojams \u2014 nepiecie\u0161ams piem\u0113rots aptum\u0161ot\u0101js.<br \/>\nstara_le\u0146\u0137is (\u00b0) 38.<br \/>\nKr\u0101su temperat\u016bra (K) 3000K Silti balta.<br \/>\nLampas ligzda E27.<br \/>\nIeejas spriegums (V) 220-240V~50\/60Hz.<br \/>\nAugstums (mm) 133mm.<br \/>\nDiametrs (mm) 120mm.<br \/>\nD ener\u0123ijas klase.<br \/>\n Balts mat\u0113ts stikls.<\/p>\n<p><\/p>","protected":false},"excerpt":{"rendered":"<p>Aptum\u0161ojams \u2014 nepiecie\u0161ams piem\u0113rots aptum\u0161ot\u0101js. stara_le\u0146\u0137is (\u00b0) 38. Kr\u0101su temperat\u016bra (K) 3000K Silti balta. Lampas ligzda E27. Ieejas spriegums (V) 220-240V~50\/60Hz. Augstums (mm) 133mm. Diametrs (mm) 120mm. D ener\u0123ijas klase. Balts mat\u0113ts stikls.<\/p>\n","protected":false},"featured_media":32880,"comment_status":"closed","ping_status":"closed","template":"","meta":{"inline_featured_image":false},"product_cat":[1365],"product_tag":[],"yst_prominent_words":[],"class_list":{"0":"post-32847","1":"product","2":"type-product","3":"status-publish","4":"has-post-thumbnail","6":"product_cat-eco-halogen-spuldzes","8":"first","9":"instock","10":"taxable","11":"shipping-taxable","12":"purchasable","13":"product-type-simple"},"jetpack_sharing_enabled":true,"_links":{"self":[{"href":"https:\/\/ddt.lv\/lv\/wp-json\/wp\/v2\/product\/32847"}],"collection":[{"href":"https:\/\/ddt.lv\/lv\/wp-json\/wp\/v2\/product"}],"about":[{"href":"https:\/\/ddt.lv\/lv\/wp-json\/wp\/v2\/types\/product"}],"replies":[{"embeddable":true,"href":"https:\/\/ddt.lv\/lv\/wp-json\/wp\/v2\/comments?post=32847"}],"wp:featuredmedia":[{"embeddable":true,"href":"https:\/\/ddt.lv\/lv\/wp-json\/wp\/v2\/media\/32880"}],"wp:attachment":[{"href":"https:\/\/ddt.lv\/lv\/wp-json\/wp\/v2\/media?parent=32847"}],"wp:term":[{"taxonomy":"product_cat","embeddable":true,"href":"https:\/\/ddt.lv\/lv\/wp-json\/wp\/v2\/product_cat?post=32847"},{"taxonomy":"product_tag","embeddable":true,"href":"https:\/\/ddt.lv\/lv\/wp-json\/wp\/v2\/product_tag?post=32847"},{"taxonomy":"yst_prominent_words","embeddable":true,"href":"https:\/\/ddt.lv\/lv\/wp-json\/wp\/v2\/yst_prominent_words?post=32847"}],"curies":[{"name":"wp","href":"https:\/\/api.w.org\/{rel}","templated":true}]}}