{"id":32821,"date":"2022-02-22T15:10:17","date_gmt":"2022-02-22T13:10:17","guid":{"rendered":"https:\/\/ddt.lv\/lv\/product\/led-gaismeklis-balts-apals-24w-2050lm-3000-4000k-ip44-ar-sensoru-sylvania\/"},"modified":"2026-04-08T14:41:37","modified_gmt":"2026-04-08T11:41:37","slug":"led-gaismeklis-balts-apals-24w-2050lm-3000-4000k-ip44-ar-sensoru-sylvania","status":"publish","type":"product","link":"https:\/\/ddt.lv\/lv\/product\/led-gaismeklis-balts-apals-24w-2050lm-3000-4000k-ip44-ar-sensoru-sylvania\/","title":{"rendered":"LED gaismeklis balts SYLCIRCLE apa\u013c\u0161 24W 2050lm DUALTONE 3000\/4000K IP44 ar Mikrovi\u013c\u0146u sensoru Sylvania"},"content":{"rendered":"<p>Griestu \/ sienas gaismeklis ar integr\u0113tu LED. Ide\u0101ls risin\u0101jums gaite\u0146iem, cirkul\u0101cijas telp\u0101m vai foaj\u0113. Vienm\u0113r\u012bgs gaismas sadal\u012bjums ar halo apgaismojuma efektu uz sienas virsmas. Korpusa diametrs 360 mm. Sader\u012bgs ar Besa mont\u0101\u017eas k\u0101rbu, caurumu att\u0101lums 51mm. DualTone funkcionalit\u0101te \u013cauj p\u0101rsl\u0113gties starp 3000K un 4000K kr\u0101su temperat\u016bru. Jauda 24W, jauda 2050 l\u016bmeni (4000k). Apg\u0101d\u0101ts ar integr\u0113tu mikrovi\u013c\u0146u sensoru autom\u0101tiskai iesl\u0113g\u0161anas\/izsl\u0113g\u0161anas kl\u0101tb\u016btnes kontrolei. IK03, IP44. Zema apkope ar 30 000 stundu LED m\u016b\u017ea ilgumu.<\/p>","protected":false},"excerpt":{"rendered":"<p>Griestu \/ sienas gaismeklis ar integr\u0113tu LED. Ide\u0101ls risin\u0101jums gaite\u0146iem, cirkul\u0101cijas telp\u0101m vai foaj\u0113. Vienm\u0113r\u012bgs gaismas sadal\u012bjums ar halo apgaismojuma efektu uz sienas virsmas. Korpusa diametrs 360 mm. Sader\u012bgs ar Besa mont\u0101\u017eas k\u0101rbu, caurumu att\u0101lums 51mm. DualTone funkcionalit\u0101te \u013cauj p\u0101rsl\u0113gties starp 3000K un 4000K kr\u0101su temperat\u016bru. Jauda 24W, jauda 2050 l\u016bmeni (4000k). Apg\u0101d\u0101ts ar integr\u0113tu [&hellip;]<\/p>\n","protected":false},"featured_media":32822,"comment_status":"closed","ping_status":"closed","template":"","meta":{"inline_featured_image":false},"product_cat":[902],"product_tag":[],"yst_prominent_words":[],"class_list":{"0":"post-32821","1":"product","2":"type-product","3":"status-publish","4":"has-post-thumbnail","6":"product_cat-led-plafona-tipa-gaismekli","8":"first","9":"instock","10":"taxable","11":"shipping-taxable","12":"purchasable","13":"product-type-simple"},"jetpack_sharing_enabled":true,"_links":{"self":[{"href":"https:\/\/ddt.lv\/lv\/wp-json\/wp\/v2\/product\/32821"}],"collection":[{"href":"https:\/\/ddt.lv\/lv\/wp-json\/wp\/v2\/product"}],"about":[{"href":"https:\/\/ddt.lv\/lv\/wp-json\/wp\/v2\/types\/product"}],"replies":[{"embeddable":true,"href":"https:\/\/ddt.lv\/lv\/wp-json\/wp\/v2\/comments?post=32821"}],"wp:featuredmedia":[{"embeddable":true,"href":"https:\/\/ddt.lv\/lv\/wp-json\/wp\/v2\/media\/32822"}],"wp:attachment":[{"href":"https:\/\/ddt.lv\/lv\/wp-json\/wp\/v2\/media?parent=32821"}],"wp:term":[{"taxonomy":"product_cat","embeddable":true,"href":"https:\/\/ddt.lv\/lv\/wp-json\/wp\/v2\/product_cat?post=32821"},{"taxonomy":"product_tag","embeddable":true,"href":"https:\/\/ddt.lv\/lv\/wp-json\/wp\/v2\/product_tag?post=32821"},{"taxonomy":"yst_prominent_words","embeddable":true,"href":"https:\/\/ddt.lv\/lv\/wp-json\/wp\/v2\/yst_prominent_words?post=32821"}],"curies":[{"name":"wp","href":"https:\/\/api.w.org\/{rel}","templated":true}]}}