{"id":32820,"date":"2022-02-22T15:10:16","date_gmt":"2022-02-22T13:10:16","guid":{"rendered":"https:\/\/ddt.lv\/lv\/product\/hi-spot-esd63-75w-25-gz10-230v-2850k-halogenspuldze-sylvania\/"},"modified":"2026-04-13T09:45:59","modified_gmt":"2026-04-13T06:45:59","slug":"hi-spot-esd63-75w-25-gz10-230v-2850k-halogenspuldze-sylvania","status":"publish","type":"product","link":"https:\/\/ddt.lv\/lv\/product\/hi-spot-esd63-75w-25-gz10-230v-2850k-halogenspuldze-sylvania\/","title":{"rendered":"HI-SPOT ESD63 75W 25&#8217; GZ10 230V 2850K halogenspuldze Sylvania"},"content":{"rendered":"<p>Halog\u0113ns.<br \/>\nJauda (nomin\u0101lais) (W) 75.<br \/>\nTips Hi-Spot ES63\/ESD63.<br \/>\nV\u0101ci\u0146\u0161\/b\u0101ze GZ10.<br \/>\nGaismas pl\u016bsma (lm) 700.<br \/>\nKr\u0101su temperat\u016bra (K) 2800.<br \/>\nGaismas kr\u0101sa Homelight.<br \/>\nCRI (Ra) 100.<br \/>\nStara le\u0146\u0137is (\u00b0) 25.<br \/>\nJauda (W) 75.<br \/>\nVid\u0113jais kalpo\u0161anas laiks (nomin\u0101ls) (h) 2500.<\/p>","protected":false},"excerpt":{"rendered":"<p>Halog\u0113ns. Jauda (nomin\u0101lais) (W) 75. Tips Hi-Spot ES63\/ESD63. V\u0101ci\u0146\u0161\/b\u0101ze GZ10. Gaismas pl\u016bsma (lm) 700. Kr\u0101su temperat\u016bra (K) 2800. Gaismas kr\u0101sa Homelight. CRI (Ra) 100. Stara le\u0146\u0137is (\u00b0) 25. Jauda (W) 75. Vid\u0113jais kalpo\u0161anas laiks (nomin\u0101ls) (h) 2500.<\/p>\n","protected":false},"featured_media":32827,"comment_status":"closed","ping_status":"closed","template":"","meta":{"inline_featured_image":false},"product_cat":[1365],"product_tag":[],"yst_prominent_words":[],"class_list":{"0":"post-32820","1":"product","2":"type-product","3":"status-publish","4":"has-post-thumbnail","6":"product_cat-eco-halogen-spuldzes","8":"first","9":"instock","10":"taxable","11":"shipping-taxable","12":"purchasable","13":"product-type-simple"},"jetpack_sharing_enabled":true,"_links":{"self":[{"href":"https:\/\/ddt.lv\/lv\/wp-json\/wp\/v2\/product\/32820"}],"collection":[{"href":"https:\/\/ddt.lv\/lv\/wp-json\/wp\/v2\/product"}],"about":[{"href":"https:\/\/ddt.lv\/lv\/wp-json\/wp\/v2\/types\/product"}],"replies":[{"embeddable":true,"href":"https:\/\/ddt.lv\/lv\/wp-json\/wp\/v2\/comments?post=32820"}],"wp:featuredmedia":[{"embeddable":true,"href":"https:\/\/ddt.lv\/lv\/wp-json\/wp\/v2\/media\/32827"}],"wp:attachment":[{"href":"https:\/\/ddt.lv\/lv\/wp-json\/wp\/v2\/media?parent=32820"}],"wp:term":[{"taxonomy":"product_cat","embeddable":true,"href":"https:\/\/ddt.lv\/lv\/wp-json\/wp\/v2\/product_cat?post=32820"},{"taxonomy":"product_tag","embeddable":true,"href":"https:\/\/ddt.lv\/lv\/wp-json\/wp\/v2\/product_tag?post=32820"},{"taxonomy":"yst_prominent_words","embeddable":true,"href":"https:\/\/ddt.lv\/lv\/wp-json\/wp\/v2\/yst_prominent_words?post=32820"}],"curies":[{"name":"wp","href":"https:\/\/api.w.org\/{rel}","templated":true}]}}