{"id":32815,"date":"2022-02-22T15:00:33","date_gmt":"2022-02-22T13:00:33","guid":{"rendered":"https:\/\/ddt.lv\/lv\/product\/f49w-830-t5-g5-luminiscenta-spuldze-polamp\/"},"modified":"2026-04-13T09:46:53","modified_gmt":"2026-04-13T06:46:53","slug":"f49w-830-t5-g5-luminiscenta-spuldze-polamp","status":"publish","type":"product","link":"https:\/\/ddt.lv\/lv\/product\/f49w-830-t5-g5-luminiscenta-spuldze-polamp\/","title":{"rendered":"F49W\/830 T5 G5 luminiscent\u0101 spuldze Polamp"},"content":{"rendered":"<p>Nomin\u0101l\u0101 jauda 49 W.<br \/>\nGaismas pl\u016bsma 4310 lm.<br \/>\nKr\u0101su temperat\u016bra 3000 K.<br \/>\nSpuldzes pamatne G5.<br \/>\nEner\u0123ijas klase A+.<br \/>\nBaro\u0161anas spriegums &#8211; AC 195 V.<br \/>\nGaismas Kr\u0101sa Silti Balta.<br \/>\nCaurules diametrs 16 mm.<br \/>\nSpuldzes izm\u0113rs T5.<br \/>\nGarums 1,45 m.<\/p>","protected":false},"excerpt":{"rendered":"<p>Nomin\u0101l\u0101 jauda 49 W. Gaismas pl\u016bsma 4310 lm. Kr\u0101su temperat\u016bra 3000 K. Spuldzes pamatne G5. Ener\u0123ijas klase A+. Baro\u0161anas spriegums &#8211; AC 195 V. Gaismas Kr\u0101sa Silti Balta. Caurules diametrs 16 mm. Spuldzes izm\u0113rs T5. Garums 1,45 m.<\/p>\n","protected":false},"featured_media":32832,"comment_status":"closed","ping_status":"closed","template":"","meta":{"inline_featured_image":false},"product_cat":[772,860],"product_tag":[],"yst_prominent_words":[],"class_list":{"0":"post-32815","1":"product","2":"type-product","3":"status-publish","4":"has-post-thumbnail","6":"product_cat-atlaides","7":"product_cat-t5-spuldzes-luminiscentas-spuldzes-spuldzes","9":"first","10":"outofstock","11":"sale","12":"taxable","13":"shipping-taxable","14":"purchasable","15":"product-type-simple"},"jetpack_sharing_enabled":true,"_links":{"self":[{"href":"https:\/\/ddt.lv\/lv\/wp-json\/wp\/v2\/product\/32815"}],"collection":[{"href":"https:\/\/ddt.lv\/lv\/wp-json\/wp\/v2\/product"}],"about":[{"href":"https:\/\/ddt.lv\/lv\/wp-json\/wp\/v2\/types\/product"}],"replies":[{"embeddable":true,"href":"https:\/\/ddt.lv\/lv\/wp-json\/wp\/v2\/comments?post=32815"}],"wp:featuredmedia":[{"embeddable":true,"href":"https:\/\/ddt.lv\/lv\/wp-json\/wp\/v2\/media\/32832"}],"wp:attachment":[{"href":"https:\/\/ddt.lv\/lv\/wp-json\/wp\/v2\/media?parent=32815"}],"wp:term":[{"taxonomy":"product_cat","embeddable":true,"href":"https:\/\/ddt.lv\/lv\/wp-json\/wp\/v2\/product_cat?post=32815"},{"taxonomy":"product_tag","embeddable":true,"href":"https:\/\/ddt.lv\/lv\/wp-json\/wp\/v2\/product_tag?post=32815"},{"taxonomy":"yst_prominent_words","embeddable":true,"href":"https:\/\/ddt.lv\/lv\/wp-json\/wp\/v2\/yst_prominent_words?post=32815"}],"curies":[{"name":"wp","href":"https:\/\/api.w.org\/{rel}","templated":true}]}}