{"id":32814,"date":"2022-02-22T15:00:25","date_gmt":"2022-02-22T13:00:25","guid":{"rendered":"https:\/\/ddt.lv\/lv\/product\/jc-50w-12v-gy6-35-halogenspuldze-volta\/"},"modified":"2026-04-13T09:46:46","modified_gmt":"2026-04-13T06:46:46","slug":"jc-50w-12v-gy6-35-halogenspuldze-volta","status":"publish","type":"product","link":"https:\/\/ddt.lv\/lv\/product\/jc-50w-12v-gy6-35-halogenspuldze-volta\/","title":{"rendered":"JC 50W 12V GY6.35 halogenspuldze VOLTA"},"content":{"rendered":"<p>Halog\u0113n spuldze.<br \/>\nElektr\u012bbas pat\u0113ri\u0146\u0161Jauda \t50 W.<br \/>\nGaismas pl\u016bsma (lm) \t950 Lm.<br \/>\nCokols \tGY6.35.<br \/>\nGaismas temperat\u016bra (K) \t2700 K.<br \/>\nDarba laiks \t2000 h.<\/p>","protected":false},"excerpt":{"rendered":"<p>Halog\u0113n spuldze. Elektr\u012bbas pat\u0113ri\u0146\u0161Jauda 50 W. Gaismas pl\u016bsma (lm) 950 Lm. Cokols GY6.35. Gaismas temperat\u016bra (K) 2700 K. Darba laiks 2000 h.<\/p>\n","protected":false},"featured_media":32833,"comment_status":"closed","ping_status":"closed","template":"","meta":{"inline_featured_image":false},"product_cat":[1365],"product_tag":[],"yst_prominent_words":[],"class_list":{"0":"post-32814","1":"product","2":"type-product","3":"status-publish","4":"has-post-thumbnail","6":"product_cat-eco-halogen-spuldzes","8":"first","9":"instock","10":"taxable","11":"shipping-taxable","12":"purchasable","13":"product-type-simple"},"jetpack_sharing_enabled":true,"_links":{"self":[{"href":"https:\/\/ddt.lv\/lv\/wp-json\/wp\/v2\/product\/32814"}],"collection":[{"href":"https:\/\/ddt.lv\/lv\/wp-json\/wp\/v2\/product"}],"about":[{"href":"https:\/\/ddt.lv\/lv\/wp-json\/wp\/v2\/types\/product"}],"replies":[{"embeddable":true,"href":"https:\/\/ddt.lv\/lv\/wp-json\/wp\/v2\/comments?post=32814"}],"wp:featuredmedia":[{"embeddable":true,"href":"https:\/\/ddt.lv\/lv\/wp-json\/wp\/v2\/media\/32833"}],"wp:attachment":[{"href":"https:\/\/ddt.lv\/lv\/wp-json\/wp\/v2\/media?parent=32814"}],"wp:term":[{"taxonomy":"product_cat","embeddable":true,"href":"https:\/\/ddt.lv\/lv\/wp-json\/wp\/v2\/product_cat?post=32814"},{"taxonomy":"product_tag","embeddable":true,"href":"https:\/\/ddt.lv\/lv\/wp-json\/wp\/v2\/product_tag?post=32814"},{"taxonomy":"yst_prominent_words","embeddable":true,"href":"https:\/\/ddt.lv\/lv\/wp-json\/wp\/v2\/yst_prominent_words?post=32814"}],"curies":[{"name":"wp","href":"https:\/\/api.w.org\/{rel}","templated":true}]}}