{"id":32812,"date":"2022-02-22T15:00:23","date_gmt":"2022-02-22T13:00:23","guid":{"rendered":"https:\/\/ddt.lv\/lv\/product\/cf-de-18w-830-g24q-2-4pin-kompakta-spuldze-polamp\/"},"modified":"2026-04-08T14:26:45","modified_gmt":"2026-04-08T11:26:45","slug":"cf-de-18w-830-g24q-2-4pin-kompakta-spuldze-polamp","status":"publish","type":"product","link":"https:\/\/ddt.lv\/lv\/product\/cf-de-18w-830-g24q-2-4pin-kompakta-spuldze-polamp\/","title":{"rendered":"CF-DE 18W\/830 G24q-2 4pin kompakt\u0101 spuldze Polamp"},"content":{"rendered":"<p>Fluoresc\u0113jo\u0161a.<br \/>\nJauda 18w.<br \/>\nAptum\u0161ojams J\u0101<br \/>\nV\u0101ci\u0146\u0161\/b\u0101ze G24q-2 (4 tapas).<br \/>\nTapu skaits 4.<br \/>\nKr\u0101su temperat\u016bra (Kelvins) 3000K &#8211; Silti balta.<br \/>\nKr\u0101sas kods 830 &#8211; silti balts.<br \/>\nKr\u0101su atveide (Ra) 80-89.<br \/>\nGaismas jauda (l\u016bmeni) 1200.<\/p>\n<p><\/p>","protected":false},"excerpt":{"rendered":"<p>Fluoresc\u0113jo\u0161a. Jauda 18w. Aptum\u0161ojams J\u0101 V\u0101ci\u0146\u0161\/b\u0101ze G24q-2 (4 tapas). Tapu skaits 4. Kr\u0101su temperat\u016bra (Kelvins) 3000K &#8211; Silti balta. Kr\u0101sas kods 830 &#8211; silti balts. Kr\u0101su atveide (Ra) 80-89. Gaismas jauda (l\u016bmeni) 1200.<\/p>\n","protected":false},"featured_media":32834,"comment_status":"closed","ping_status":"closed","template":"","meta":{"inline_featured_image":false},"product_cat":[772,865],"product_tag":[],"yst_prominent_words":[],"class_list":{"0":"post-32812","1":"product","2":"type-product","3":"status-publish","4":"has-post-thumbnail","6":"product_cat-atlaides","7":"product_cat-g24-spuldzes-cf-kompaktas-spuldzes-luminiscentas-spuldzes-spuldzes","9":"first","10":"instock","11":"sale","12":"taxable","13":"shipping-taxable","14":"purchasable","15":"product-type-simple"},"jetpack_sharing_enabled":true,"_links":{"self":[{"href":"https:\/\/ddt.lv\/lv\/wp-json\/wp\/v2\/product\/32812"}],"collection":[{"href":"https:\/\/ddt.lv\/lv\/wp-json\/wp\/v2\/product"}],"about":[{"href":"https:\/\/ddt.lv\/lv\/wp-json\/wp\/v2\/types\/product"}],"replies":[{"embeddable":true,"href":"https:\/\/ddt.lv\/lv\/wp-json\/wp\/v2\/comments?post=32812"}],"wp:featuredmedia":[{"embeddable":true,"href":"https:\/\/ddt.lv\/lv\/wp-json\/wp\/v2\/media\/32834"}],"wp:attachment":[{"href":"https:\/\/ddt.lv\/lv\/wp-json\/wp\/v2\/media?parent=32812"}],"wp:term":[{"taxonomy":"product_cat","embeddable":true,"href":"https:\/\/ddt.lv\/lv\/wp-json\/wp\/v2\/product_cat?post=32812"},{"taxonomy":"product_tag","embeddable":true,"href":"https:\/\/ddt.lv\/lv\/wp-json\/wp\/v2\/product_tag?post=32812"},{"taxonomy":"yst_prominent_words","embeddable":true,"href":"https:\/\/ddt.lv\/lv\/wp-json\/wp\/v2\/yst_prominent_words?post=32812"}],"curies":[{"name":"wp","href":"https:\/\/api.w.org\/{rel}","templated":true}]}}