{"id":32809,"date":"2022-02-22T15:00:21","date_gmt":"2022-02-22T13:00:21","guid":{"rendered":"https:\/\/ddt.lv\/lv\/product\/f15w-840-t8-g13-luminiscenta-spuldze-zext\/"},"modified":"2026-04-13T09:48:01","modified_gmt":"2026-04-13T06:48:01","slug":"f15w-840-t8-g13-luminiscenta-spuldze-zext","status":"publish","type":"product","link":"https:\/\/ddt.lv\/lv\/product\/f15w-840-t8-g13-luminiscenta-spuldze-zext\/","title":{"rendered":"F15W\/840 T8 G13 luminiscent\u0101 spuldze ZEXT"},"content":{"rendered":"<p>Kr\u0101su temperat\u016bra: 4000K.<br \/>\n    V\u0101ci\u0146\u0161: G13.<br \/>\n    Vid\u0113jais kalpo\u0161anas laiks: 20 000 stundu.<br \/>\n    Stara le\u0146\u0137is (gr\u0101di): 360.<br \/>\n    Jauda (vati): 15.<\/p>","protected":false},"excerpt":{"rendered":"<p>Kr\u0101su temperat\u016bra: 4000K. V\u0101ci\u0146\u0161: G13. Vid\u0113jais kalpo\u0161anas laiks: 20 000 stundu. Stara le\u0146\u0137is (gr\u0101di): 360. Jauda (vati): 15.<\/p>\n","protected":false},"featured_media":32840,"comment_status":"closed","ping_status":"closed","template":"","meta":{"inline_featured_image":false},"product_cat":[861],"product_tag":[],"yst_prominent_words":[],"class_list":{"0":"post-32809","1":"product","2":"type-product","3":"status-publish","4":"has-post-thumbnail","6":"product_cat-t8-spuldzes-luminiscentas-spuldzes-spuldzes","8":"first","9":"instock","10":"taxable","11":"shipping-taxable","12":"purchasable","13":"product-type-simple"},"jetpack_sharing_enabled":true,"_links":{"self":[{"href":"https:\/\/ddt.lv\/lv\/wp-json\/wp\/v2\/product\/32809"}],"collection":[{"href":"https:\/\/ddt.lv\/lv\/wp-json\/wp\/v2\/product"}],"about":[{"href":"https:\/\/ddt.lv\/lv\/wp-json\/wp\/v2\/types\/product"}],"replies":[{"embeddable":true,"href":"https:\/\/ddt.lv\/lv\/wp-json\/wp\/v2\/comments?post=32809"}],"wp:featuredmedia":[{"embeddable":true,"href":"https:\/\/ddt.lv\/lv\/wp-json\/wp\/v2\/media\/32840"}],"wp:attachment":[{"href":"https:\/\/ddt.lv\/lv\/wp-json\/wp\/v2\/media?parent=32809"}],"wp:term":[{"taxonomy":"product_cat","embeddable":true,"href":"https:\/\/ddt.lv\/lv\/wp-json\/wp\/v2\/product_cat?post=32809"},{"taxonomy":"product_tag","embeddable":true,"href":"https:\/\/ddt.lv\/lv\/wp-json\/wp\/v2\/product_tag?post=32809"},{"taxonomy":"yst_prominent_words","embeddable":true,"href":"https:\/\/ddt.lv\/lv\/wp-json\/wp\/v2\/yst_prominent_words?post=32809"}],"curies":[{"name":"wp","href":"https:\/\/api.w.org\/{rel}","templated":true}]}}