{"id":32771,"date":"2022-02-17T13:30:16","date_gmt":"2022-02-17T11:30:16","guid":{"rendered":"https:\/\/ddt.lv\/lv\/product\/17635-led-premium-lukturis-24906-varta\/"},"modified":"2026-04-13T09:46:47","modified_gmt":"2026-04-13T06:46:47","slug":"17635-led-premium-lukturis-24906-varta","status":"publish","type":"product","link":"https:\/\/ddt.lv\/lv\/product\/17635-led-premium-lukturis-24906-varta\/","title":{"rendered":"17635 LED PREMIUM Lukturis 2*4906 VARTA"},"content":{"rendered":"<p>Augstas kvalit\u0101tes, \u0161\u013cakat\u0101m dro\u0161s, 6 virzienos apstr\u0101d\u0101ts alum\u012bnija korpuss ar ekskluz\u012bvu dizainu. Inovat\u012bvs 1 vatu lieljaudas LED maksim\u0101lam gaismas komfortam. Nep\u0101rtraukti fokus\u0113jams gaismas konuss (no punkta uz izpl\u016bst gaismu).<\/p>","protected":false},"excerpt":{"rendered":"<p>Augstas kvalit\u0101tes, \u0161\u013cakat\u0101m dro\u0161s, 6 virzienos apstr\u0101d\u0101ts alum\u012bnija korpuss ar ekskluz\u012bvu dizainu. Inovat\u012bvs 1 vatu lieljaudas LED maksim\u0101lam gaismas komfortam. Nep\u0101rtraukti fokus\u0113jams gaismas konuss (no punkta uz izpl\u016bst gaismu).<\/p>\n","protected":false},"featured_media":32772,"comment_status":"closed","ping_status":"closed","template":"","meta":{"inline_featured_image":false},"product_cat":[772,727,726],"product_tag":[],"yst_prominent_words":[],"class_list":{"0":"post-32771","1":"product","2":"type-product","3":"status-publish","4":"has-post-thumbnail","6":"product_cat-atlaides","7":"product_cat-galvas","8":"product_cat-kabatas","10":"first","11":"instock","12":"sale","13":"taxable","14":"shipping-taxable","15":"purchasable","16":"product-type-simple"},"jetpack_sharing_enabled":true,"_links":{"self":[{"href":"https:\/\/ddt.lv\/lv\/wp-json\/wp\/v2\/product\/32771"}],"collection":[{"href":"https:\/\/ddt.lv\/lv\/wp-json\/wp\/v2\/product"}],"about":[{"href":"https:\/\/ddt.lv\/lv\/wp-json\/wp\/v2\/types\/product"}],"replies":[{"embeddable":true,"href":"https:\/\/ddt.lv\/lv\/wp-json\/wp\/v2\/comments?post=32771"}],"wp:featuredmedia":[{"embeddable":true,"href":"https:\/\/ddt.lv\/lv\/wp-json\/wp\/v2\/media\/32772"}],"wp:attachment":[{"href":"https:\/\/ddt.lv\/lv\/wp-json\/wp\/v2\/media?parent=32771"}],"wp:term":[{"taxonomy":"product_cat","embeddable":true,"href":"https:\/\/ddt.lv\/lv\/wp-json\/wp\/v2\/product_cat?post=32771"},{"taxonomy":"product_tag","embeddable":true,"href":"https:\/\/ddt.lv\/lv\/wp-json\/wp\/v2\/product_tag?post=32771"},{"taxonomy":"yst_prominent_words","embeddable":true,"href":"https:\/\/ddt.lv\/lv\/wp-json\/wp\/v2\/yst_prominent_words?post=32771"}],"curies":[{"name":"wp","href":"https:\/\/api.w.org\/{rel}","templated":true}]}}