{"id":32770,"date":"2022-02-17T13:30:15","date_gmt":"2022-02-17T11:30:15","guid":{"rendered":"https:\/\/ddt.lv\/lv\/product\/16603-led-metal-key-chain-2cr2016-bl1-lukturis-varta\/"},"modified":"2026-04-06T10:50:30","modified_gmt":"2026-04-06T07:50:30","slug":"16603-led-metal-key-chain-2cr2016-bl1-lukturis-varta","status":"publish","type":"product","link":"https:\/\/ddt.lv\/lv\/product\/16603-led-metal-key-chain-2cr2016-bl1-lukturis-varta\/","title":{"rendered":"16603 LED METAL KEY CHAIN 2*CR2016 BL1 lukturis VARTA"},"content":{"rendered":"<p>Varta L.E.D. METAL KEY CHAIN lukturis. Luktura veids: Atsl\u0113gu piekari\u0146a luktur\u012btis, Produkta kr\u0101sa: Hroms. Lampas tips: LED, Gaismas pl\u016bsma: 15 lm, Staru diapazons: 11 m. Baterijas veids: 2xCR2016, Baterijas darb\u012bbas laiks (maks.): 6 h.<\/p>","protected":false},"excerpt":{"rendered":"<p>Varta L.E.D. METAL KEY CHAIN lukturis. Luktura veids: Atsl\u0113gu piekari\u0146a luktur\u012btis, Produkta kr\u0101sa: Hroms. Lampas tips: LED, Gaismas pl\u016bsma: 15 lm, Staru diapazons: 11 m. Baterijas veids: 2xCR2016, Baterijas darb\u012bbas laiks (maks.): 6 h.<\/p>\n","protected":false},"featured_media":32775,"comment_status":"closed","ping_status":"closed","template":"","meta":{"inline_featured_image":false},"product_cat":[772,726],"product_tag":[],"yst_prominent_words":[],"class_list":{"0":"post-32770","1":"product","2":"type-product","3":"status-publish","4":"has-post-thumbnail","6":"product_cat-atlaides","7":"product_cat-kabatas","9":"first","10":"instock","11":"sale","12":"taxable","13":"shipping-taxable","14":"purchasable","15":"product-type-simple"},"jetpack_sharing_enabled":true,"_links":{"self":[{"href":"https:\/\/ddt.lv\/lv\/wp-json\/wp\/v2\/product\/32770"}],"collection":[{"href":"https:\/\/ddt.lv\/lv\/wp-json\/wp\/v2\/product"}],"about":[{"href":"https:\/\/ddt.lv\/lv\/wp-json\/wp\/v2\/types\/product"}],"replies":[{"embeddable":true,"href":"https:\/\/ddt.lv\/lv\/wp-json\/wp\/v2\/comments?post=32770"}],"wp:featuredmedia":[{"embeddable":true,"href":"https:\/\/ddt.lv\/lv\/wp-json\/wp\/v2\/media\/32775"}],"wp:attachment":[{"href":"https:\/\/ddt.lv\/lv\/wp-json\/wp\/v2\/media?parent=32770"}],"wp:term":[{"taxonomy":"product_cat","embeddable":true,"href":"https:\/\/ddt.lv\/lv\/wp-json\/wp\/v2\/product_cat?post=32770"},{"taxonomy":"product_tag","embeddable":true,"href":"https:\/\/ddt.lv\/lv\/wp-json\/wp\/v2\/product_tag?post=32770"},{"taxonomy":"yst_prominent_words","embeddable":true,"href":"https:\/\/ddt.lv\/lv\/wp-json\/wp\/v2\/yst_prominent_words?post=32770"}],"curies":[{"name":"wp","href":"https:\/\/api.w.org\/{rel}","templated":true}]}}