{"id":32768,"date":"2022-02-17T13:20:21","date_gmt":"2022-02-17T11:20:21","guid":{"rendered":"https:\/\/ddt.lv\/lv\/product\/32768\/"},"modified":"2026-04-08T14:28:05","modified_gmt":"2026-04-08T11:28:05","slug":"32768","status":"publish","type":"product","link":"https:\/\/ddt.lv\/lv\/product\/auto-sprieguma-parveidotajs-12v-230v-max-100w-ar-usb-emos\/","title":{"rendered":"Auto sprieguma p\u0101rveidot\u0101js 12V\/230V, max.100W ar USB EMOS"},"content":{"rendered":"<p>Jaud\u012bg\u0101ks modelis, kas paredz\u0113ts mobilo t\u0101lru\u0146u, viedt\u0101lru\u0146u, plan\u0161etdatoru, netbook, ultrabook un kl\u0113pjdatoru, printeru, kameru un DVD atska\u0146ot\u0101ju darbin\u0101\u0161anai.<br \/>\nIzejas sprieguma puls\u0101cija ir modific\u0113ta sinuso\u012bda form\u0101.<br \/>\nAizsardz\u012bba pret p\u0101rkar\u0161anu, \u012bssavienojumiem, p\u0101rspriegumiem, p\u0101rslodzi un akumulatora izl\u0101di.<br \/>\n12 V DC no automa\u0161\u012bnas.<br \/>\nUSB izejas str\u0101va max 2100 mA.<br \/>\nparedz\u0113ts automa\u0161\u012bnai.<br \/>\nizejas spriegums 230 V ~, 50 Hz.<br \/>\nUSB izeju skaits 1.<br \/>\nmiera str\u0101vas pat\u0113ri\u0146\u0161 0,25 A.<br \/>\nmaks.slodze &#8211; nemain\u012bga 100 W.<br \/>\nmaksim\u0101l\u0101 slodze &#8211; pie maksim\u0101l\u0101s jaudas 200 W.<br \/>\nbaro\u0161anas tipa cigare\u0161u adapteris, kabelis 0,5 m.<br \/>\nizm\u0113rs 65 \u00d7 54 \u00d7 145 mm.<\/p>\n<p><\/p>","protected":false},"excerpt":{"rendered":"<p>Jaud\u012bg\u0101ks modelis, kas paredz\u0113ts mobilo t\u0101lru\u0146u, viedt\u0101lru\u0146u, plan\u0161etdatoru, netbook, ultrabook un kl\u0113pjdatoru, printeru, kameru un DVD atska\u0146ot\u0101ju darbin\u0101\u0161anai. Izejas sprieguma puls\u0101cija ir modific\u0113ta sinuso\u012bda form\u0101. Aizsardz\u012bba pret p\u0101rkar\u0161anu, \u012bssavienojumiem, p\u0101rspriegumiem, p\u0101rslodzi un akumulatora izl\u0101di. 12 V DC no automa\u0161\u012bnas. USB izejas str\u0101va max 2100 mA. paredz\u0113ts automa\u0161\u012bnai. izejas spriegums 230 V ~, 50 Hz. USB [&hellip;]<\/p>\n","protected":false},"featured_media":32777,"comment_status":"closed","ping_status":"closed","template":"","meta":{"inline_featured_image":false},"product_cat":[836],"product_tag":[],"yst_prominent_words":[],"class_list":{"0":"post-32768","1":"product","2":"type-product","3":"status-publish","4":"has-post-thumbnail","6":"product_cat-12v-mobilo-telefonu-ladetaji","8":"first","9":"outofstock","10":"taxable","11":"shipping-taxable","12":"purchasable","13":"product-type-simple"},"jetpack_sharing_enabled":true,"_links":{"self":[{"href":"https:\/\/ddt.lv\/lv\/wp-json\/wp\/v2\/product\/32768"}],"collection":[{"href":"https:\/\/ddt.lv\/lv\/wp-json\/wp\/v2\/product"}],"about":[{"href":"https:\/\/ddt.lv\/lv\/wp-json\/wp\/v2\/types\/product"}],"replies":[{"embeddable":true,"href":"https:\/\/ddt.lv\/lv\/wp-json\/wp\/v2\/comments?post=32768"}],"wp:featuredmedia":[{"embeddable":true,"href":"https:\/\/ddt.lv\/lv\/wp-json\/wp\/v2\/media\/32777"}],"wp:attachment":[{"href":"https:\/\/ddt.lv\/lv\/wp-json\/wp\/v2\/media?parent=32768"}],"wp:term":[{"taxonomy":"product_cat","embeddable":true,"href":"https:\/\/ddt.lv\/lv\/wp-json\/wp\/v2\/product_cat?post=32768"},{"taxonomy":"product_tag","embeddable":true,"href":"https:\/\/ddt.lv\/lv\/wp-json\/wp\/v2\/product_tag?post=32768"},{"taxonomy":"yst_prominent_words","embeddable":true,"href":"https:\/\/ddt.lv\/lv\/wp-json\/wp\/v2\/yst_prominent_words?post=32768"}],"curies":[{"name":"wp","href":"https:\/\/api.w.org\/{rel}","templated":true}]}}