{"id":32767,"date":"2022-02-17T13:20:21","date_gmt":"2022-02-17T11:20:21","guid":{"rendered":"https:\/\/ddt.lv\/lv\/product\/3-6v-2550mah-li-ion-akumulators-samsung\/"},"modified":"2026-04-13T10:00:54","modified_gmt":"2026-04-13T07:00:54","slug":"3-6v-2550mah-li-ion-akumulators-samsung","status":"publish","type":"product","link":"https:\/\/ddt.lv\/lv\/product\/3-6v-2550mah-li-ion-akumulators-samsung\/","title":{"rendered":"3.6V 2550mAh Li-ion akumulators SAMSUNG"},"content":{"rendered":"<p>18650.<br \/>\nTehnolo\u0123ija Li-ion.<br \/>\nSpriegums 3,6 V.<br \/>\nJauda 2500 mAh.<br \/>\nMaks. uzl\u0101des spriegums 4,2 V.<br \/>\nMaks. uzl\u0101des str\u0101va 4000 mA.<br \/>\nTermin\u0101la spriegums 2,5 V.<br \/>\nIzl\u0101des str\u0101va (maks.) 20 A.<br \/>\nMin. temperat\u016bra -20 \u00b0C.<br \/>\nMaks. temperat\u016bra +75 \u00b0C.<br \/>\nAugstums 65 mm.<br \/>\n(\u00d8) 18 mm.<br \/>\nSvars 45 g.<\/p>\n<p><\/p>","protected":false},"excerpt":{"rendered":"<p>18650. Tehnolo\u0123ija Li-ion. Spriegums 3,6 V. Jauda 2500 mAh. Maks. uzl\u0101des spriegums 4,2 V. Maks. uzl\u0101des str\u0101va 4000 mA. Termin\u0101la spriegums 2,5 V. Izl\u0101des str\u0101va (maks.) 20 A. Min. temperat\u016bra -20 \u00b0C. Maks. temperat\u016bra +75 \u00b0C. Augstums 65 mm. (\u00d8) 18 mm. Svars 45 g.<\/p>\n","protected":false},"featured_media":32780,"comment_status":"closed","ping_status":"closed","template":"","meta":{"inline_featured_image":false},"product_cat":[932],"product_tag":[],"yst_prominent_words":[],"class_list":{"0":"post-32767","1":"product","2":"type-product","3":"status-publish","4":"has-post-thumbnail","6":"product_cat-spec-pielietojuma-baterijas","8":"first","9":"outofstock","10":"taxable","11":"shipping-taxable","12":"purchasable","13":"product-type-simple"},"jetpack_sharing_enabled":true,"_links":{"self":[{"href":"https:\/\/ddt.lv\/lv\/wp-json\/wp\/v2\/product\/32767"}],"collection":[{"href":"https:\/\/ddt.lv\/lv\/wp-json\/wp\/v2\/product"}],"about":[{"href":"https:\/\/ddt.lv\/lv\/wp-json\/wp\/v2\/types\/product"}],"replies":[{"embeddable":true,"href":"https:\/\/ddt.lv\/lv\/wp-json\/wp\/v2\/comments?post=32767"}],"wp:featuredmedia":[{"embeddable":true,"href":"https:\/\/ddt.lv\/lv\/wp-json\/wp\/v2\/media\/32780"}],"wp:attachment":[{"href":"https:\/\/ddt.lv\/lv\/wp-json\/wp\/v2\/media?parent=32767"}],"wp:term":[{"taxonomy":"product_cat","embeddable":true,"href":"https:\/\/ddt.lv\/lv\/wp-json\/wp\/v2\/product_cat?post=32767"},{"taxonomy":"product_tag","embeddable":true,"href":"https:\/\/ddt.lv\/lv\/wp-json\/wp\/v2\/product_tag?post=32767"},{"taxonomy":"yst_prominent_words","embeddable":true,"href":"https:\/\/ddt.lv\/lv\/wp-json\/wp\/v2\/yst_prominent_words?post=32767"}],"curies":[{"name":"wp","href":"https:\/\/api.w.org\/{rel}","templated":true}]}}