{"id":32766,"date":"2022-02-17T13:20:20","date_gmt":"2022-02-17T11:20:20","guid":{"rendered":"https:\/\/ddt.lv\/lv\/product\/lsh14-3-6v-58ah-lithium-baterija-saft\/"},"modified":"2026-04-06T10:52:24","modified_gmt":"2026-04-06T07:52:24","slug":"lsh14-3-6v-58ah-lithium-baterija-saft","status":"publish","type":"product","link":"https:\/\/ddt.lv\/lv\/product\/lsh14-3-6v-58ah-lithium-baterija-saft\/","title":{"rendered":"LSH14 3.6V 5,8Ah LITHIUM baterija SAFT"},"content":{"rendered":"<p>\u0160\u012bs baterijas ir ide\u0101li piem\u0113rotas ilgsto\u0161ai lieto\u0161anai, piem\u0113ram, elektroniskajiem svariem, signaliz\u0101cijai, GPS, \u016bdens, siltuma un g\u0101zes skait\u012bt\u0101jiem, r\u0101cij\u0101m un cit\u0101m specifisk\u0101m ikdienas, profesion\u0101l\u0101m un r\u016bpniecisk\u0101m vajadz\u012bb\u0101m.<br \/>\nNer\u016bs\u0113jo\u0161\u0101 t\u0113rauda konteiners.<br \/>\nHerm\u0113tisks stikls-met\u0101ls bl\u012bv\u0113jums.<br \/>\nIeb\u016bv\u0113ta dro\u0161\u012bbas ventil\u0101cija.<br \/>\n5 A dro\u0161in\u0101t\u0101js.<br \/>\nNedego\u0161s elektrol\u012bts.<\/p>\n<p><\/p>","protected":false},"excerpt":{"rendered":"<p>\u0160\u012bs baterijas ir ide\u0101li piem\u0113rotas ilgsto\u0161ai lieto\u0161anai, piem\u0113ram, elektroniskajiem svariem, signaliz\u0101cijai, GPS, \u016bdens, siltuma un g\u0101zes skait\u012bt\u0101jiem, r\u0101cij\u0101m un cit\u0101m specifisk\u0101m ikdienas, profesion\u0101l\u0101m un r\u016bpniecisk\u0101m vajadz\u012bb\u0101m. Ner\u016bs\u0113jo\u0161\u0101 t\u0113rauda konteiners. Herm\u0113tisks stikls-met\u0101ls bl\u012bv\u0113jums. Ieb\u016bv\u0113ta dro\u0161\u012bbas ventil\u0101cija. 5 A dro\u0161in\u0101t\u0101js. Nedego\u0161s elektrol\u012bts.<\/p>\n","protected":false},"featured_media":32782,"comment_status":"closed","ping_status":"closed","template":"","meta":{"inline_featured_image":false},"product_cat":[772,932],"product_tag":[],"yst_prominent_words":[],"class_list":{"0":"post-32766","1":"product","2":"type-product","3":"status-publish","4":"has-post-thumbnail","6":"product_cat-atlaides","7":"product_cat-spec-pielietojuma-baterijas","9":"first","10":"instock","11":"sale","12":"taxable","13":"shipping-taxable","14":"purchasable","15":"product-type-simple"},"jetpack_sharing_enabled":true,"_links":{"self":[{"href":"https:\/\/ddt.lv\/lv\/wp-json\/wp\/v2\/product\/32766"}],"collection":[{"href":"https:\/\/ddt.lv\/lv\/wp-json\/wp\/v2\/product"}],"about":[{"href":"https:\/\/ddt.lv\/lv\/wp-json\/wp\/v2\/types\/product"}],"replies":[{"embeddable":true,"href":"https:\/\/ddt.lv\/lv\/wp-json\/wp\/v2\/comments?post=32766"}],"wp:featuredmedia":[{"embeddable":true,"href":"https:\/\/ddt.lv\/lv\/wp-json\/wp\/v2\/media\/32782"}],"wp:attachment":[{"href":"https:\/\/ddt.lv\/lv\/wp-json\/wp\/v2\/media?parent=32766"}],"wp:term":[{"taxonomy":"product_cat","embeddable":true,"href":"https:\/\/ddt.lv\/lv\/wp-json\/wp\/v2\/product_cat?post=32766"},{"taxonomy":"product_tag","embeddable":true,"href":"https:\/\/ddt.lv\/lv\/wp-json\/wp\/v2\/product_tag?post=32766"},{"taxonomy":"yst_prominent_words","embeddable":true,"href":"https:\/\/ddt.lv\/lv\/wp-json\/wp\/v2\/yst_prominent_words?post=32766"}],"curies":[{"name":"wp","href":"https:\/\/api.w.org\/{rel}","templated":true}]}}