{"id":32765,"date":"2022-02-17T13:20:20","date_gmt":"2022-02-17T11:20:20","guid":{"rendered":"https:\/\/ddt.lv\/lv\/product\/accu-baterija-ni-mh-c-3500mah-bl2-camelion\/"},"modified":"2026-04-13T09:47:25","modified_gmt":"2026-04-13T06:47:25","slug":"accu-baterija-ni-mh-c-3500mah-bl2-camelion","status":"publish","type":"product","link":"https:\/\/ddt.lv\/lv\/product\/accu-baterija-ni-mh-c-3500mah-bl2-camelion\/","title":{"rendered":"Accu baterija NI-MH C 3500mAh BL2 CAMELION"},"content":{"rendered":"<p>Camelion NH-C3500BP2. Akumulatora tehnolo\u0123ija: Ni\u0137e\u013ca met\u0101la hidr\u012bds, Akumulatora ietilp\u012bba: 3500 mAh, Akumulatora spriegums: 1,2 V. Svars: 70 g, Augstums: 49,5 mm, Diametrs: 25,5 mm. Produkta kr\u0101sa: Sudraba. Iepakojuma izm\u0113ri: 90 x 27 x 117 mm.<\/p>","protected":false},"excerpt":{"rendered":"<p>Camelion NH-C3500BP2. Akumulatora tehnolo\u0123ija: Ni\u0137e\u013ca met\u0101la hidr\u012bds, Akumulatora ietilp\u012bba: 3500 mAh, Akumulatora spriegums: 1,2 V. Svars: 70 g, Augstums: 49,5 mm, Diametrs: 25,5 mm. Produkta kr\u0101sa: Sudraba. Iepakojuma izm\u0113ri: 90 x 27 x 117 mm.<\/p>\n","protected":false},"featured_media":32781,"comment_status":"closed","ping_status":"closed","template":"","meta":{"inline_featured_image":false},"product_cat":[443],"product_tag":[],"yst_prominent_words":[],"class_list":{"0":"post-32765","1":"product","2":"type-product","3":"status-publish","4":"has-post-thumbnail","6":"product_cat-c","8":"first","9":"instock","10":"taxable","11":"shipping-taxable","12":"purchasable","13":"product-type-simple"},"jetpack_sharing_enabled":true,"_links":{"self":[{"href":"https:\/\/ddt.lv\/lv\/wp-json\/wp\/v2\/product\/32765"}],"collection":[{"href":"https:\/\/ddt.lv\/lv\/wp-json\/wp\/v2\/product"}],"about":[{"href":"https:\/\/ddt.lv\/lv\/wp-json\/wp\/v2\/types\/product"}],"replies":[{"embeddable":true,"href":"https:\/\/ddt.lv\/lv\/wp-json\/wp\/v2\/comments?post=32765"}],"wp:featuredmedia":[{"embeddable":true,"href":"https:\/\/ddt.lv\/lv\/wp-json\/wp\/v2\/media\/32781"}],"wp:attachment":[{"href":"https:\/\/ddt.lv\/lv\/wp-json\/wp\/v2\/media?parent=32765"}],"wp:term":[{"taxonomy":"product_cat","embeddable":true,"href":"https:\/\/ddt.lv\/lv\/wp-json\/wp\/v2\/product_cat?post=32765"},{"taxonomy":"product_tag","embeddable":true,"href":"https:\/\/ddt.lv\/lv\/wp-json\/wp\/v2\/product_tag?post=32765"},{"taxonomy":"yst_prominent_words","embeddable":true,"href":"https:\/\/ddt.lv\/lv\/wp-json\/wp\/v2\/yst_prominent_words?post=32765"}],"curies":[{"name":"wp","href":"https:\/\/api.w.org\/{rel}","templated":true}]}}