{"id":32764,"date":"2022-02-17T13:20:19","date_gmt":"2022-02-17T11:20:19","guid":{"rendered":"https:\/\/ddt.lv\/lv\/product\/v312at-1-45v-pr41-zinc-air-acoustic-extra-adv-bl6-hg0-baterija-rayovac\/"},"modified":"2026-04-20T16:20:29","modified_gmt":"2026-04-20T13:20:29","slug":"v312at-1-45v-pr41-zinc-air-acoustic-extra-adv-bl6-hg0-baterija-rayovac","status":"publish","type":"product","link":"https:\/\/ddt.lv\/lv\/product\/v312at-1-45v-pr41-zinc-air-acoustic-extra-adv-bl6-hg0-baterija-rayovac\/","title":{"rendered":"V312AT 1.45V PR41 Zinc-Air Acoustic EXTRA ADV.BL6 HG=0 baterija Rayovac"},"content":{"rendered":"<p>Cinka gaisa baterija.<br \/>\nPielietojums: dzirdes apar\u0101ti, runas procesori, citas medic\u012bnisk\u0101s ier\u012bces, kur\u0101m nepiecie\u0161ama uzticama un efekt\u012bva str\u0101vas padeve, k\u0101 ar\u012b spiegu piederumi, noklaus\u012b\u0161an\u0101s ier\u012bces utt.<br \/>\nNomin\u0101lais spriegums: 1,45 V.<\/p>\n<p><\/p>","protected":false},"excerpt":{"rendered":"<p>Cinka gaisa baterija. Pielietojums: dzirdes apar\u0101ti, runas procesori, citas medic\u012bnisk\u0101s ier\u012bces, kur\u0101m nepiecie\u0161ama uzticama un efekt\u012bva str\u0101vas padeve, k\u0101 ar\u012b spiegu piederumi, noklaus\u012b\u0161an\u0101s ier\u012bces utt. Nomin\u0101lais spriegums: 1,45 V.<\/p>\n","protected":false},"featured_media":32783,"comment_status":"closed","ping_status":"closed","template":"","meta":{"inline_featured_image":false},"product_cat":[772,448],"product_tag":[],"yst_prominent_words":[],"class_list":{"0":"post-32764","1":"product","2":"type-product","3":"status-publish","4":"has-post-thumbnail","6":"product_cat-atlaides","7":"product_cat-dzirdes-aparatiem","9":"first","10":"instock","11":"sale","12":"taxable","13":"shipping-taxable","14":"purchasable","15":"product-type-simple"},"jetpack_sharing_enabled":true,"_links":{"self":[{"href":"https:\/\/ddt.lv\/lv\/wp-json\/wp\/v2\/product\/32764"}],"collection":[{"href":"https:\/\/ddt.lv\/lv\/wp-json\/wp\/v2\/product"}],"about":[{"href":"https:\/\/ddt.lv\/lv\/wp-json\/wp\/v2\/types\/product"}],"replies":[{"embeddable":true,"href":"https:\/\/ddt.lv\/lv\/wp-json\/wp\/v2\/comments?post=32764"}],"wp:featuredmedia":[{"embeddable":true,"href":"https:\/\/ddt.lv\/lv\/wp-json\/wp\/v2\/media\/32783"}],"wp:attachment":[{"href":"https:\/\/ddt.lv\/lv\/wp-json\/wp\/v2\/media?parent=32764"}],"wp:term":[{"taxonomy":"product_cat","embeddable":true,"href":"https:\/\/ddt.lv\/lv\/wp-json\/wp\/v2\/product_cat?post=32764"},{"taxonomy":"product_tag","embeddable":true,"href":"https:\/\/ddt.lv\/lv\/wp-json\/wp\/v2\/product_tag?post=32764"},{"taxonomy":"yst_prominent_words","embeddable":true,"href":"https:\/\/ddt.lv\/lv\/wp-json\/wp\/v2\/yst_prominent_words?post=32764"}],"curies":[{"name":"wp","href":"https:\/\/api.w.org\/{rel}","templated":true}]}}