{"id":32763,"date":"2022-02-17T13:20:19","date_gmt":"2022-02-17T11:20:19","guid":{"rendered":"https:\/\/ddt.lv\/lv\/product\/aaa-2-400mah-solar-akumulators-raver\/"},"modified":"2026-04-13T09:48:07","modified_gmt":"2026-04-13T06:48:07","slug":"aaa-2-400mah-solar-akumulators-raver","status":"publish","type":"product","link":"https:\/\/ddt.lv\/lv\/product\/aaa-2-400mah-solar-akumulators-raver\/","title":{"rendered":"AAA\/2 400mAh Solar akumulators  RAVER 2gab\/bl"},"content":{"rendered":"<p>RAVER SOLAR uzl\u0101d\u0113jam\u0101s baterijas ir paredz\u0113tas izmanto\u0161anai d\u0101rza saules gaismek\u013cos.Nomainot gaismekl\u012b vec\u0101s baterijas, J\u016bs atjaunosiet pilnu gaismek\u013ca funkcionalit\u0101ti.<br \/>\nRaver Solar akumulatoru specifik\u0101cijas piln\u012bb\u0101 kop\u0113 \u0161o gaismek\u013cu pras\u012bbas, \u012bpa\u0161i kop\u0113j\u0101s iztur\u012bbas zi\u0146\u0101.<br \/>\nAr savu jaudu tie garant\u0113 maksim\u0101lo gaismek\u013ca gaismas ilgumu, ir piel\u0101goti ikdienas uzl\u0101des ciklam un 500 uzl\u0101des cikli garant\u0113 pietiekamu \u0161o akumulatoru kalpo\u0161anas laiku.<\/p>","protected":false},"excerpt":{"rendered":"<p>RAVER SOLAR uzl\u0101d\u0113jam\u0101s baterijas ir paredz\u0113tas izmanto\u0161anai d\u0101rza saules gaismek\u013cos.Nomainot gaismekl\u012b vec\u0101s baterijas, J\u016bs atjaunosiet pilnu gaismek\u013ca funkcionalit\u0101ti. Raver Solar akumulatoru specifik\u0101cijas piln\u012bb\u0101 kop\u0113 \u0161o gaismek\u013cu pras\u012bbas, \u012bpa\u0161i kop\u0113j\u0101s iztur\u012bbas zi\u0146\u0101. Ar savu jaudu tie garant\u0113 maksim\u0101lo gaismek\u013ca gaismas ilgumu, ir piel\u0101goti ikdienas uzl\u0101des ciklam un 500 uzl\u0101des cikli garant\u0113 pietiekamu \u0161o akumulatoru kalpo\u0161anas laiku.<\/p>\n","protected":false},"featured_media":32784,"comment_status":"closed","ping_status":"closed","template":"","meta":{"inline_featured_image":false},"product_cat":[442],"product_tag":[],"yst_prominent_words":[],"class_list":{"0":"post-32763","1":"product","2":"type-product","3":"status-publish","4":"has-post-thumbnail","6":"product_cat-aaa","8":"first","9":"instock","10":"taxable","11":"shipping-taxable","12":"purchasable","13":"product-type-simple"},"jetpack_sharing_enabled":true,"_links":{"self":[{"href":"https:\/\/ddt.lv\/lv\/wp-json\/wp\/v2\/product\/32763"}],"collection":[{"href":"https:\/\/ddt.lv\/lv\/wp-json\/wp\/v2\/product"}],"about":[{"href":"https:\/\/ddt.lv\/lv\/wp-json\/wp\/v2\/types\/product"}],"replies":[{"embeddable":true,"href":"https:\/\/ddt.lv\/lv\/wp-json\/wp\/v2\/comments?post=32763"}],"wp:featuredmedia":[{"embeddable":true,"href":"https:\/\/ddt.lv\/lv\/wp-json\/wp\/v2\/media\/32784"}],"wp:attachment":[{"href":"https:\/\/ddt.lv\/lv\/wp-json\/wp\/v2\/media?parent=32763"}],"wp:term":[{"taxonomy":"product_cat","embeddable":true,"href":"https:\/\/ddt.lv\/lv\/wp-json\/wp\/v2\/product_cat?post=32763"},{"taxonomy":"product_tag","embeddable":true,"href":"https:\/\/ddt.lv\/lv\/wp-json\/wp\/v2\/product_tag?post=32763"},{"taxonomy":"yst_prominent_words","embeddable":true,"href":"https:\/\/ddt.lv\/lv\/wp-json\/wp\/v2\/yst_prominent_words?post=32763"}],"curies":[{"name":"wp","href":"https:\/\/api.w.org\/{rel}","templated":true}]}}