{"id":32761,"date":"2022-02-17T13:20:18","date_gmt":"2022-02-17T11:20:18","guid":{"rendered":"https:\/\/ddt.lv\/lv\/product\/4r25x-6v-8-5ah-baterija-longlife-plus-varta\/"},"modified":"2026-04-01T00:07:48","modified_gmt":"2026-03-31T21:07:48","slug":"4r25x-6v-8-5ah-baterija-longlife-plus-varta","status":"publish","type":"product","link":"https:\/\/ddt.lv\/lv\/product\/4r25x-6v-8-5ah-baterija-longlife-plus-varta\/","title":{"rendered":"4R25X 6V 8.5Ah baterija Longlife PLUS VARTA"},"content":{"rendered":"<p>Kompakta un jaud\u012bga baterija nep\u0101rtrauktai darb\u012bbai. T\u0101s galvenais pielietojums ir rezerves ier\u012bc\u0113s, piem\u0113ram, signaliz\u0101cijas sist\u0113mas, nep\u0101rtrauktas gaismas vai mirgojo\u0161\u0101s ce\u013cu remontu norobe\u017eojumu spuldzes. Apgaismo\u0161anai nomet\u0146u viet\u0101s, mak\u0161\u0137er\u0113\u0161an\u0101, lauksaimniec\u012bb\u0101 un b\u016bvlaukumos.<br \/>\nPlatums 67 mm.<br \/>\nAugstums 115 mm.<br \/>\nDzi\u013cums 67 mm.<br \/>\nSvars 570 g.<\/p>","protected":false},"excerpt":{"rendered":"<p>Kompakta un jaud\u012bga baterija nep\u0101rtrauktai darb\u012bbai. T\u0101s galvenais pielietojums ir rezerves ier\u012bc\u0113s, piem\u0113ram, signaliz\u0101cijas sist\u0113mas, nep\u0101rtrauktas gaismas vai mirgojo\u0161\u0101s ce\u013cu remontu norobe\u017eojumu spuldzes. Apgaismo\u0161anai nomet\u0146u viet\u0101s, mak\u0161\u0137er\u0113\u0161an\u0101, lauksaimniec\u012bb\u0101 un b\u016bvlaukumos. Platums 67 mm. Augstums 115 mm. Dzi\u013cums 67 mm. Svars 570 g.<\/p>\n","protected":false},"featured_media":32786,"comment_status":"closed","ping_status":"closed","template":"","meta":{"inline_featured_image":false},"product_cat":[772,932],"product_tag":[],"yst_prominent_words":[],"class_list":{"0":"post-32761","1":"product","2":"type-product","3":"status-publish","4":"has-post-thumbnail","6":"product_cat-atlaides","7":"product_cat-spec-pielietojuma-baterijas","9":"first","10":"outofstock","11":"sale","12":"taxable","13":"shipping-taxable","14":"purchasable","15":"product-type-simple"},"jetpack_sharing_enabled":true,"_links":{"self":[{"href":"https:\/\/ddt.lv\/lv\/wp-json\/wp\/v2\/product\/32761"}],"collection":[{"href":"https:\/\/ddt.lv\/lv\/wp-json\/wp\/v2\/product"}],"about":[{"href":"https:\/\/ddt.lv\/lv\/wp-json\/wp\/v2\/types\/product"}],"replies":[{"embeddable":true,"href":"https:\/\/ddt.lv\/lv\/wp-json\/wp\/v2\/comments?post=32761"}],"wp:featuredmedia":[{"embeddable":true,"href":"https:\/\/ddt.lv\/lv\/wp-json\/wp\/v2\/media\/32786"}],"wp:attachment":[{"href":"https:\/\/ddt.lv\/lv\/wp-json\/wp\/v2\/media?parent=32761"}],"wp:term":[{"taxonomy":"product_cat","embeddable":true,"href":"https:\/\/ddt.lv\/lv\/wp-json\/wp\/v2\/product_cat?post=32761"},{"taxonomy":"product_tag","embeddable":true,"href":"https:\/\/ddt.lv\/lv\/wp-json\/wp\/v2\/product_tag?post=32761"},{"taxonomy":"yst_prominent_words","embeddable":true,"href":"https:\/\/ddt.lv\/lv\/wp-json\/wp\/v2\/yst_prominent_words?post=32761"}],"curies":[{"name":"wp","href":"https:\/\/api.w.org\/{rel}","templated":true}]}}