{"id":32760,"date":"2022-02-17T13:20:17","date_gmt":"2022-02-17T11:20:17","guid":{"rendered":"https:\/\/ddt.lv\/lv\/product\/56756-4-baterija-accu-aa-2400mah-r2u-varta\/"},"modified":"2026-04-13T09:52:14","modified_gmt":"2026-04-13T06:52:14","slug":"56756-4-baterija-accu-aa-2400mah-r2u-varta","status":"publish","type":"product","link":"https:\/\/ddt.lv\/lv\/product\/56756-4-baterija-accu-aa-2400mah-r2u-varta\/","title":{"rendered":"56756\/4 baterija Accu AA 2400mAh R2U VARTA 4gab"},"content":{"rendered":"<p>VARTA Recharge Accu Power kl\u0101sts ir pla\u0161\u0101kais NiMH kl\u0101sts tirg\u016b un t\u0101d\u0113j\u0101di pied\u0101v\u0101 lab\u0101ko ener\u0123ijas risin\u0101jumu, lai optim\u0101li apg\u0101d\u0101tu ar ener\u0123iju katru ikdien\u0101 lietojamo ier\u012bci. No maza ener\u0123ijas pat\u0113ri\u0146a ier\u012bc\u0113m ar vienk\u0101r\u0161\u0101m pras\u012bb\u0101m l\u012bdz augstas ener\u0123ijas pat\u0113ri\u0146a ier\u012bc\u0113m ar visaugst\u0101ko ener\u0123ijas piepras\u012bjumu. Visi VARTA Power akumulatoru izm\u0113ri un ietilp\u012bba ir &#8220;gatavi lieto\u0161anai&#8221; un pied\u0101v\u0101 \u013coti zemu pa\u0161izl\u0101des l\u012bmeni, lai apmierin\u0101tu visaugst\u0101k\u0101s pat\u0113r\u0113t\u0101ju pras\u012bbas.Tilpums AA 2400 mAh.<br \/>\nUzl\u0101d\u0113jams bez atmi\u0146as efekta.<br \/>\nLieto\u0161anai gatava tehnolo\u0123ija.<br \/>\nZema pa\u0161izl\u0101de: 75% atliku\u0161\u0101 jauda p\u0113c 12 m\u0113ne\u0161iem (pamatojoties uz iek\u0161\u0113jiem VARTA testiem.).<br \/>\nIepriek\u0161 uzl\u0101d\u0113ts, vienk\u0101r\u0161i iz\u0146emiet to no kastes un nekav\u0113joties izmantojiet.<br \/>\nSavietojams ar visiem l\u0101d\u0113t\u0101jiem.<\/p>","protected":false},"excerpt":{"rendered":"<p>VARTA Recharge Accu Power kl\u0101sts ir pla\u0161\u0101kais NiMH kl\u0101sts tirg\u016b un t\u0101d\u0113j\u0101di pied\u0101v\u0101 lab\u0101ko ener\u0123ijas risin\u0101jumu, lai optim\u0101li apg\u0101d\u0101tu ar ener\u0123iju katru ikdien\u0101 lietojamo ier\u012bci. No maza ener\u0123ijas pat\u0113ri\u0146a ier\u012bc\u0113m ar vienk\u0101r\u0161\u0101m pras\u012bb\u0101m l\u012bdz augstas ener\u0123ijas pat\u0113ri\u0146a ier\u012bc\u0113m ar visaugst\u0101ko ener\u0123ijas piepras\u012bjumu. Visi VARTA Power akumulatoru izm\u0113ri un ietilp\u012bba ir &#8220;gatavi lieto\u0161anai&#8221; un pied\u0101v\u0101 \u013coti [&hellip;]<\/p>\n","protected":false},"featured_media":33102,"comment_status":"closed","ping_status":"closed","template":"","meta":{"inline_featured_image":false},"product_cat":[441],"product_tag":[],"yst_prominent_words":[],"class_list":{"0":"post-32760","1":"product","2":"type-product","3":"status-publish","4":"has-post-thumbnail","6":"product_cat-aa","8":"first","9":"instock","10":"taxable","11":"shipping-taxable","12":"purchasable","13":"product-type-simple"},"jetpack_sharing_enabled":true,"_links":{"self":[{"href":"https:\/\/ddt.lv\/lv\/wp-json\/wp\/v2\/product\/32760"}],"collection":[{"href":"https:\/\/ddt.lv\/lv\/wp-json\/wp\/v2\/product"}],"about":[{"href":"https:\/\/ddt.lv\/lv\/wp-json\/wp\/v2\/types\/product"}],"replies":[{"embeddable":true,"href":"https:\/\/ddt.lv\/lv\/wp-json\/wp\/v2\/comments?post=32760"}],"wp:featuredmedia":[{"embeddable":true,"href":"https:\/\/ddt.lv\/lv\/wp-json\/wp\/v2\/media\/33102"}],"wp:attachment":[{"href":"https:\/\/ddt.lv\/lv\/wp-json\/wp\/v2\/media?parent=32760"}],"wp:term":[{"taxonomy":"product_cat","embeddable":true,"href":"https:\/\/ddt.lv\/lv\/wp-json\/wp\/v2\/product_cat?post=32760"},{"taxonomy":"product_tag","embeddable":true,"href":"https:\/\/ddt.lv\/lv\/wp-json\/wp\/v2\/product_tag?post=32760"},{"taxonomy":"yst_prominent_words","embeddable":true,"href":"https:\/\/ddt.lv\/lv\/wp-json\/wp\/v2\/yst_prominent_words?post=32760"}],"curies":[{"name":"wp","href":"https:\/\/api.w.org\/{rel}","templated":true}]}}