{"id":32759,"date":"2022-02-17T13:20:17","date_gmt":"2022-02-17T11:20:17","guid":{"rendered":"https:\/\/ddt.lv\/lv\/product\/57082-p-solar-1-2x56706-2100mah-ladetajs-varta\/"},"modified":"2026-04-13T09:46:34","modified_gmt":"2026-04-13T06:46:34","slug":"57082-p-solar-1-2x56706-2100mah-ladetajs-varta","status":"publish","type":"product","link":"https:\/\/ddt.lv\/lv\/product\/57082-p-solar-1-2x56706-2100mah-ladetajs-varta\/","title":{"rendered":"57082 P SOLAR 1+(2&#215;56706 \/2100mAh) L\u0101d\u0113t\u0101js VARTA"},"content":{"rendered":"<p>Augstas kvalit\u0101tes saules l\u0101d\u0113t\u0101js ar diviem saules pane\u013ciem un pla\u0161\u0101m uzl\u0101des iesp\u0113j\u0101m. Uzl\u0101d\u0113 2 tradicion\u0101l\u0101s mignon baterijas, izmantojot saules gaismu vai p\u0113c izv\u0113les, izmantojot USB no datora vai kl\u0113pjdatora. USB izejas funkcija atkal apg\u0101d\u0101 mobil\u0101s ier\u012bces, piem\u0113ram, mobilos t\u0101lru\u0146us, plaukstdatorus utt., ar jaunu ener\u0123iju. \u0160im saules ener\u0123ijas l\u0101d\u0113t\u0101jam ir nepiecie\u0161ams maz vietas, kad tas ir saloc\u012bts, un t\u0101p\u0113c tas ir ide\u0101li piem\u0113rots k\u0101 av\u0101rijas baro\u0161anas avots izmanto\u0161anai \u0101rpus telp\u0101m vai ce\u013cojot.<\/p>\n<p>    Ieklauti 2 x AA akumulatori 2100 mAh.<br \/>\n    USB-IN un USB-OUT funkcija.<br \/>\n     Ieklauti 6 Adapteri. Apgriezt\u0101s polarit\u0101tes aizsardz\u012bba.<br \/>\n    LED statusa indikators.<br \/>\n .<\/p>\n<p><\/p>","protected":false},"excerpt":{"rendered":"<p>Augstas kvalit\u0101tes saules l\u0101d\u0113t\u0101js ar diviem saules pane\u013ciem un pla\u0161\u0101m uzl\u0101des iesp\u0113j\u0101m. Uzl\u0101d\u0113 2 tradicion\u0101l\u0101s mignon baterijas, izmantojot saules gaismu vai p\u0113c izv\u0113les, izmantojot USB no datora vai kl\u0113pjdatora. USB izejas funkcija atkal apg\u0101d\u0101 mobil\u0101s ier\u012bces, piem\u0113ram, mobilos t\u0101lru\u0146us, plaukstdatorus utt., ar jaunu ener\u0123iju. \u0160im saules ener\u0123ijas l\u0101d\u0113t\u0101jam ir nepiecie\u0161ams maz vietas, kad tas ir [&hellip;]<\/p>\n","protected":false},"featured_media":32789,"comment_status":"closed","ping_status":"closed","template":"","meta":{"inline_featured_image":false},"product_cat":[772,453],"product_tag":[],"yst_prominent_words":[],"class_list":{"0":"post-32759","1":"product","2":"type-product","3":"status-publish","4":"has-post-thumbnail","6":"product_cat-atlaides","7":"product_cat-ladesanas-ierices","9":"first","10":"instock","11":"sale","12":"taxable","13":"shipping-taxable","14":"purchasable","15":"product-type-simple"},"jetpack_sharing_enabled":true,"_links":{"self":[{"href":"https:\/\/ddt.lv\/lv\/wp-json\/wp\/v2\/product\/32759"}],"collection":[{"href":"https:\/\/ddt.lv\/lv\/wp-json\/wp\/v2\/product"}],"about":[{"href":"https:\/\/ddt.lv\/lv\/wp-json\/wp\/v2\/types\/product"}],"replies":[{"embeddable":true,"href":"https:\/\/ddt.lv\/lv\/wp-json\/wp\/v2\/comments?post=32759"}],"wp:featuredmedia":[{"embeddable":true,"href":"https:\/\/ddt.lv\/lv\/wp-json\/wp\/v2\/media\/32789"}],"wp:attachment":[{"href":"https:\/\/ddt.lv\/lv\/wp-json\/wp\/v2\/media?parent=32759"}],"wp:term":[{"taxonomy":"product_cat","embeddable":true,"href":"https:\/\/ddt.lv\/lv\/wp-json\/wp\/v2\/product_cat?post=32759"},{"taxonomy":"product_tag","embeddable":true,"href":"https:\/\/ddt.lv\/lv\/wp-json\/wp\/v2\/product_tag?post=32759"},{"taxonomy":"yst_prominent_words","embeddable":true,"href":"https:\/\/ddt.lv\/lv\/wp-json\/wp\/v2\/yst_prominent_words?post=32759"}],"curies":[{"name":"wp","href":"https:\/\/api.w.org\/{rel}","templated":true}]}}