{"id":32709,"date":"2022-02-14T15:00:32","date_gmt":"2022-02-14T13:00:32","guid":{"rendered":"https:\/\/ddt.lv\/lv\/product\/pagarinatajs-4-2m-ar-zemejumu-balts-ar-parsprieguma-aizsardzibu-philips\/"},"modified":"2026-04-08T14:37:22","modified_gmt":"2026-04-08T11:37:22","slug":"pagarinatajs-4-2m-ar-zemejumu-balts-ar-parsprieguma-aizsardzibu-philips","status":"publish","type":"product","link":"https:\/\/ddt.lv\/lv\/product\/pagarinatajs-4-2m-ar-zemejumu-balts-ar-parsprieguma-aizsardzibu-philips\/","title":{"rendered":"Pagarin\u0101t\u0101js 4\/2m ar zemejumu balts ar p\u0101rsprieguma aizsardz\u012bbu EMOS"},"content":{"rendered":"<p>garums 2 m.<br \/>\nligzdu skaits 4 \u00d7 2P + PE.<br \/>\nkr\u0101sa balta.<br \/>\nnomin\u0101lais spriegums 230 V ~, 50 Hz.<br \/>\nb\u0113rnu sl\u0113dzene .<br \/>\nmaks. str\u0101vas slodze 16 A maks.<br \/>\nreakcijas laiks<\/p>","protected":false},"excerpt":{"rendered":"<p>garums 2 m. ligzdu skaits 4 \u00d7 2P + PE. kr\u0101sa balta. nomin\u0101lais spriegums 230 V ~, 50 Hz. b\u0113rnu sl\u0113dzene . maks. str\u0101vas slodze 16 A maks. reakcijas laiks<\/p>\n","protected":false},"featured_media":32712,"comment_status":"closed","ping_status":"closed","template":"","meta":{"inline_featured_image":false},"product_cat":[746],"product_tag":[],"yst_prominent_words":[],"class_list":{"0":"post-32709","1":"product","2":"type-product","3":"status-publish","4":"has-post-thumbnail","6":"product_cat-pagarinataji-pagarinataji-un-sadalitaji","8":"first","9":"instock","10":"taxable","11":"shipping-taxable","12":"purchasable","13":"product-type-simple"},"jetpack_sharing_enabled":true,"_links":{"self":[{"href":"https:\/\/ddt.lv\/lv\/wp-json\/wp\/v2\/product\/32709"}],"collection":[{"href":"https:\/\/ddt.lv\/lv\/wp-json\/wp\/v2\/product"}],"about":[{"href":"https:\/\/ddt.lv\/lv\/wp-json\/wp\/v2\/types\/product"}],"replies":[{"embeddable":true,"href":"https:\/\/ddt.lv\/lv\/wp-json\/wp\/v2\/comments?post=32709"}],"wp:featuredmedia":[{"embeddable":true,"href":"https:\/\/ddt.lv\/lv\/wp-json\/wp\/v2\/media\/32712"}],"wp:attachment":[{"href":"https:\/\/ddt.lv\/lv\/wp-json\/wp\/v2\/media?parent=32709"}],"wp:term":[{"taxonomy":"product_cat","embeddable":true,"href":"https:\/\/ddt.lv\/lv\/wp-json\/wp\/v2\/product_cat?post=32709"},{"taxonomy":"product_tag","embeddable":true,"href":"https:\/\/ddt.lv\/lv\/wp-json\/wp\/v2\/product_tag?post=32709"},{"taxonomy":"yst_prominent_words","embeddable":true,"href":"https:\/\/ddt.lv\/lv\/wp-json\/wp\/v2\/yst_prominent_words?post=32709"}],"curies":[{"name":"wp","href":"https:\/\/api.w.org\/{rel}","templated":true}]}}