{"id":32707,"date":"2022-02-14T15:00:31","date_gmt":"2022-02-14T13:00:31","guid":{"rendered":"https:\/\/ddt.lv\/lv\/product\/lukturis-1-led-lasisanai-10lm-1xaaa-ar-knagi-melns-emos\/"},"modified":"2026-04-08T14:40:35","modified_gmt":"2026-04-08T11:40:35","slug":"lukturis-1-led-lasisanai-10lm-1xaaa-ar-knagi-melns-emos","status":"publish","type":"product","link":"https:\/\/ddt.lv\/lv\/product\/lukturis-1-led-lasisanai-10lm-1xaaa-ar-knagi-melns-emos\/","title":{"rendered":"Lukturis 1 LED las\u012b\u0161anai 10lm (1xAAA) ar kna\u0123i, melns EMOS"},"content":{"rendered":"<p>baro\u0161anas avots 1 \u00d7 AAA.<br \/>\nmaksim\u0101l\u0101 gaismas pl\u016bsma 10 lm.<br \/>\nmaksim\u0101lais p\u0113csp\u012bdums 7 m.<br \/>\nplastmasas materi\u0101ls.<br \/>\napgaismojuma laiks 25-35 h.<br \/>\napgaismojuma laika deta\u013ca 1 \u00d7 LED 100% &#8211; 25 h, 1 \u00d7 LED 50% &#8211; 35 h.<br \/>\nmelna kr\u0101sa.<br \/>\ngaismas pl\u016bsma LED 100% &#8211; 10 lm, LED 50% &#8211; 6 lm.<br \/>\nbaterijas nav iek\u013cautas.<br \/>\nsvars 30 g.<br \/>\nizm\u0113rs 260 \u00d7 25 \u00d7 20 mm.<\/p>","protected":false},"excerpt":{"rendered":"<p>baro\u0161anas avots 1 \u00d7 AAA. maksim\u0101l\u0101 gaismas pl\u016bsma 10 lm. maksim\u0101lais p\u0113csp\u012bdums 7 m. plastmasas materi\u0101ls. apgaismojuma laiks 25-35 h. apgaismojuma laika deta\u013ca 1 \u00d7 LED 100% &#8211; 25 h, 1 \u00d7 LED 50% &#8211; 35 h. melna kr\u0101sa. gaismas pl\u016bsma LED 100% &#8211; 10 lm, LED 50% &#8211; 6 lm. baterijas nav iek\u013cautas. svars [&hellip;]<\/p>\n","protected":false},"featured_media":32720,"comment_status":"closed","ping_status":"closed","template":"","meta":{"inline_featured_image":false},"product_cat":[726],"product_tag":[],"yst_prominent_words":[],"class_list":{"0":"post-32707","1":"product","2":"type-product","3":"status-publish","4":"has-post-thumbnail","6":"product_cat-kabatas","8":"first","9":"instock","10":"taxable","11":"shipping-taxable","12":"purchasable","13":"product-type-simple"},"jetpack_sharing_enabled":true,"_links":{"self":[{"href":"https:\/\/ddt.lv\/lv\/wp-json\/wp\/v2\/product\/32707"}],"collection":[{"href":"https:\/\/ddt.lv\/lv\/wp-json\/wp\/v2\/product"}],"about":[{"href":"https:\/\/ddt.lv\/lv\/wp-json\/wp\/v2\/types\/product"}],"replies":[{"embeddable":true,"href":"https:\/\/ddt.lv\/lv\/wp-json\/wp\/v2\/comments?post=32707"}],"wp:featuredmedia":[{"embeddable":true,"href":"https:\/\/ddt.lv\/lv\/wp-json\/wp\/v2\/media\/32720"}],"wp:attachment":[{"href":"https:\/\/ddt.lv\/lv\/wp-json\/wp\/v2\/media?parent=32707"}],"wp:term":[{"taxonomy":"product_cat","embeddable":true,"href":"https:\/\/ddt.lv\/lv\/wp-json\/wp\/v2\/product_cat?post=32707"},{"taxonomy":"product_tag","embeddable":true,"href":"https:\/\/ddt.lv\/lv\/wp-json\/wp\/v2\/product_tag?post=32707"},{"taxonomy":"yst_prominent_words","embeddable":true,"href":"https:\/\/ddt.lv\/lv\/wp-json\/wp\/v2\/yst_prominent_words?post=32707"}],"curies":[{"name":"wp","href":"https:\/\/api.w.org\/{rel}","templated":true}]}}