{"id":32706,"date":"2022-02-14T15:00:30","date_gmt":"2022-02-14T13:00:30","guid":{"rendered":"https:\/\/ddt.lv\/lv\/product\/antena-ara-iekseja-fm-dab-vhf-uhf-lte-790mhz-230v-usb-5v-40ma\/"},"modified":"2026-04-01T00:20:39","modified_gmt":"2026-03-31T21:20:39","slug":"antena-ara-iekseja-fm-dab-vhf-uhf-lte-790mhz-230v-usb-5v-40ma","status":"publish","type":"product","link":"https:\/\/ddt.lv\/lv\/product\/antena-ara-iekseja-fm-dab-vhf-uhf-lte-790mhz-230v-usb-5v-40ma\/","title":{"rendered":"Antena \u0101ra-iek\u0161\u0113ja  FM\/DAB\/VHF\/UHF\/Lte 790MHz 230V USB 5V 40mA"},"content":{"rendered":"<p>ieteicamais uzst\u0101d\u012b\u0161anas att\u0101lums no raid\u012bt\u0101ja 0-80 km (ciemats).<br \/>\npastiprin\u0101t\u0101js ieb\u016bv\u0113ts zema trok\u0161\u0146a pastiprin\u0101t\u0101js ar atsevi\u0161\u0137u avotu.<br \/>\nFM \/ DAB \/ DVB-T \/ T2 sign\u0101la uztver\u0161ana.<br \/>\npiem\u0113rots Full HD raid\u012bjumu uztver\u0161anai .<br \/>\npiem\u0113rots uztver\u0161anai no vair\u0101kiem raid\u012bt\u0101jiem .<br \/>\nuztver\u0161anas le\u0146\u0137is 180\u00b0.<br \/>\nhorizont\u0101l\u0101 un vertik\u0101l\u0101 polariz\u0101cija.<br \/>\nLTE filtrs .<br \/>\nFM \/ VHF \/ DAB \/ UHF frekven\u010du joslas.<br \/>\nkoaksi\u0101l\u0101 kabe\u013ca garums iepakojum\u0101 5 m.<br \/>\nIEC savienojuma savienot\u0101ja tips.<br \/>\nPastiprin\u0101t\u0101js piln\u012bb\u0101 met\u0101la korpus\u0101, iztur\u012bgs pret trauc\u0113jumiem .<br \/>\nDC USB 5 V \/ 550 mA baro\u0161anas avots (iek\u013cauts).<br \/>\nfrekven\u010du diapazons 87,5\u2013230 MHz, 470\u2013790 MHz.<br \/>\npiem\u0113rots treileriem, dz\u012bvojamaj\u0101m m\u0101j\u0101m .<br \/>\nsavienot\u0101ju skaits iepakojum\u0101 2 gab.<br \/>\nbaro\u0161anas iesp\u0113ja no STB .<br \/>\nRF izejas pretest\u012bba 75 omi.<br \/>\nizm\u0113rs 110 \u00d7 60 \u00d7 190 mm.<\/p>","protected":false},"excerpt":{"rendered":"<p>ieteicamais uzst\u0101d\u012b\u0161anas att\u0101lums no raid\u012bt\u0101ja 0-80 km (ciemats). pastiprin\u0101t\u0101js ieb\u016bv\u0113ts zema trok\u0161\u0146a pastiprin\u0101t\u0101js ar atsevi\u0161\u0137u avotu. FM \/ DAB \/ DVB-T \/ T2 sign\u0101la uztver\u0161ana. piem\u0113rots Full HD raid\u012bjumu uztver\u0161anai . piem\u0113rots uztver\u0161anai no vair\u0101kiem raid\u012bt\u0101jiem . uztver\u0161anas le\u0146\u0137is 180\u00b0. horizont\u0101l\u0101 un vertik\u0101l\u0101 polariz\u0101cija. LTE filtrs . FM \/ VHF \/ DAB \/ UHF frekven\u010du [&hellip;]<\/p>\n","protected":false},"featured_media":32725,"comment_status":"closed","ping_status":"closed","template":"","meta":{"inline_featured_image":false},"product_cat":[698],"product_tag":[],"yst_prominent_words":[],"class_list":{"0":"post-32706","1":"product","2":"type-product","3":"status-publish","4":"has-post-thumbnail","6":"product_cat-istabas-antenas","8":"first","9":"outofstock","10":"taxable","11":"shipping-taxable","12":"purchasable","13":"product-type-simple"},"jetpack_sharing_enabled":true,"_links":{"self":[{"href":"https:\/\/ddt.lv\/lv\/wp-json\/wp\/v2\/product\/32706"}],"collection":[{"href":"https:\/\/ddt.lv\/lv\/wp-json\/wp\/v2\/product"}],"about":[{"href":"https:\/\/ddt.lv\/lv\/wp-json\/wp\/v2\/types\/product"}],"replies":[{"embeddable":true,"href":"https:\/\/ddt.lv\/lv\/wp-json\/wp\/v2\/comments?post=32706"}],"wp:featuredmedia":[{"embeddable":true,"href":"https:\/\/ddt.lv\/lv\/wp-json\/wp\/v2\/media\/32725"}],"wp:attachment":[{"href":"https:\/\/ddt.lv\/lv\/wp-json\/wp\/v2\/media?parent=32706"}],"wp:term":[{"taxonomy":"product_cat","embeddable":true,"href":"https:\/\/ddt.lv\/lv\/wp-json\/wp\/v2\/product_cat?post=32706"},{"taxonomy":"product_tag","embeddable":true,"href":"https:\/\/ddt.lv\/lv\/wp-json\/wp\/v2\/product_tag?post=32706"},{"taxonomy":"yst_prominent_words","embeddable":true,"href":"https:\/\/ddt.lv\/lv\/wp-json\/wp\/v2\/yst_prominent_words?post=32706"}],"curies":[{"name":"wp","href":"https:\/\/api.w.org\/{rel}","templated":true}]}}