{"id":32704,"date":"2022-02-14T15:00:29","date_gmt":"2022-02-14T13:00:29","guid":{"rendered":"https:\/\/ddt.lv\/lv\/product\/led-prozektors-parnesajams-accu-cob-3xdim-ip44-1000lm-2200mah-emos\/"},"modified":"2026-04-09T12:00:28","modified_gmt":"2026-04-09T09:00:28","slug":"led-prozektors-parnesajams-accu-cob-3xdim-ip44-1000lm-2200mah-emos","status":"publish","type":"product","link":"https:\/\/ddt.lv\/lv\/product\/led-prozektors-parnesajams-accu-cob-3xdim-ip44-1000lm-2200mah-emos\/","title":{"rendered":"LED pro\u017eektors p\u0101rn\u0113s\u0101jams ACCU COB 3xDIM IP44 1000lm 2200mAh EMOS"},"content":{"rendered":"<p>Li-Ion baro\u0161anas avots.<br \/>\nmaksim\u0101l\u0101 gaismas pl\u016bsma 1000 lm.<br \/>\nmaksim\u0101lais p\u0113csp\u012bdums 40 m.<br \/>\nuzl\u0101de .<br \/>\n\u016bdensiztur\u012bba j\u0101 (IP44).<br \/>\nmateri\u0101ls ABS plastmasa.<br \/>\napgaismojuma laiks 3-17 h.<br \/>\napgaismojuma laika deta\u013ca COB LED 100% &#8211; 3 h, COB LED 50% &#8211; 6 h, COB LED 25% &#8211; 17 h.<br \/>\nuzl\u0101des laiks 3h.<br \/>\ntriecieniztur\u012bba .<br \/>\nmelni za\u013ca kr\u0101sa.<br \/>\ngaismas pl\u016bsma COB LED 100% &#8211; 1000 lm, COB LED 50% &#8211; 500 lm, COB LED 25% &#8211; 250 lm.<br \/>\nCOB LED gaismas avots.<br \/>\np\u0113csp\u012bd\u0113\u0161anas COB LED 100% &#8211; 40 m, COB LED 50% &#8211; 30 m, COB LED 25% &#8211; 20 m.<br \/>\nakumulatora tips 2200 mAh \/ 3,7 V.<br \/>\napgaismojuma re\u017e\u012bmu skaits 3.<br \/>\nC tipa USB baro\u0161anas savienot\u0101js.<br \/>\nbaterijas iek\u013cautas.<br \/>\nLED uzl\u0101des indikators .<br \/>\npiederumi USB-C kabelis.<br \/>\n\u012bpa\u0161a \u0101tr\u0101s izsl\u0113g\u0161anas funkcija, akumulatora aizsardz\u012bbas funkcija, powerbank funkcija.<br \/>\napr\u012bkojuma magn\u0113ts, groz\u0101ms stat\u012bvs, klips.<br \/>\nizm\u0113rs 104 \u00d7 94 \u00d7 39 mm.<\/p>\n<p><\/p>","protected":false},"excerpt":{"rendered":"<p>Li-Ion baro\u0161anas avots. maksim\u0101l\u0101 gaismas pl\u016bsma 1000 lm. maksim\u0101lais p\u0113csp\u012bdums 40 m. uzl\u0101de . \u016bdensiztur\u012bba j\u0101 (IP44). materi\u0101ls ABS plastmasa. apgaismojuma laiks 3-17 h. apgaismojuma laika deta\u013ca COB LED 100% &#8211; 3 h, COB LED 50% &#8211; 6 h, COB LED 25% &#8211; 17 h. uzl\u0101des laiks 3h. triecieniztur\u012bba . melni za\u013ca kr\u0101sa. gaismas pl\u016bsma [&hellip;]<\/p>\n","protected":false},"featured_media":32729,"comment_status":"closed","ping_status":"closed","template":"","meta":{"inline_featured_image":false},"product_cat":[908],"product_tag":[],"yst_prominent_words":[],"class_list":{"0":"post-32704","1":"product","2":"type-product","3":"status-publish","4":"has-post-thumbnail","6":"product_cat-led-prozektori","8":"first","9":"instock","10":"taxable","11":"shipping-taxable","12":"purchasable","13":"product-type-simple"},"jetpack_sharing_enabled":true,"_links":{"self":[{"href":"https:\/\/ddt.lv\/lv\/wp-json\/wp\/v2\/product\/32704"}],"collection":[{"href":"https:\/\/ddt.lv\/lv\/wp-json\/wp\/v2\/product"}],"about":[{"href":"https:\/\/ddt.lv\/lv\/wp-json\/wp\/v2\/types\/product"}],"replies":[{"embeddable":true,"href":"https:\/\/ddt.lv\/lv\/wp-json\/wp\/v2\/comments?post=32704"}],"wp:featuredmedia":[{"embeddable":true,"href":"https:\/\/ddt.lv\/lv\/wp-json\/wp\/v2\/media\/32729"}],"wp:attachment":[{"href":"https:\/\/ddt.lv\/lv\/wp-json\/wp\/v2\/media?parent=32704"}],"wp:term":[{"taxonomy":"product_cat","embeddable":true,"href":"https:\/\/ddt.lv\/lv\/wp-json\/wp\/v2\/product_cat?post=32704"},{"taxonomy":"product_tag","embeddable":true,"href":"https:\/\/ddt.lv\/lv\/wp-json\/wp\/v2\/product_tag?post=32704"},{"taxonomy":"yst_prominent_words","embeddable":true,"href":"https:\/\/ddt.lv\/lv\/wp-json\/wp\/v2\/yst_prominent_words?post=32704"}],"curies":[{"name":"wp","href":"https:\/\/api.w.org\/{rel}","templated":true}]}}