{"id":32701,"date":"2022-02-14T15:00:27","date_gmt":"2022-02-14T13:00:27","guid":{"rendered":"https:\/\/ddt.lv\/lv\/product\/led-24w-2050lm-3000k-ip54-280mm-115-apals-gaismeklis-emos\/"},"modified":"2026-04-13T10:00:38","modified_gmt":"2026-04-13T07:00:38","slug":"led-24w-2050lm-3000k-ip54-280mm-115-apals-gaismeklis-emos","status":"publish","type":"product","link":"https:\/\/ddt.lv\/lv\/product\/led-24w-2050lm-3000k-ip54-280mm-115-apals-gaismeklis-emos\/","title":{"rendered":"LED 24W 2050lm 3000K IP54 280mm 115\u00b0 apa\u013c\u0161 gaismeklis EMOS"},"content":{"rendered":"<p>ap\u013ca forma.<br \/>\nvirszemes gaismek\u013ca tips.<br \/>\ngaismas kr\u0101sa silti balta.<br \/>\nelektroener\u0123ijas pat\u0113ri\u0146\u0161 24 W.<br \/>\nIP54 aizsardz\u012bba.<br \/>\nkorpusa kr\u0101sa balta.<br \/>\ngaismas pl\u016bsma 2050 lm<br \/>\n130 W spuldzes nomai\u0146a.<br \/>\nhromatisk\u0101 temperat\u016bra 3 000 K.<br \/>\nDORI s\u0113rija.<br \/>\nspriegums 220-240 V.<br \/>\nstara le\u0146\u0137is 115\u00b0.<br \/>\nLED gaismas avots.<br \/>\nkorpusa materi\u0101ls plastmasa (PC).<br \/>\nkalpo\u0161anas laiks 25 000 stundas.<br \/>\nkr\u0101su render\u0113\u0161anas indekss (CRI) Ra&gt; 80.<br \/>\ndifuzora materi\u0101ls plastmasa (PC).<br \/>\nfrekvence 50\/60 Hz.<br \/>\nstr\u0101va 180 mA.<br \/>\nizm\u0113rs diametrs 280 \u00d7 48 mm.<\/p>\n<p><\/p>","protected":false},"excerpt":{"rendered":"<p>ap\u013ca forma. virszemes gaismek\u013ca tips. gaismas kr\u0101sa silti balta. elektroener\u0123ijas pat\u0113ri\u0146\u0161 24 W. IP54 aizsardz\u012bba. korpusa kr\u0101sa balta. gaismas pl\u016bsma 2050 lm 130 W spuldzes nomai\u0146a. hromatisk\u0101 temperat\u016bra 3 000 K. DORI s\u0113rija. spriegums 220-240 V. stara le\u0146\u0137is 115\u00b0. LED gaismas avots. korpusa materi\u0101ls plastmasa (PC). kalpo\u0161anas laiks 25 000 stundas. kr\u0101su render\u0113\u0161anas indekss (CRI) [&hellip;]<\/p>\n","protected":false},"featured_media":32744,"comment_status":"closed","ping_status":"closed","template":"","meta":{"inline_featured_image":false},"product_cat":[902],"product_tag":[],"yst_prominent_words":[],"class_list":{"0":"post-32701","1":"product","2":"type-product","3":"status-publish","4":"has-post-thumbnail","6":"product_cat-led-plafona-tipa-gaismekli","8":"first","9":"outofstock","10":"taxable","11":"shipping-taxable","12":"purchasable","13":"product-type-simple"},"jetpack_sharing_enabled":true,"_links":{"self":[{"href":"https:\/\/ddt.lv\/lv\/wp-json\/wp\/v2\/product\/32701"}],"collection":[{"href":"https:\/\/ddt.lv\/lv\/wp-json\/wp\/v2\/product"}],"about":[{"href":"https:\/\/ddt.lv\/lv\/wp-json\/wp\/v2\/types\/product"}],"replies":[{"embeddable":true,"href":"https:\/\/ddt.lv\/lv\/wp-json\/wp\/v2\/comments?post=32701"}],"wp:featuredmedia":[{"embeddable":true,"href":"https:\/\/ddt.lv\/lv\/wp-json\/wp\/v2\/media\/32744"}],"wp:attachment":[{"href":"https:\/\/ddt.lv\/lv\/wp-json\/wp\/v2\/media?parent=32701"}],"wp:term":[{"taxonomy":"product_cat","embeddable":true,"href":"https:\/\/ddt.lv\/lv\/wp-json\/wp\/v2\/product_cat?post=32701"},{"taxonomy":"product_tag","embeddable":true,"href":"https:\/\/ddt.lv\/lv\/wp-json\/wp\/v2\/product_tag?post=32701"},{"taxonomy":"yst_prominent_words","embeddable":true,"href":"https:\/\/ddt.lv\/lv\/wp-json\/wp\/v2\/yst_prominent_words?post=32701"}],"curies":[{"name":"wp","href":"https:\/\/api.w.org\/{rel}","templated":true}]}}