{"id":32681,"date":"2022-02-14T13:00:19","date_gmt":"2022-02-14T11:00:19","guid":{"rendered":"https:\/\/ddt.lv\/lv\/product\/led-tubular-filament-t25-e14-4-5w-240v-470lm-2700k-spuldze-sylvania\/"},"modified":"2026-04-08T14:40:32","modified_gmt":"2026-04-08T11:40:32","slug":"led-tubular-filament-t25-e14-4-5w-240v-470lm-2700k-spuldze-sylvania","status":"publish","type":"product","link":"https:\/\/ddt.lv\/lv\/product\/led-tubular-filament-t25-e14-4-5w-240v-470lm-2700k-spuldze-sylvania\/","title":{"rendered":"LED Tubular Filament T25 E14 4.5W 240V 470lm 2700K spuldze Sylvania"},"content":{"rendered":"<p>Lieliski piem\u0113rots dekorat\u012bvam un visp\u0101r\u0113jam apgaismojumam un rada siltu gaisotni, kas ir l\u012bdz\u012bga tradicion\u0101laj\u0101m lamp\u0101m.<br \/>\nToLEDo Retro T25 lampa ir ide\u0101ls kv\u0113lspuld\u017eu tvaika nos\u016bc\u0113ja lampu aizst\u0101j\u0113js.<br \/>\nT\u0101ds pats izskats, izm\u0113rs un funkcionalit\u0101te k\u0101 kv\u0113lspuldz\u0113m.<br \/>\nDaudzvirzienu gaismas sadale.<br \/>\nNodro\u0161ina t\u0101du pa\u0161u dzirksto\u0161\u0101s gaismas efektu k\u0101 kv\u0113lspuldze.<br \/>\nIzm\u0113ri identisks kv\u0113lspuldz\u0113m &#8211; der visiem armat\u016br\u0101m.<br \/>\nVidei draudz\u012bgs \u2013 bez dz\u012bvsudraba un zem\u0101kas CO2 emisijas.<\/p>","protected":false},"excerpt":{"rendered":"<p>Lieliski piem\u0113rots dekorat\u012bvam un visp\u0101r\u0113jam apgaismojumam un rada siltu gaisotni, kas ir l\u012bdz\u012bga tradicion\u0101laj\u0101m lamp\u0101m. ToLEDo Retro T25 lampa ir ide\u0101ls kv\u0113lspuld\u017eu tvaika nos\u016bc\u0113ja lampu aizst\u0101j\u0113js. T\u0101ds pats izskats, izm\u0113rs un funkcionalit\u0101te k\u0101 kv\u0113lspuldz\u0113m. Daudzvirzienu gaismas sadale. Nodro\u0161ina t\u0101du pa\u0161u dzirksto\u0161\u0101s gaismas efektu k\u0101 kv\u0113lspuldze. Izm\u0113ri identisks kv\u0113lspuldz\u0113m &#8211; der visiem armat\u016br\u0101m. Videi draudz\u012bgs \u2013 [&hellip;]<\/p>\n","protected":false},"featured_media":32691,"comment_status":"closed","ping_status":"closed","template":"","meta":{"inline_featured_image":false},"product_cat":[925],"product_tag":[],"yst_prominent_words":[],"class_list":{"0":"post-32681","1":"product","2":"type-product","3":"status-publish","4":"has-post-thumbnail","6":"product_cat-filament-tipa-spuldzes","8":"first","9":"instock","10":"taxable","11":"shipping-taxable","12":"purchasable","13":"product-type-simple"},"jetpack_sharing_enabled":true,"_links":{"self":[{"href":"https:\/\/ddt.lv\/lv\/wp-json\/wp\/v2\/product\/32681"}],"collection":[{"href":"https:\/\/ddt.lv\/lv\/wp-json\/wp\/v2\/product"}],"about":[{"href":"https:\/\/ddt.lv\/lv\/wp-json\/wp\/v2\/types\/product"}],"replies":[{"embeddable":true,"href":"https:\/\/ddt.lv\/lv\/wp-json\/wp\/v2\/comments?post=32681"}],"wp:featuredmedia":[{"embeddable":true,"href":"https:\/\/ddt.lv\/lv\/wp-json\/wp\/v2\/media\/32691"}],"wp:attachment":[{"href":"https:\/\/ddt.lv\/lv\/wp-json\/wp\/v2\/media?parent=32681"}],"wp:term":[{"taxonomy":"product_cat","embeddable":true,"href":"https:\/\/ddt.lv\/lv\/wp-json\/wp\/v2\/product_cat?post=32681"},{"taxonomy":"product_tag","embeddable":true,"href":"https:\/\/ddt.lv\/lv\/wp-json\/wp\/v2\/product_tag?post=32681"},{"taxonomy":"yst_prominent_words","embeddable":true,"href":"https:\/\/ddt.lv\/lv\/wp-json\/wp\/v2\/yst_prominent_words?post=32681"}],"curies":[{"name":"wp","href":"https:\/\/api.w.org\/{rel}","templated":true}]}}