{"id":32680,"date":"2022-02-14T13:00:18","date_gmt":"2022-02-14T11:00:18","guid":{"rendered":"https:\/\/ddt.lv\/lv\/product\/led-ball-frosted-e27-6w-240v-806lm-2700k-spuldze-sylvania\/"},"modified":"2026-04-06T11:00:37","modified_gmt":"2026-04-06T08:00:37","slug":"led-ball-frosted-e27-6w-240v-806lm-2700k-spuldze-sylvania","status":"publish","type":"product","link":"https:\/\/ddt.lv\/lv\/product\/led-ball-frosted-e27-6w-240v-806lm-2700k-spuldze-sylvania\/","title":{"rendered":"LED BALL Frosted E27 6W 240V 806lm 2700K spuldze Sylvania"},"content":{"rendered":"<p>Lieliski piem\u0113rots dekorat\u012bvam un visp\u0101r\u0113jam apgaismojumam un rada siltu atmosf\u0113ru, kas ir l\u012bdz\u012bga tradicion\u0101laj\u0101m lamp\u0101m.<br \/>\nDaudzpus\u012bgais ToLEDo Retro lod\u012b\u0161u kl\u0101sts ir ide\u0101ls halog\u0113nu un kv\u0113lspuld\u017eu aizst\u0101j\u0113js, k\u0101 ar\u012b lieliski piem\u0113rots lust\u0101m un dekorat\u012bviem lietojumiem.<br \/>\nT\u0101ds pats izskats, izm\u0113rs un funkcionalit\u0101te k\u0101 kv\u0113lspuldz\u0113m.<br \/>\nDaudzvirzienu gaismas sadale.<br \/>\nNodro\u0161ina t\u0101du pa\u0161u dzirksto\u0161\u0101s gaismas efektu k\u0101 kv\u0113lspuldze.<br \/>\nIzm\u0113ri identisks kv\u0113lspuldz\u0113m &#8211; der visiem armat\u016br\u0101m.<br \/>\nVidei draudz\u012bgs \u2013 bez dz\u012bvsudraba .<\/p>","protected":false},"excerpt":{"rendered":"<p>Lieliski piem\u0113rots dekorat\u012bvam un visp\u0101r\u0113jam apgaismojumam un rada siltu atmosf\u0113ru, kas ir l\u012bdz\u012bga tradicion\u0101laj\u0101m lamp\u0101m. Daudzpus\u012bgais ToLEDo Retro lod\u012b\u0161u kl\u0101sts ir ide\u0101ls halog\u0113nu un kv\u0113lspuld\u017eu aizst\u0101j\u0113js, k\u0101 ar\u012b lieliski piem\u0113rots lust\u0101m un dekorat\u012bviem lietojumiem. T\u0101ds pats izskats, izm\u0113rs un funkcionalit\u0101te k\u0101 kv\u0113lspuldz\u0113m. Daudzvirzienu gaismas sadale. Nodro\u0161ina t\u0101du pa\u0161u dzirksto\u0161\u0101s gaismas efektu k\u0101 kv\u0113lspuldze. Izm\u0113ri identisks [&hellip;]<\/p>\n","protected":false},"featured_media":32695,"comment_status":"closed","ping_status":"closed","template":"","meta":{"inline_featured_image":false},"product_cat":[850],"product_tag":[],"yst_prominent_words":[],"class_list":{"0":"post-32680","1":"product","2":"type-product","3":"status-publish","4":"has-post-thumbnail","6":"product_cat-e27-spuldzes","8":"first","9":"outofstock","10":"taxable","11":"shipping-taxable","12":"purchasable","13":"product-type-simple"},"jetpack_sharing_enabled":true,"_links":{"self":[{"href":"https:\/\/ddt.lv\/lv\/wp-json\/wp\/v2\/product\/32680"}],"collection":[{"href":"https:\/\/ddt.lv\/lv\/wp-json\/wp\/v2\/product"}],"about":[{"href":"https:\/\/ddt.lv\/lv\/wp-json\/wp\/v2\/types\/product"}],"replies":[{"embeddable":true,"href":"https:\/\/ddt.lv\/lv\/wp-json\/wp\/v2\/comments?post=32680"}],"wp:featuredmedia":[{"embeddable":true,"href":"https:\/\/ddt.lv\/lv\/wp-json\/wp\/v2\/media\/32695"}],"wp:attachment":[{"href":"https:\/\/ddt.lv\/lv\/wp-json\/wp\/v2\/media?parent=32680"}],"wp:term":[{"taxonomy":"product_cat","embeddable":true,"href":"https:\/\/ddt.lv\/lv\/wp-json\/wp\/v2\/product_cat?post=32680"},{"taxonomy":"product_tag","embeddable":true,"href":"https:\/\/ddt.lv\/lv\/wp-json\/wp\/v2\/product_tag?post=32680"},{"taxonomy":"yst_prominent_words","embeddable":true,"href":"https:\/\/ddt.lv\/lv\/wp-json\/wp\/v2\/yst_prominent_words?post=32680"}],"curies":[{"name":"wp","href":"https:\/\/api.w.org\/{rel}","templated":true}]}}